{"id":592,"date":"2024-02-04T11:13:57","date_gmt":"2024-02-04T11:13:57","guid":{"rendered":"https:\/\/themeholy.com\/wordpress\/fresh\/?page_id=592"},"modified":"2024-09-12T18:22:22","modified_gmt":"2024-09-12T15:22:22","slug":"gcourdoctors","status":"publish","type":"page","link":"https:\/\/www.clinicgrand.com\/es\/gcourdoctors\/","title":{"rendered":"OurDoctors"},"content":{"rendered":"\t\t<div data-elementor-type=\"wp-page\" data-elementor-id=\"592\" class=\"elementor elementor-592\">\n\t\t\t\t\t\t<section class=\"elementor-section elementor-top-section elementor-element elementor-element-c5ef4b5 elementor-section-full_width elementor-section-height-default elementor-section-height-default\" data-id=\"c5ef4b5\" data-element_type=\"section\" data-settings=\"{&quot;background_background&quot;:&quot;classic&quot;}\">\n\t\t\t\t\t\t<div class=\"elementor-container elementor-column-gap-no\">\n\t\t\t\t\t<div class=\"elementor-column elementor-col-100 elementor-top-column elementor-element elementor-element-2245c27\" data-id=\"2245c27\" data-element_type=\"column\">\n\t\t\t<div class=\"elementor-widget-wrap elementor-element-populated\">\n\t\t\t\t\t\t<section class=\"elementor-section elementor-inner-section elementor-element elementor-element-7b79553 arrow-wrap elementor-section-boxed elementor-section-height-default elementor-section-height-default\" data-id=\"7b79553\" data-element_type=\"section\">\n\t\t\t\t\t\t<div class=\"elementor-container elementor-column-gap-no\">\n\t\t\t\t\t<div class=\"elementor-column elementor-col-100 elementor-inner-column elementor-element elementor-element-332edcd\" data-id=\"332edcd\" data-element_type=\"column\">\n\t\t\t<div class=\"elementor-widget-wrap elementor-element-populated\">\n\t\t\t\t\t\t<div class=\"elementor-element elementor-element-5e698c2 elementor-widget elementor-widget-tragasectiontitle\" data-id=\"5e698c2\" data-element_type=\"widget\" data-widget_type=\"tragasectiontitle.default\">\n\t\t\t\t<div class=\"elementor-widget-container\">\n\t\t\t<div class=\"title-area-wrap\"><div class=\"title-area\" ><div class=\"shadow-title\">Our Doctors<\/div><h2 class=\"sec-title title-selector\">See Our Skilled Expert <span class=\"text-theme\">Our Doctors<\/span><\/h2><\/div><\/div>\t\t<\/div>\n\t\t\t\t<\/div>\n\t\t\t\t<div class=\"elementor-element elementor-element-7a28822 elementor-invisible elementor-widget elementor-widget-tragateam\" data-id=\"7a28822\" data-element_type=\"widget\" data-settings=\"{&quot;_animation&quot;:&quot;fadeInDown&quot;}\" data-widget_type=\"tragateam.default\">\n\t\t\t\t<div class=\"elementor-widget-container\">\n\t\t\t<div class=\"team_1\"><div class=\"row gy-40\"><!-- Single Item --><div class=\"col-lg-3 col-md-6\"><div class=\"th-team team-card\"><div class=\"team-img\"><img decoding=\"async\" src=\"http:\/\/www.clinicgrand.com\/es\/wp-content\/uploads\/2024\/07\/Nahiddin-Tumani.png\" alt=\"Grand%20Clinic\"  \/><\/div><div class=\"team-content\"><div class=\"box-particle\" id=\"team-p1\"><\/div><div class=\"team-social\"><a  href=\"https:\/\/www.facebook.com\/grandclinicAesthetic\"><i class=\"fab fa-facebook-f\"><\/i><\/a><a  href=\"https:\/\/www.instagram.com\/grandclinicofficial\/\"><i class=\"fab fa-instagram\"><\/i><\/a><\/div><h3 class=\"box-title\"><a  href=\"https:\/\/www.clinicgrand.com\/es\/dt-nahittin-tumani\/\">Dt. Nahiddin Tumani<\/a><\/h3><span class=\"team-desig\">Dentist<\/span><\/div><\/div><\/div><!-- Single Item --><div class=\"col-lg-3 col-md-6\"><div class=\"th-team team-card\"><div class=\"team-img\"><img decoding=\"async\" src=\"http:\/\/www.clinicgrand.com\/es\/wp-content\/uploads\/2024\/07\/Onur-Ustun.png\" alt=\"Grand%20Clinic\"  \/><\/div><div class=\"team-content\"><div class=\"box-particle\" id=\"team-p2\"><\/div><div class=\"team-social\"><a  href=\"https:\/\/www.facebook.com\/grandclinicAesthetic\"><i class=\"fab fa-facebook-f\"><\/i><\/a><a  href=\"https:\/\/www.instagram.com\/grandclinicofficial\/\"><i class=\"fab fa-instagram\"><\/i><\/a><\/div><h3 class=\"box-title\"><a  href=\"https:\/\/www.clinicgrand.com\/es\/op-dr-onurustun\/\">Op.Dr. Onur \u00dcst\u00fcn<\/a><\/h3><span class=\"team-desig\">Ent Surgeron<\/span><\/div><\/div><\/div><!-- Single Item --><div class=\"col-lg-3 col-md-6\"><div class=\"th-team team-card\"><div class=\"team-img\"><img decoding=\"async\" src=\"http:\/\/www.clinicgrand.com\/es\/wp-content\/uploads\/2024\/07\/Nurettin-Uzer.png\" alt=\"Grand%20Clinic\"  \/><\/div><div class=\"team-content\"><div class=\"box-particle\" id=\"team-p3\"><\/div><div class=\"team-social\"><a  href=\"https:\/\/www.facebook.com\/grandclinicAesthetic\"><i class=\"fab fa-facebook-f\"><\/i><\/a><a  href=\"https:\/\/www.instagram.com\/grandclinicofficial\/\"><i class=\"fab fa-instagram\"><\/i><\/a><\/div><h3 class=\"box-title\"><a  href=\"https:\/\/www.clinicgrand.com\/es\/op-dr-nurettin-uzer\/\">Op.Dr. Nurettin \u00dczer<\/a><\/h3><span class=\"team-desig\">Aesthetic Plastic And Reconstructive Surgeon<\/span><\/div><\/div><\/div><!-- Single Item --><div class=\"col-lg-3 col-md-6\"><div class=\"th-team team-card\"><div class=\"team-img\"><img decoding=\"async\" src=\"http:\/\/www.clinicgrand.com\/es\/wp-content\/uploads\/2024\/07\/Ayse-Can-Ozturk.png\" alt=\"Grand%20Clinic\"  \/><\/div><div class=\"team-content\"><div class=\"box-particle\" id=\"team-p4\"><\/div><div class=\"team-social\"><a  href=\"https:\/\/www.facebook.com\/grandclinicAesthetic\"><i class=\"fab fa-facebook-f\"><\/i><\/a><a  href=\"https:\/\/www.instagram.com\/grandclinicofficial\/\"><i class=\"fab fa-instagram\"><\/i><\/a><\/div><h3 class=\"box-title\"><a  href=\"https:\/\/www.clinicgrand.com\/es\/op-dr-ayse-can-ozturk\/\">Op.Dr. Ay\u015fe \u00d6zt\u00fcrk<\/a><\/h3><span class=\"team-desig\">Aesthetic Plastic And Reconstructive Surgeon<\/span><\/div><\/div><\/div><!-- Single Item --><div class=\"col-lg-3 col-md-6\"><div class=\"th-team team-card\"><div class=\"team-img\"><img decoding=\"async\" src=\"http:\/\/www.clinicgrand.com\/es\/wp-content\/uploads\/2024\/07\/Mehmet-Ozdemir.png\" alt=\"Grand%20Clinic\"  \/><\/div><div class=\"team-content\"><div class=\"box-particle\" id=\"team-p5\"><\/div><div class=\"team-social\"><a  href=\"https:\/\/www.facebook.com\/grandclinicAesthetic\"><i class=\"fab fa-facebook-f\"><\/i><\/a><a  href=\"https:\/\/www.instagram.com\/grandclinicofficial\/\"><i class=\"fab fa-instagram\"><\/i><\/a><\/div><h3 class=\"box-title\"><a  href=\"https:\/\/www.clinicgrand.com\/es\/op-dr-mehmet-ozdemir\/\">Op.Dr. Mehmet \u00d6zdemir<\/a><\/h3><span class=\"team-desig\">Aesthetic Plastic And Reconstructive Surgeon<\/span><\/div><\/div><\/div><!-- Single Item --><div class=\"col-lg-3 col-md-6\"><div class=\"th-team team-card\"><div class=\"team-img\"><img decoding=\"async\" src=\"http:\/\/www.clinicgrand.com\/es\/wp-content\/uploads\/2024\/07\/Sadig.png\" alt=\"Grand%20Clinic\"  \/><\/div><div class=\"team-content\"><div class=\"box-particle\" id=\"team-p6\"><\/div><div class=\"team-social\"><a  href=\"https:\/\/www.facebook.com\/grandclinicAesthetic\"><i class=\"fab fa-facebook-f\"><\/i><\/a><a  href=\"https:\/\/www.instagram.com\/grandclinicofficial\/\"><i class=\"fab fa-instagram\"><\/i><\/a><\/div><h3 class=\"box-title\"><a  href=\"https:\/\/www.clinicgrand.com\/es\/op-dr-sadig-shakiliyev\/\">Op.Dr. Sad\u0131g Shak\u0131l\u0131yev<\/a><\/h3><span class=\"team-desig\">General Surgeon<\/span><\/div><\/div><\/div><!-- Single Item --><div class=\"col-lg-3 col-md-6\"><div class=\"th-team team-card\"><div class=\"team-img\"><img decoding=\"async\" src=\"http:\/\/www.clinicgrand.com\/es\/wp-content\/uploads\/2024\/07\/Isa-Sahin.png\" alt=\"Grand%20Clinic\"  \/><\/div><div class=\"team-content\"><div class=\"box-particle\" id=\"team-p7\"><\/div><div class=\"team-social\"><a  href=\"https:\/\/www.facebook.com\/grandclinicAesthetic\"><i class=\"fab fa-facebook-f\"><\/i><\/a><a  href=\"https:\/\/www.instagram.com\/grandclinicofficial\/\"><i class=\"fab fa-instagram\"><\/i><\/a><\/div><h3 class=\"box-title\"><a  href=\"\">Op.Dr. \u0130sa \u015eahin<\/a><\/h3><span class=\"team-desig\">Chest Diseases Specialist<\/span><\/div><\/div><\/div><!-- Single Item --><div class=\"col-lg-3 col-md-6\"><div class=\"th-team team-card\"><div class=\"team-img\"><img decoding=\"async\" src=\"http:\/\/www.clinicgrand.com\/es\/wp-content\/uploads\/2024\/07\/Ali-Nurhaz-Ozbaba.png\" alt=\"Grand%20Clinic\"  \/><\/div><div class=\"team-content\"><div class=\"box-particle\" id=\"team-p8\"><\/div><div class=\"team-social\"><a  href=\"https:\/\/www.facebook.com\/grandclinicAesthetic\"><i class=\"fab fa-facebook-f\"><\/i><\/a><a  href=\"https:\/\/www.instagram.com\/grandclinicofficial\/\"><i class=\"fab fa-instagram\"><\/i><\/a><\/div><h3 class=\"box-title\"><a  href=\"\">Op.Dr. Ali Nurhan \u00d6zbaba<\/a><\/h3><span class=\"team-desig\">Aesthetic Plastic And Reconstructive Surgeon<\/span><\/div><\/div><\/div><!-- Single Item --><div class=\"col-lg-3 col-md-6\"><div class=\"th-team team-card\"><div class=\"team-img\"><img decoding=\"async\" src=\"http:\/\/www.clinicgrand.com\/es\/wp-content\/uploads\/2024\/07\/Murat-Bilgin.png\" alt=\"Grand%20Clinic\"  \/><\/div><div class=\"team-content\"><div class=\"box-particle\" id=\"team-p9\"><\/div><div class=\"team-social\"><a  href=\"https:\/\/www.facebook.com\/grandclinicAesthetic\"><i class=\"fab fa-facebook-f\"><\/i><\/a><a  href=\"https:\/\/www.instagram.com\/grandclinicofficial\/\"><i class=\"fab fa-instagram\"><\/i><\/a><\/div><h3 class=\"box-title\"><a  href=\"https:\/\/www.clinicgrand.com\/es\/op-dr-muratbilgin\/\">Op.Dr. Murat Bilgin<\/a><\/h3><span class=\"team-desig\">Aesthetic Plastic And Reconstructive Surgeon<\/span><\/div><\/div><\/div><!-- Single Item --><div class=\"col-lg-3 col-md-6\"><div class=\"th-team team-card\"><div class=\"team-img\"><img decoding=\"async\" src=\"http:\/\/www.clinicgrand.com\/es\/wp-content\/uploads\/2024\/09\/Blue-Modern-Doctor-Youtube-Thumbnail-4.png\" alt=\"Grand%20Clinic\"  \/><\/div><div class=\"team-content\"><div class=\"box-particle\" id=\"team-p10\"><\/div><div class=\"team-social\"><a  href=\"https:\/\/www.facebook.com\/grandclinicAesthetic\"><i class=\"fab fa-facebook-f\"><\/i><\/a><a  href=\"https:\/\/www.instagram.com\/grandclinicofficial\/\"><i class=\"fab fa-instagram\"><\/i><\/a><\/div><h3 class=\"box-title\"><a  href=\"https:\/\/www.clinicgrand.com\/es\/op-dr-muratbilgin\/\">Op.Dr. \u0130lker \u00c7i\u00e7ek<\/a><\/h3><span class=\"team-desig\">Aesthetic Plastic And Reconstructive Surgeon<\/span><\/div><\/div><\/div><\/div><\/div>\t\t<\/div>\n\t\t\t\t<\/div>\n\t\t\t\t\t<\/div>\n\t\t<\/div>\n\t\t\t\t\t<\/div>\n\t\t<\/section>\n\t\t\t\t\t<\/div>\n\t\t<\/div>\n\t\t\t\t\t<\/div>\n\t\t<\/section>\n\t\t\t\t<\/div>\n\t\t","protected":false},"excerpt":{"rendered":"<p>Our Doctors See Our Skilled Expert Our Doctors Dt. Nahiddin Tumani Dentist Op.Dr. Onur \u00dcst\u00fcn Ent Surgeron Op.Dr. Nurettin \u00dczer Aesthetic Plastic And Reconstructive Surgeon Op.Dr. Ay\u015fe \u00d6zt\u00fcrk Aesthetic Plastic And Reconstructive Surgeon Op.Dr. Mehmet \u00d6zdemir Aesthetic Plastic And Reconstructive Surgeon Op.Dr. Sad\u0131g Shak\u0131l\u0131yev General Surgeon Op.Dr. \u0130sa \u015eahin Chest Diseases Specialist Op.Dr. Ali Nurhan&#8230;<\/p>\n","protected":false},"author":1,"featured_media":0,"parent":0,"menu_order":0,"comment_status":"closed","ping_status":"closed","template":"template-builder.php","meta":{"_siteseo_robots_primary_cat":"","_uag_custom_page_level_css":"","_monsterinsights_skip_tracking":false,"_monsterinsights_sitenote_active":false,"_monsterinsights_sitenote_note":"","_monsterinsights_sitenote_category":0,"footnotes":""},"class_list":["post-592","page","type-page","status-publish","hentry"],"aioseo_notices":[],"uagb_featured_image_src":{"full":false,"thumbnail":false,"medium":false,"medium_large":false,"large":false,"nd_cc_image_size_1110_570":false,"nd_cc_image_size_720_720":false,"webteck_80X80":false,"webteck_391X250":false,"webteck_140X140":false,"1536x1536":false,"2048x2048":false,"webteck-shop-single":false,"webteck-shop-single-small-image":false,"woocommerce_thumbnail":false,"woocommerce_single":false,"woocommerce_gallery_thumbnail":false,"wpvr_mobile":false,"woosq":false},"uagb_author_info":{"display_name":"grandadmin","author_link":"https:\/\/www.clinicgrand.com\/es\/author\/grandadmin\/"},"uagb_comment_info":0,"uagb_excerpt":"Our Doctors See Our Skilled Expert Our Doctors Dt. Nahiddin Tumani Dentist Op.Dr. Onur \u00dcst\u00fcn Ent Surgeron Op.Dr. Nurettin \u00dczer Aesthetic Plastic And Reconstructive Surgeon Op.Dr. Ay\u015fe \u00d6zt\u00fcrk Aesthetic Plastic And Reconstructive Surgeon Op.Dr. Mehmet \u00d6zdemir Aesthetic Plastic And Reconstructive Surgeon Op.Dr. Sad\u0131g Shak\u0131l\u0131yev General Surgeon Op.Dr. \u0130sa \u015eahin Chest Diseases Specialist Op.Dr. Ali Nurhan...","_links":{"self":[{"href":"https:\/\/www.clinicgrand.com\/es\/wp-json\/wp\/v2\/pages\/592","targetHints":{"allow":["GET"]}}],"collection":[{"href":"https:\/\/www.clinicgrand.com\/es\/wp-json\/wp\/v2\/pages"}],"about":[{"href":"https:\/\/www.clinicgrand.com\/es\/wp-json\/wp\/v2\/types\/page"}],"author":[{"embeddable":true,"href":"https:\/\/www.clinicgrand.com\/es\/wp-json\/wp\/v2\/users\/1"}],"replies":[{"embeddable":true,"href":"https:\/\/www.clinicgrand.com\/es\/wp-json\/wp\/v2\/comments?post=592"}],"version-history":[{"count":0,"href":"https:\/\/www.clinicgrand.com\/es\/wp-json\/wp\/v2\/pages\/592\/revisions"}],"wp:attachment":[{"href":"https:\/\/www.clinicgrand.com\/es\/wp-json\/wp\/v2\/media?parent=592"}],"curies":[{"name":"wp","href":"https:\/\/api.w.org\/{rel}","templated":true}]}}