{"id":5035,"date":"2024-06-30T17:12:20","date_gmt":"2024-06-30T14:12:20","guid":{"rendered":"https:\/\/www.clinicgrand.com\/es\/?page_id=5035"},"modified":"2024-10-10T15:55:38","modified_gmt":"2024-10-10T12:55:38","slug":"dimple-aesthetics","status":"publish","type":"page","link":"https:\/\/www.clinicgrand.com\/es\/dimple-aesthetics\/","title":{"rendered":"Dimple Aesthetics"},"content":{"rendered":"\t\t<div data-elementor-type=\"wp-page\" data-elementor-id=\"5035\" class=\"elementor elementor-5035\">\n\t\t\t\t\t\t<section class=\"elementor-section elementor-top-section elementor-element elementor-element-95471a6 elementor-section-full_width elementor-section-height-default elementor-section-height-default\" data-id=\"95471a6\" data-element_type=\"section\" data-settings=\"{&quot;background_background&quot;:&quot;classic&quot;}\">\n\t\t\t\t\t\t\t<div class=\"elementor-background-overlay\"><\/div>\n\t\t\t\t\t\t\t<div class=\"elementor-container elementor-column-gap-default\">\n\t\t\t\t\t<div class=\"elementor-column elementor-col-100 elementor-top-column elementor-element elementor-element-d5901f2\" data-id=\"d5901f2\" data-element_type=\"column\">\n\t\t\t<div class=\"elementor-widget-wrap elementor-element-populated\">\n\t\t\t\t\t\t<div class=\"elementor-element elementor-element-8540318 elementor-widget__width-initial elementor-widget elementor-widget-tragagroupimage\" data-id=\"8540318\" data-element_type=\"widget\" data-widget_type=\"tragagroupimage.default\">\n\t\t\t\t<div class=\"elementor-widget-container\">\n\t\t\t<div class=\"img-box3\"><div class=\"img1\"><img decoding=\"async\" src=\"http:\/\/www.clinicgrand.com\/es\/wp-content\/uploads\/2024\/06\/Yuz-Cerrahi.jpg\" alt=\"Grand%20Clinic\"  \/><\/div><\/div>\t\t<\/div>\n\t\t\t\t<\/div>\n\t\t\t\t<section class=\"elementor-section elementor-inner-section elementor-element elementor-element-161cf28 elementor-section-boxed elementor-section-height-default elementor-section-height-default\" data-id=\"161cf28\" data-element_type=\"section\">\n\t\t\t\t\t\t<div class=\"elementor-container elementor-column-gap-no\">\n\t\t\t\t\t<div class=\"elementor-column elementor-col-100 elementor-inner-column elementor-element elementor-element-3969df5\" data-id=\"3969df5\" data-element_type=\"column\">\n\t\t\t<div class=\"elementor-widget-wrap elementor-element-populated\">\n\t\t\t\t\t\t<div class=\"elementor-element elementor-element-80b7fb5 elementor-widget elementor-widget-tragasectiontitle\" data-id=\"80b7fb5\" data-element_type=\"widget\" data-widget_type=\"tragasectiontitle.default\">\n\t\t\t\t<div class=\"elementor-widget-container\">\n\t\t\t<div class=\"title-area-wrap\"><div class=\"title-area\" ><div class=\"shadow-title\">Dimple Aesthetics<\/div><h2 class=\"sec-title title-selector\"> <span class=\"text-theme fw-normal\"><\/span>\n<\/h2><\/div><\/div>\t\t<\/div>\n\t\t\t\t<\/div>\n\t\t\t\t<div class=\"elementor-element elementor-element-9458a25 elementor-widget elementor-widget-text-editor\" data-id=\"9458a25\" data-element_type=\"widget\" data-widget_type=\"text-editor.default\">\n\t\t\t\t<div class=\"elementor-widget-container\">\n\t\t\t\t\t\t\t&nbsp;\n<h5 id=\"sub-content-5\">Wie wird das Venus- und Taillengr\u00fcbchen im H\u00fcftbereich gemacht?<\/h5>\nDas Venus- und Taillengr\u00fcbchen ist ein \u00e4sthetischer Eingriff, der allgemein von Personen bevorzugt wird, die eine \u00e4sthetischere und nat\u00fcrlichere Kurve im H\u00fcftbereich w\u00fcnschen. Dieser Eingriff, der normalerweise beidseitig entsprechend den W\u00fcnschen der Person durchgef\u00fchrt wird, zielt darauf ab, dem H\u00fcftbereich ein \u00e4sthetischeres Aussehen zu verleihen. Es wird eine Lokalan\u00e4sthesie angewendet. Bei diesem Verfahren wird das subkutane Fettgewebe der Person ausged\u00fcnnt und hier ein Gr\u00fcbchenaussehen geschaffen. Die Operation wird innerhalb von 20 Minuten abgeschlossen, eine angenehme Kurve im Taillenbereich wird erreicht.\n<h5 id=\"sub-content-6\">Ist es m\u00f6glich, die Gr\u00fcbchen\u00e4sthetik r\u00fcckg\u00e4ngig zu machen?<\/h5>\nNach der Durchf\u00fchrung von Gr\u00fcbchen\u00e4sthetik im Mund-, Taillen- und H\u00fcftbereich besteht die M\u00f6glichkeit, zum alten Aussehen zur\u00fcckzukehren. Obwohl Patienten normalerweise entschlossen sind, sich der Operation zu unterziehen, kommt es manchmal vor, dass sie sich an das neue Gr\u00fcbchenaussehen nicht gew\u00f6hnen oder sich in dieser Form nicht m\u00f6gen. In solchen F\u00e4llen werden R\u00fcckg\u00e4ngig-Optionen der Gr\u00fcbchen\u00e4sthetik angeboten.\n<h5 id=\"sub-content-7\">Ist Gr\u00fcbchen\u00e4sthetik dauerhaft?<\/h5>\nJa. Die Gr\u00fcbchen\u00e4sthetik ist dauerhaft, es sei denn, Sie m\u00f6chten zu Ihrem alten Aussehen zur\u00fcckkehren.\n<h5 id=\"sub-content-8\">Worauf sollte man vor der Gr\u00fcbchen\u00e4sthetik achten?<\/h5>\n<ul>\n \t<li>Stellen Sie vor der Durchf\u00fchrung der Gr\u00fcbchen\u00e4sthetik sicher, dass der Eingriff unter der Aufsicht eines Facharztes und in einem vertrauensw\u00fcrdigen Krankenhaus durchgef\u00fchrt wird.<\/li>\n \t<li>Informieren Sie Ihren Arzt \u00fcber alle Ihre Gesundheitsinformationen, wie z. B. chronische Krankheiten, fr\u00fchere Erkrankungen, genetische Krankheiten und dauerhaft eingenommene Medikamente.<\/li>\n \t<li>Sagen Sie Ihrem Arzt genau, was Sie m\u00f6chten, und fragen Sie, welches Ergebnis Sie erwarten k\u00f6nnen.<\/li>\n<\/ul>\n<h5 id=\"sub-content-9\">Worauf sollte man nach der Gr\u00fcbchen\u00e4sthetik achten?<\/h5>\n<ul>\n \t<li>Nach der Gr\u00fcbchen\u00e4sthetik k\u00f6nnen leichte Schwellungen und Bluterg\u00fcsse auftreten, dies ist ein sehr nat\u00fcrlicher Prozess.<\/li>\n \t<li>Nach der Operation sollte darauf geachtet werden, diesen Bereich nicht zu sto\u00dfen.<\/li>\n \t<li>Hygienema\u00dfnahmen sollten beachtet werden, um Infektionen zu vermeiden.<\/li>\n \t<li>Die vom Arzt verschriebenen Medikamente sollten regelm\u00e4\u00dfig eingenommen werden.<\/li>\n \t<li>Nach der Operation sollten fl\u00fcssige und weiche Lebensmittel zu sich genommen werden.<\/li>\n<\/ul>\n\t\t\t\t\t\t<\/div>\n\t\t\t\t<\/div>\n\t\t\t\t<div class=\"elementor-element elementor-element-8a13893 elementor-widget elementor-widget-tragagroupbutton\" data-id=\"8a13893\" data-element_type=\"widget\" data-widget_type=\"tragagroupbutton.default\">\n\t\t\t\t<div class=\"elementor-widget-container\">\n\t\t\t<div  class=\"btn-group justify-content-left\"><a href=\"https:\/\/b24-le4xzc.bitrix24.site\/\" class=\"th-btn\">F\u00fcll das Formular aus<i class=\"far fa-arrow-right ms-2\"><\/i><\/a><div class=\"call-btn\"><div class=\"play-btn\"><i class=\"fas fa-phone\"><\/i><\/div><div class=\"media-body\"><span class=\"btn-text\">Ruf uns an unter:<\/span><a href=\"tel:+905316464763\" class=\"btn-title\">+90 531 646 47 63<\/a><\/div><\/div><\/div>\t\t<\/div>\n\t\t\t\t<\/div>\n\t\t\t\t\t<\/div>\n\t\t<\/div>\n\t\t\t\t\t<\/div>\n\t\t<\/section>\n\t\t\t\t\t<\/div>\n\t\t<\/div>\n\t\t\t\t\t<\/div>\n\t\t<\/section>\n\t\t\t\t<section class=\"elementor-section elementor-top-section elementor-element elementor-element-3ed9713 elementor-section-boxed elementor-section-height-default elementor-section-height-default\" data-id=\"3ed9713\" data-element_type=\"section\">\n\t\t\t\t\t\t<div class=\"elementor-container elementor-column-gap-no\">\n\t\t\t\t\t<div class=\"elementor-column elementor-col-100 elementor-top-column elementor-element elementor-element-5093006\" data-id=\"5093006\" data-element_type=\"column\">\n\t\t\t<div class=\"elementor-widget-wrap elementor-element-populated\">\n\t\t\t\t\t\t<div class=\"elementor-element elementor-element-e3093f1 elementor-widget elementor-widget-tragasectiontitle\" data-id=\"e3093f1\" data-element_type=\"widget\" data-widget_type=\"tragasectiontitle.default\">\n\t\t\t\t<div class=\"elementor-widget-container\">\n\t\t\t<div class=\"title-area-wrap\"><div class=\"title-area mb-35\" ><div class=\"shadow-title\">H\u00e4ufig gestellte Fragen<\/div><h2 class=\"sec-title title-selector\">H\u00e4ufige Fragen <b>Fragen<\/b><\/h2><\/div><p class=\"desc-selector mt-n2 mb-4\">* For informational purposes only, be sure to consult your doctor for diagnosis and treatment.<\/p><\/div>\t\t<\/div>\n\t\t\t\t<\/div>\n\t\t\t\t\t<\/div>\n\t\t<\/div>\n\t\t\t\t\t<\/div>\n\t\t<\/section>\n\t\t\t\t<\/div>\n\t\t","protected":false},"excerpt":{"rendered":"<p>Dimple Aesthetics &nbsp; Wie wird das Venus- und Taillengr\u00fcbchen im H\u00fcftbereich gemacht? Das Venus- und Taillengr\u00fcbchen ist ein \u00e4sthetischer Eingriff, der allgemein von Personen bevorzugt wird, die eine \u00e4sthetischere und nat\u00fcrlichere Kurve im H\u00fcftbereich w\u00fcnschen. Dieser Eingriff, der normalerweise beidseitig entsprechend den W\u00fcnschen der Person durchgef\u00fchrt wird, zielt darauf ab, dem H\u00fcftbereich ein \u00e4sthetischeres Aussehen&#8230;<\/p>\n","protected":false},"author":1,"featured_media":0,"parent":0,"menu_order":0,"comment_status":"closed","ping_status":"closed","template":"","meta":{"_siteseo_robots_primary_cat":"","_uag_custom_page_level_css":"","_monsterinsights_skip_tracking":false,"_monsterinsights_sitenote_active":false,"_monsterinsights_sitenote_note":"","_monsterinsights_sitenote_category":0,"footnotes":""},"class_list":["post-5035","page","type-page","status-publish","hentry"],"aioseo_notices":[],"uagb_featured_image_src":{"full":false,"thumbnail":false,"medium":false,"medium_large":false,"large":false,"nd_cc_image_size_1110_570":false,"nd_cc_image_size_720_720":false,"webteck_80X80":false,"webteck_391X250":false,"webteck_140X140":false,"1536x1536":false,"2048x2048":false,"webteck-shop-single":false,"webteck-shop-single-small-image":false,"woocommerce_thumbnail":false,"woocommerce_single":false,"woocommerce_gallery_thumbnail":false,"wpvr_mobile":false,"woosq":false},"uagb_author_info":{"display_name":"grandadmin","author_link":"https:\/\/www.clinicgrand.com\/es\/author\/grandadmin\/"},"uagb_comment_info":0,"uagb_excerpt":"Dimple Aesthetics &nbsp; Wie wird das Venus- und Taillengr\u00fcbchen im H\u00fcftbereich gemacht? Das Venus- und Taillengr\u00fcbchen ist ein \u00e4sthetischer Eingriff, der allgemein von Personen bevorzugt wird, die eine \u00e4sthetischere und nat\u00fcrlichere Kurve im H\u00fcftbereich w\u00fcnschen. Dieser Eingriff, der normalerweise beidseitig entsprechend den W\u00fcnschen der Person durchgef\u00fchrt wird, zielt darauf ab, dem H\u00fcftbereich ein \u00e4sthetischeres Aussehen...","_links":{"self":[{"href":"https:\/\/www.clinicgrand.com\/es\/wp-json\/wp\/v2\/pages\/5035","targetHints":{"allow":["GET"]}}],"collection":[{"href":"https:\/\/www.clinicgrand.com\/es\/wp-json\/wp\/v2\/pages"}],"about":[{"href":"https:\/\/www.clinicgrand.com\/es\/wp-json\/wp\/v2\/types\/page"}],"author":[{"embeddable":true,"href":"https:\/\/www.clinicgrand.com\/es\/wp-json\/wp\/v2\/users\/1"}],"replies":[{"embeddable":true,"href":"https:\/\/www.clinicgrand.com\/es\/wp-json\/wp\/v2\/comments?post=5035"}],"version-history":[{"count":0,"href":"https:\/\/www.clinicgrand.com\/es\/wp-json\/wp\/v2\/pages\/5035\/revisions"}],"wp:attachment":[{"href":"https:\/\/www.clinicgrand.com\/es\/wp-json\/wp\/v2\/media?parent=5035"}],"curies":[{"name":"wp","href":"https:\/\/api.w.org\/{rel}","templated":true}]}}