{"id":4845,"date":"2024-06-28T11:13:16","date_gmt":"2024-06-28T08:13:16","guid":{"rendered":"https:\/\/www.clinicgrand.com\/es\/?page_id=4845"},"modified":"2024-10-09T11:18:22","modified_gmt":"2024-10-09T08:18:22","slug":"bruststraffung","status":"publish","type":"page","link":"https:\/\/www.clinicgrand.com\/es\/bruststraffung\/","title":{"rendered":"Bruststraffung"},"content":{"rendered":"\t\t<div data-elementor-type=\"wp-page\" data-elementor-id=\"4845\" class=\"elementor elementor-4845\">\n\t\t\t\t\t\t<section class=\"elementor-section elementor-top-section elementor-element elementor-element-f1eed12 elementor-section-full_width elementor-section-height-default elementor-section-height-default\" data-id=\"f1eed12\" data-element_type=\"section\" data-settings=\"{&quot;background_background&quot;:&quot;classic&quot;}\">\n\t\t\t\t\t\t\t<div class=\"elementor-background-overlay\"><\/div>\n\t\t\t\t\t\t\t<div class=\"elementor-container elementor-column-gap-default\">\n\t\t\t\t\t<div class=\"elementor-column elementor-col-100 elementor-top-column elementor-element elementor-element-7504297\" data-id=\"7504297\" data-element_type=\"column\">\n\t\t\t<div class=\"elementor-widget-wrap elementor-element-populated\">\n\t\t\t\t\t\t<div class=\"elementor-element elementor-element-ec54aed elementor-widget__width-initial elementor-widget elementor-widget-tragagroupimage\" data-id=\"ec54aed\" data-element_type=\"widget\" data-widget_type=\"tragagroupimage.default\">\n\t\t\t\t<div class=\"elementor-widget-container\">\n\t\t\t<div class=\"img-box3\"><div class=\"img1\"><img decoding=\"async\" src=\"http:\/\/www.clinicgrand.com\/es\/wp-content\/uploads\/2024\/06\/Meme-Diklestirme.jpg\" alt=\"Grand%20Clinic\"  \/><\/div><\/div>\t\t<\/div>\n\t\t\t\t<\/div>\n\t\t\t\t<section class=\"elementor-section elementor-inner-section elementor-element elementor-element-bee8c04 elementor-section-boxed elementor-section-height-default elementor-section-height-default\" data-id=\"bee8c04\" data-element_type=\"section\">\n\t\t\t\t\t\t<div class=\"elementor-container elementor-column-gap-no\">\n\t\t\t\t\t<div class=\"elementor-column elementor-col-100 elementor-inner-column elementor-element elementor-element-9ff47b9\" data-id=\"9ff47b9\" data-element_type=\"column\">\n\t\t\t<div class=\"elementor-widget-wrap elementor-element-populated\">\n\t\t\t\t\t\t<div class=\"elementor-element elementor-element-2d770c1 elementor-widget elementor-widget-tragasectiontitle\" data-id=\"2d770c1\" data-element_type=\"widget\" data-widget_type=\"tragasectiontitle.default\">\n\t\t\t\t<div class=\"elementor-widget-container\">\n\t\t\t<div class=\"title-area-wrap\"><div class=\"title-area\" ><div class=\"shadow-title\">Breast Lift<\/div><h2 class=\"sec-title title-selector\"> <span class=\"text-theme fw-normal\"><\/span>\n<\/h2><\/div><\/div>\t\t<\/div>\n\t\t\t\t<\/div>\n\t\t\t\t<div class=\"elementor-element elementor-element-8e37a67 elementor-widget elementor-widget-text-editor\" data-id=\"8e37a67\" data-element_type=\"widget\" data-widget_type=\"text-editor.default\">\n\t\t\t\t<div class=\"elementor-widget-container\">\n\t\t\t\t\t\t\t<h5 id=\"sub-content-1\">Was ist eine Bruststraffung?<\/h5>\nDie Bruststraffung ist ein chirurgischer Eingriff, der in der Regel durchgef\u00fchrt wird, um \u00e4sthetische Probleme zu korrigieren, die durch erschlafftes Brustgewebe verursacht werden. Diese Operation formt und hebt die Brust an. Bei Bedarf kann sie mit zus\u00e4tzlichen Verfahren wie einer Brustvergr\u00f6\u00dferung oder -verkleinerung kombiniert werden.\n\n<h5 id=\"sub-content-2\">Wie wird die Bruststraffung durchgef\u00fchrt?<\/h5>\nDie Bruststraffung wird in der Regel unter Anwendung verschiedener vom Chirurgen festgelegter Techniken durchgef\u00fchrt. Diese Techniken k\u00f6nnen das Anheben des Brustgewebes, das Entfernen \u00fcbersch\u00fcssiger Haut, das Formen des Brustgewebes und gegebenenfalls das Einsetzen einer Prothese umfassen.\n\n<h5 id=\"sub-content-3\">Gr\u00fcnde f\u00fcr eine Bruststraffung<\/h5>\n<ul>\n \t<li>Brusterschlaffung<\/li>\n \t<li>Brustdeformit\u00e4ten nach Schwangerschaft und Stillzeit<\/li>\n \t<li>Nat\u00fcrlicher Verlust der Brustform durch genetische Faktoren<\/li>\n \t<li>Brusterschlaffung durch Alterung<\/li>\n<\/ul>\n\n<h5 id=\"sub-content-4\">Wer kann eine Bruststraffung durchf\u00fchren lassen?<\/h5>\nEine Bruststraffung wird bei Patientinnen durchgef\u00fchrt, die an Brusterschlaffung leiden und sich daran st\u00f6ren. In der Regel sind Personen, deren Br\u00fcste aufgrund von Schwangerschaft, Stillzeit, Alterung oder genetischen Faktoren erschlafft sind, geeignete Kandidaten f\u00fcr diese Operation.\n\n<h5 id=\"sub-content-5\">In welchem Alter wird eine Bruststraffung durchgef\u00fchrt?<\/h5>\nEine Bruststraffung kann in der Regel bei Personen \u00fcber 18 Jahren und nach Abschluss der Brustentwicklung durchgef\u00fchrt werden. Das Alter f\u00fcr die Operation kann jedoch je nach spezifischem Zustand und den Bed\u00fcrfnissen des Patienten variieren.\n\n<h5 id=\"sub-content-6\">Wie viele Tage dauert eine Bruststraffung?<\/h5>\nDie Bruststraffung dauert ungef\u00e4hr 1 Stunde. Nach der Operation bleiben Sie 1 Tag zur Beobachtung im Krankenhaus und werden dann entlassen. Innerhalb von durchschnittlich 4-7 Tagen k\u00f6nnen Sie wieder in Ihren normalen Alltag zur\u00fcckkehren.\n\n<h5 id=\"sub-content-7\">Was ist vor der Bruststraffung zu beachten?<\/h5>\n<ul>\n \t<li>Sie sollten mindestens 6 Stunden vor der Operation nichts essen oder trinken.<\/li>\n \t<li>Vor der Operation sollten Sie Ihren Arzt \u00fcber alle Ihre Gesundheitsinformationen informieren, wie z. B. chronische Krankheiten, Krankheiten, die Sie hatten, genetische Krankheiten und kontinuierlich eingenommene Medikamente.<\/li>\n \t<li>Rauchen sollte vermieden oder reduziert werden, da Nikotin den Heilungsprozess verlangsamt.<\/li>\n \t<li>Aspirin oder \u00e4hnliche Blutverd\u00fcnner sollten 1 Woche vor der Operation auf \u00e4rztlichen Rat abgesetzt werden.<\/li>\n<\/ul>\n\n<h5 id=\"sub-content-8\">Was ist nach der Bruststraffung zu beachten?<\/h5>\n<ul>\n \t<li>Die vom Arzt verschriebenen Antibiotika sollten regelm\u00e4\u00dfig eingenommen werden.<\/li>\n \t<li>Nach der Operation m\u00fcssen Sie sich 1-2 Wochen zu Hause ausruhen.<\/li>\n \t<li>Rauchen sollte vermieden oder reduziert werden, da Nikotin den Heilungsprozess verlangsamt.<\/li>\n \t<li>Sie k\u00f6nnen 1 Woche nach der Operation ein warmes Bad nehmen und mit dem speziellen BH, der Ihnen empfohlen wurde, in Ihren Alltag zur\u00fcckkehren.<\/li>\n \t<li>Schwere Sportarten und Aktivit\u00e4ten sollten in den ersten 2 Monaten vermieden werden.<\/li>\n \t<li>In den ersten Tagen nach der Bruststraffung m\u00fcssen Sie m\u00f6glicherweise auf dem R\u00fccken liegen.<\/li>\n<\/ul>\n\t\t\t\t\t\t<\/div>\n\t\t\t\t<\/div>\n\t\t\t\t<div class=\"elementor-element elementor-element-9684186 elementor-widget elementor-widget-tragagroupbutton\" data-id=\"9684186\" data-element_type=\"widget\" data-widget_type=\"tragagroupbutton.default\">\n\t\t\t\t<div class=\"elementor-widget-container\">\n\t\t\t<div  class=\"btn-group justify-content-left\"><a href=\"https:\/\/b24-le4xzc.bitrix24.site\/\" class=\"th-btn\">FIll The Form<i class=\"far fa-arrow-right ms-2\"><\/i><\/a><div class=\"call-btn\"><div class=\"play-btn\"><i class=\"fas fa-phone\"><\/i><\/div><div class=\"media-body\"><span class=\"btn-text\">Call Us On:<\/span><a href=\"tel:+905316464763\" class=\"btn-title\">+90 531 646 47 63<\/a><\/div><\/div><\/div>\t\t<\/div>\n\t\t\t\t<\/div>\n\t\t\t\t\t<\/div>\n\t\t<\/div>\n\t\t\t\t\t<\/div>\n\t\t<\/section>\n\t\t\t\t\t<\/div>\n\t\t<\/div>\n\t\t\t\t\t<\/div>\n\t\t<\/section>\n\t\t\t\t<section class=\"elementor-section elementor-top-section elementor-element elementor-element-bb57310 elementor-section-boxed elementor-section-height-default elementor-section-height-default\" data-id=\"bb57310\" data-element_type=\"section\">\n\t\t\t\t\t\t<div class=\"elementor-container elementor-column-gap-no\">\n\t\t\t\t\t<div class=\"elementor-column elementor-col-100 elementor-top-column elementor-element elementor-element-3e6c2af\" data-id=\"3e6c2af\" data-element_type=\"column\">\n\t\t\t<div class=\"elementor-widget-wrap elementor-element-populated\">\n\t\t\t\t\t\t<div class=\"elementor-element elementor-element-b695c46 elementor-widget elementor-widget-tragasectiontitle\" data-id=\"b695c46\" data-element_type=\"widget\" data-widget_type=\"tragasectiontitle.default\">\n\t\t\t\t<div class=\"elementor-widget-container\">\n\t\t\t<div class=\"title-area-wrap\"><div class=\"title-area mb-35\" ><div class=\"shadow-title\">Frequently Asked Questions<\/div><h2 class=\"sec-title title-selector\">Frequently Asked <b>Questions<\/b><\/h2><\/div><p class=\"desc-selector mt-n2 mb-4\">* For informational purposes only, be sure to consult your doctor for diagnosis and treatment.<\/p><\/div>\t\t<\/div>\n\t\t\t\t<\/div>\n\t\t\t\t\t<\/div>\n\t\t<\/div>\n\t\t\t\t\t<\/div>\n\t\t<\/section>\n\t\t\t\t<\/div>\n\t\t","protected":false},"excerpt":{"rendered":"<p>Breast Lift Was ist eine Bruststraffung? Die Bruststraffung ist ein chirurgischer Eingriff, der in der Regel durchgef\u00fchrt wird, um \u00e4sthetische Probleme zu korrigieren, die durch erschlafftes Brustgewebe verursacht werden. Diese Operation formt und hebt die Brust an. Bei Bedarf kann sie mit zus\u00e4tzlichen Verfahren wie einer Brustvergr\u00f6\u00dferung oder -verkleinerung kombiniert werden. Wie wird die Bruststraffung&#8230;<\/p>\n","protected":false},"author":1,"featured_media":0,"parent":0,"menu_order":0,"comment_status":"closed","ping_status":"closed","template":"","meta":{"_siteseo_robots_primary_cat":"","_uag_custom_page_level_css":"","_monsterinsights_skip_tracking":false,"_monsterinsights_sitenote_active":false,"_monsterinsights_sitenote_note":"","_monsterinsights_sitenote_category":0,"footnotes":""},"class_list":["post-4845","page","type-page","status-publish","hentry"],"aioseo_notices":[],"uagb_featured_image_src":{"full":false,"thumbnail":false,"medium":false,"medium_large":false,"large":false,"nd_cc_image_size_1110_570":false,"nd_cc_image_size_720_720":false,"webteck_80X80":false,"webteck_391X250":false,"webteck_140X140":false,"1536x1536":false,"2048x2048":false,"webteck-shop-single":false,"webteck-shop-single-small-image":false,"woocommerce_thumbnail":false,"woocommerce_single":false,"woocommerce_gallery_thumbnail":false,"wpvr_mobile":false,"woosq":false},"uagb_author_info":{"display_name":"grandadmin","author_link":"https:\/\/www.clinicgrand.com\/es\/author\/grandadmin\/"},"uagb_comment_info":0,"uagb_excerpt":"Breast Lift Was ist eine Bruststraffung? Die Bruststraffung ist ein chirurgischer Eingriff, der in der Regel durchgef\u00fchrt wird, um \u00e4sthetische Probleme zu korrigieren, die durch erschlafftes Brustgewebe verursacht werden. Diese Operation formt und hebt die Brust an. Bei Bedarf kann sie mit zus\u00e4tzlichen Verfahren wie einer Brustvergr\u00f6\u00dferung oder -verkleinerung kombiniert werden. Wie wird die Bruststraffung...","_links":{"self":[{"href":"https:\/\/www.clinicgrand.com\/es\/wp-json\/wp\/v2\/pages\/4845","targetHints":{"allow":["GET"]}}],"collection":[{"href":"https:\/\/www.clinicgrand.com\/es\/wp-json\/wp\/v2\/pages"}],"about":[{"href":"https:\/\/www.clinicgrand.com\/es\/wp-json\/wp\/v2\/types\/page"}],"author":[{"embeddable":true,"href":"https:\/\/www.clinicgrand.com\/es\/wp-json\/wp\/v2\/users\/1"}],"replies":[{"embeddable":true,"href":"https:\/\/www.clinicgrand.com\/es\/wp-json\/wp\/v2\/comments?post=4845"}],"version-history":[{"count":0,"href":"https:\/\/www.clinicgrand.com\/es\/wp-json\/wp\/v2\/pages\/4845\/revisions"}],"wp:attachment":[{"href":"https:\/\/www.clinicgrand.com\/es\/wp-json\/wp\/v2\/media?parent=4845"}],"curies":[{"name":"wp","href":"https:\/\/api.w.org\/{rel}","templated":true}]}}