{"id":4844,"date":"2024-06-28T11:13:16","date_gmt":"2024-06-28T08:13:16","guid":{"rendered":"https:\/\/www.clinicgrand.com\/es\/?page_id=4844"},"modified":"2024-10-10T15:51:21","modified_gmt":"2024-10-10T12:51:21","slug":"brustrekonstruktion","status":"publish","type":"page","link":"https:\/\/www.clinicgrand.com\/es\/brustrekonstruktion\/","title":{"rendered":"Brustrekonstruktion"},"content":{"rendered":"\t\t<div data-elementor-type=\"wp-page\" data-elementor-id=\"4844\" class=\"elementor elementor-4844\">\n\t\t\t\t\t\t<section class=\"elementor-section elementor-top-section elementor-element elementor-element-c3c9756 elementor-section-full_width elementor-section-height-default elementor-section-height-default\" data-id=\"c3c9756\" data-element_type=\"section\" data-settings=\"{&quot;background_background&quot;:&quot;classic&quot;}\">\n\t\t\t\t\t\t\t<div class=\"elementor-background-overlay\"><\/div>\n\t\t\t\t\t\t\t<div class=\"elementor-container elementor-column-gap-default\">\n\t\t\t\t\t<div class=\"elementor-column elementor-col-100 elementor-top-column elementor-element elementor-element-e03cd11\" data-id=\"e03cd11\" data-element_type=\"column\">\n\t\t\t<div class=\"elementor-widget-wrap elementor-element-populated\">\n\t\t\t\t\t\t<div class=\"elementor-element elementor-element-15bba46 elementor-widget__width-initial elementor-widget elementor-widget-tragagroupimage\" data-id=\"15bba46\" data-element_type=\"widget\" data-widget_type=\"tragagroupimage.default\">\n\t\t\t\t<div class=\"elementor-widget-container\">\n\t\t\t<div class=\"img-box3\"><div class=\"img1\"><img decoding=\"async\" src=\"http:\/\/www.clinicgrand.com\/es\/wp-content\/uploads\/2024\/06\/Adsiz-tasarim.png\" alt=\"Grand%20Clinic\"  \/><\/div><\/div>\t\t<\/div>\n\t\t\t\t<\/div>\n\t\t\t\t<section class=\"elementor-section elementor-inner-section elementor-element elementor-element-861e56e elementor-section-boxed elementor-section-height-default elementor-section-height-default\" data-id=\"861e56e\" data-element_type=\"section\">\n\t\t\t\t\t\t<div class=\"elementor-container elementor-column-gap-no\">\n\t\t\t\t\t<div class=\"elementor-column elementor-col-100 elementor-inner-column elementor-element elementor-element-1e22e71\" data-id=\"1e22e71\" data-element_type=\"column\">\n\t\t\t<div class=\"elementor-widget-wrap elementor-element-populated\">\n\t\t\t\t\t\t<div class=\"elementor-element elementor-element-3ee2dd4 elementor-widget elementor-widget-tragasectiontitle\" data-id=\"3ee2dd4\" data-element_type=\"widget\" data-widget_type=\"tragasectiontitle.default\">\n\t\t\t\t<div class=\"elementor-widget-container\">\n\t\t\t<div class=\"title-area-wrap\"><div class=\"title-area\" ><div class=\"shadow-title\">Breast Reconstruction<\/div><h2 class=\"sec-title title-selector\"> <span class=\"text-theme fw-normal\"><\/span>\n<\/h2><\/div><\/div>\t\t<\/div>\n\t\t\t\t<\/div>\n\t\t\t\t<div class=\"elementor-element elementor-element-aeb8031 elementor-widget elementor-widget-text-editor\" data-id=\"aeb8031\" data-element_type=\"widget\" data-widget_type=\"text-editor.default\">\n\t\t\t\t<div class=\"elementor-widget-container\">\n\t\t\t\t\t\t\t<h5 id=\"sub-content-1\">Was ist Brustrekonstruktion?<\/h5>\nBrustrekonstruktion (Brustwiederherstellung) ist die Wiederherstellung der Brust oder Br\u00fcste, die aufgrund eines chirurgischen Eingriffs, meist nach einer Brustkrebsbehandlung oder infolge einer traumatischen Situation, verloren gegangen sind. Dieser chirurgische Eingriff verbessert das k\u00f6rperliche Erscheinungsbild und die psychische Gesundheit der Patientin nach dem Brustverlust erheblich.\n<h5 id=\"sub-content-2\">Wie wird eine Brustrekonstruktion (Brustwiederherstellung) durchgef\u00fchrt?<\/h5>\nDie Brustrekonstruktion kann mit verschiedenen chirurgischen Techniken durchgef\u00fchrt werden. Es gibt zwei Hauptmethoden:\n\nRekonstruktion mit Implantaten: Bei dieser Methode wird die verlorene Brust durch Brustimplantate ersetzt.\n\nLappenrekonstruktion: Bei dieser Methode wird eine neue Brust mit Gewebe, Fett und manchmal Muskeln aus dem K\u00f6rper der Patientin gebildet.\n<h5 id=\"sub-content-3\">F\u00fcr wen ist die Brustrekonstruktion (Brustwiederherstellung) geeignet?<\/h5>\n<ul>\n \t<li>F\u00fcr Personen, die nach einer Brustkrebsbehandlung eine Mastektomie durchgemacht haben,<\/li>\n \t<li>F\u00fcr Personen, die durch ein traumatisches Ereignis eine Brust verloren haben,<\/li>\n \t<li>F\u00fcr Personen mit einer angeborenen Brustentwicklungsst\u00f6rung,<\/li>\n \t<li>F\u00fcr Personen mit genetisch bedingtem Brustmangel.<\/li>\n<\/ul>\n<h5 id=\"sub-content-4\">In welchem Alter wird eine Brustrekonstruktion (Brustwiederherstellung) durchgef\u00fchrt?<\/h5>\nEine Brustrekonstruktion kann in der Regel nach Abschluss der Brustentwicklung, also ab einem Alter von 18 Jahren, durchgef\u00fchrt werden. Da jedoch jede Patientin anders ist, k\u00f6nnen die Altersgrenzen je nach individuellen Bedingungen und Bed\u00fcrfnissen variieren.\n<h5 id=\"sub-content-5\">Welche Prothesentypen gibt es bei der Brustrekonstruktion?<\/h5>\nDie Prothesentypen in Bezug auf ihren Inhalt bei der Brustrekonstruktion sind wie folgt:\n<ul>\n \t<li>Kochsalzimplantate: Diese sind mit sterilem Salzwasser gef\u00fcllt.<\/li>\n \t<li>Silikonimplantate: Diese bestehen aus Silikongel und bieten ein nat\u00fcrlicheres Gef\u00fchl im Brustgewebe.<\/li>\n<\/ul>\nDie Prothesentypen in Bezug auf ihre Form bei der Brustrekonstruktion sind wie folgt:\n<ul>\n \t<li>Runde Brustimplantate \u00e4hneln einer Halbkugel und verleihen der Brust nach dem Einsetzen ein wohlgerundetes Aussehen.<\/li>\n \t<li>Anatomische (tropfenf\u00f6rmige) Implantate, wie der Name schon sagt, \u00e4hneln einem Wassertropfen. Der obere Teil dieser Prothese ist d\u00fcnn, der untere Teil breiter, wodurch nach dem Einsetzen eine vollere Erscheinung im unteren Brustbereich erreicht wird.<\/li>\n<\/ul>\n<h5 id=\"sub-content-6\">Wie viele Tage dauert die Brustrekonstruktion?<\/h5>\nEine Brustvergr\u00f6\u00dferungsoperation dauert ungef\u00e4hr 1-3 Stunden. Nach der Operation bleibt die Patientin 1 Tag unter Beobachtung im Krankenhaus und wird dann entlassen. Die Patientin kann nach durchschnittlich 4-7 Tagen wieder zur Arbeit zur\u00fcckkehren.\n<h5 id=\"sub-content-7\">Worauf sollte man vor der Brustrekonstruktion achten?<\/h5>\n<ul>\n \t<li>Mindestens 6 Stunden vor der Operation sollte nichts gegessen oder getrunken werden.<\/li>\n \t<li>Vor der Operation sollten Sie Ihren Arzt \u00fcber alle Ihre Gesundheitsinformationen wie chronische Krankheiten, fr\u00fchere Erkrankungen, genetische Krankheiten und verwendete Medikamente informieren.<\/li>\n \t<li>Das Rauchen sollte mindestens eine Woche vor der Operation eingestellt werden.<\/li>\n \t<li>Blutverd\u00fcnner wie Aspirin sollten eine Woche vorher nach R\u00fccksprache mit einem Arzt abgesetzt werden.<\/li>\n<\/ul>\n<h5 id=\"sub-content-8\">Worauf sollte man nach der Brustrekonstruktion achten?<\/h5>\n<ul>\n \t<li>Die von Ihrem Arzt verschriebenen Antibiotika sollten regelm\u00e4\u00dfig eingenommen werden.<\/li>\n \t<li>Nach der Operation sollten Sie sich 1-2 Wochen zu Hause ausruhen.<\/li>\n \t<li>Rauchen und Alkohol sollten f\u00fcr l\u00e4ngere Zeit eingestellt oder reduziert werden.<\/li>\n \t<li>Eine warme Dusche kann 1 Woche nach der Operation genommen werden, und Sie k\u00f6nnen mit dem vom Arzt empfohlenen Spezial-BH wieder in den Alltag zur\u00fcckkehren.<\/li>\n \t<li>Schwere sportliche Aktivit\u00e4ten sollten in den ersten 2 Monaten vermieden werden.<\/li>\n \t<li>In den ersten Tagen sollten Sie nicht auf dem Bauch liegen.<\/li>\n<\/ul>\n\t\t\t\t\t\t<\/div>\n\t\t\t\t<\/div>\n\t\t\t\t\t<\/div>\n\t\t<\/div>\n\t\t\t\t\t<\/div>\n\t\t<\/section>\n\t\t\t\t<div class=\"elementor-element elementor-element-b9aa8a5 elementor-widget elementor-widget-tragagroupbutton\" data-id=\"b9aa8a5\" data-element_type=\"widget\" data-widget_type=\"tragagroupbutton.default\">\n\t\t\t\t<div class=\"elementor-widget-container\">\n\t\t\t<div  class=\"btn-group justify-content-left\"><a href=\"https:\/\/b24-le4xzc.bitrix24.site\/\" class=\"th-btn\">Das Formular ausf\u00fcllen<i class=\"far fa-arrow-right ms-2\"><\/i><\/a><div class=\"call-btn\"><div class=\"play-btn\"><i class=\"fas fa-phone\"><\/i><\/div><div class=\"media-body\"><span class=\"btn-text\">Ruf uns an:<\/span><a href=\"tel:+905316464763\" class=\"btn-title\">+90 531 646 47 63<\/a><\/div><\/div><\/div>\t\t<\/div>\n\t\t\t\t<\/div>\n\t\t\t\t\t<\/div>\n\t\t<\/div>\n\t\t\t\t\t<\/div>\n\t\t<\/section>\n\t\t\t\t<section class=\"elementor-section elementor-top-section elementor-element elementor-element-c91ddee elementor-section-boxed elementor-section-height-default elementor-section-height-default\" data-id=\"c91ddee\" data-element_type=\"section\">\n\t\t\t\t\t\t<div class=\"elementor-container elementor-column-gap-no\">\n\t\t\t\t\t<div class=\"elementor-column elementor-col-100 elementor-top-column elementor-element elementor-element-bcdd355\" data-id=\"bcdd355\" data-element_type=\"column\">\n\t\t\t<div class=\"elementor-widget-wrap elementor-element-populated\">\n\t\t\t\t\t\t<div class=\"elementor-element elementor-element-0ad3aaf elementor-widget elementor-widget-tragasectiontitle\" data-id=\"0ad3aaf\" data-element_type=\"widget\" data-widget_type=\"tragasectiontitle.default\">\n\t\t\t\t<div class=\"elementor-widget-container\">\n\t\t\t<div class=\"title-area-wrap\"><div class=\"title-area mb-35\" ><div class=\"shadow-title\">H\u00e4ufig gestellte Fragen<\/div><h2 class=\"sec-title title-selector\">H\u00e4ufig gestellte Fragen <b>Fragen<\/b><\/h2><\/div><p class=\"desc-selector mt-n2 mb-4\">* For informational purposes only, be sure to consult your doctor for diagnosis and treatment.<\/p><\/div>\t\t<\/div>\n\t\t\t\t<\/div>\n\t\t\t\t\t<\/div>\n\t\t<\/div>\n\t\t\t\t\t<\/div>\n\t\t<\/section>\n\t\t\t\t<\/div>\n\t\t","protected":false},"excerpt":{"rendered":"<p>Breast Reconstruction Was ist Brustrekonstruktion? Brustrekonstruktion (Brustwiederherstellung) ist die Wiederherstellung der Brust oder Br\u00fcste, die aufgrund eines chirurgischen Eingriffs, meist nach einer Brustkrebsbehandlung oder infolge einer traumatischen Situation, verloren gegangen sind. Dieser chirurgische Eingriff verbessert das k\u00f6rperliche Erscheinungsbild und die psychische Gesundheit der Patientin nach dem Brustverlust erheblich. Wie wird eine Brustrekonstruktion (Brustwiederherstellung) durchgef\u00fchrt? Die&#8230;<\/p>\n","protected":false},"author":1,"featured_media":0,"parent":0,"menu_order":0,"comment_status":"closed","ping_status":"closed","template":"","meta":{"_siteseo_robots_primary_cat":"","_uag_custom_page_level_css":"","_monsterinsights_skip_tracking":false,"_monsterinsights_sitenote_active":false,"_monsterinsights_sitenote_note":"","_monsterinsights_sitenote_category":0,"footnotes":""},"class_list":["post-4844","page","type-page","status-publish","hentry"],"aioseo_notices":[],"uagb_featured_image_src":{"full":false,"thumbnail":false,"medium":false,"medium_large":false,"large":false,"nd_cc_image_size_1110_570":false,"nd_cc_image_size_720_720":false,"webteck_80X80":false,"webteck_391X250":false,"webteck_140X140":false,"1536x1536":false,"2048x2048":false,"webteck-shop-single":false,"webteck-shop-single-small-image":false,"woocommerce_thumbnail":false,"woocommerce_single":false,"woocommerce_gallery_thumbnail":false,"wpvr_mobile":false,"woosq":false},"uagb_author_info":{"display_name":"grandadmin","author_link":"https:\/\/www.clinicgrand.com\/es\/author\/grandadmin\/"},"uagb_comment_info":0,"uagb_excerpt":"Breast Reconstruction Was ist Brustrekonstruktion? Brustrekonstruktion (Brustwiederherstellung) ist die Wiederherstellung der Brust oder Br\u00fcste, die aufgrund eines chirurgischen Eingriffs, meist nach einer Brustkrebsbehandlung oder infolge einer traumatischen Situation, verloren gegangen sind. Dieser chirurgische Eingriff verbessert das k\u00f6rperliche Erscheinungsbild und die psychische Gesundheit der Patientin nach dem Brustverlust erheblich. Wie wird eine Brustrekonstruktion (Brustwiederherstellung) durchgef\u00fchrt? Die...","_links":{"self":[{"href":"https:\/\/www.clinicgrand.com\/es\/wp-json\/wp\/v2\/pages\/4844","targetHints":{"allow":["GET"]}}],"collection":[{"href":"https:\/\/www.clinicgrand.com\/es\/wp-json\/wp\/v2\/pages"}],"about":[{"href":"https:\/\/www.clinicgrand.com\/es\/wp-json\/wp\/v2\/types\/page"}],"author":[{"embeddable":true,"href":"https:\/\/www.clinicgrand.com\/es\/wp-json\/wp\/v2\/users\/1"}],"replies":[{"embeddable":true,"href":"https:\/\/www.clinicgrand.com\/es\/wp-json\/wp\/v2\/comments?post=4844"}],"version-history":[{"count":0,"href":"https:\/\/www.clinicgrand.com\/es\/wp-json\/wp\/v2\/pages\/4844\/revisions"}],"wp:attachment":[{"href":"https:\/\/www.clinicgrand.com\/es\/wp-json\/wp\/v2\/media?parent=4844"}],"curies":[{"name":"wp","href":"https:\/\/api.w.org\/{rel}","templated":true}]}}