{"id":4843,"date":"2024-06-28T11:13:16","date_gmt":"2024-06-28T08:13:16","guid":{"rendered":"https:\/\/www.clinicgrand.com\/es\/?page_id=4843"},"modified":"2024-10-09T11:03:13","modified_gmt":"2024-10-09T08:03:13","slug":"brustverkleinerung","status":"publish","type":"page","link":"https:\/\/www.clinicgrand.com\/es\/brustverkleinerung\/","title":{"rendered":"Brustverkleinerung"},"content":{"rendered":"\t\t<div data-elementor-type=\"wp-page\" data-elementor-id=\"4843\" class=\"elementor elementor-4843\">\n\t\t\t\t\t\t<section class=\"elementor-section elementor-top-section elementor-element elementor-element-b61ed2c elementor-section-full_width elementor-section-height-default elementor-section-height-default\" data-id=\"b61ed2c\" data-element_type=\"section\" data-settings=\"{&quot;background_background&quot;:&quot;classic&quot;}\">\n\t\t\t\t\t\t\t<div class=\"elementor-background-overlay\"><\/div>\n\t\t\t\t\t\t\t<div class=\"elementor-container elementor-column-gap-default\">\n\t\t\t\t\t<div class=\"elementor-column elementor-col-100 elementor-top-column elementor-element elementor-element-442af55\" data-id=\"442af55\" data-element_type=\"column\">\n\t\t\t<div class=\"elementor-widget-wrap elementor-element-populated\">\n\t\t\t\t\t\t<div class=\"elementor-element elementor-element-db03ea5 elementor-widget__width-initial elementor-widget elementor-widget-tragagroupimage\" data-id=\"db03ea5\" data-element_type=\"widget\" data-widget_type=\"tragagroupimage.default\">\n\t\t\t\t<div class=\"elementor-widget-container\">\n\t\t\t<div class=\"img-box3\"><div class=\"img1\"><img decoding=\"async\" src=\"http:\/\/www.clinicgrand.com\/es\/wp-content\/uploads\/2024\/06\/Meme-Kucultme.jpg\" alt=\"Grand%20Clinic\"  \/><\/div><\/div>\t\t<\/div>\n\t\t\t\t<\/div>\n\t\t\t\t<section class=\"elementor-section elementor-inner-section elementor-element elementor-element-a510aa7 elementor-section-boxed elementor-section-height-default elementor-section-height-default\" data-id=\"a510aa7\" data-element_type=\"section\">\n\t\t\t\t\t\t<div class=\"elementor-container elementor-column-gap-no\">\n\t\t\t\t\t<div class=\"elementor-column elementor-col-100 elementor-inner-column elementor-element elementor-element-8830e5e\" data-id=\"8830e5e\" data-element_type=\"column\">\n\t\t\t<div class=\"elementor-widget-wrap elementor-element-populated\">\n\t\t\t\t\t\t<div class=\"elementor-element elementor-element-ba8bef2 elementor-widget elementor-widget-tragasectiontitle\" data-id=\"ba8bef2\" data-element_type=\"widget\" data-widget_type=\"tragasectiontitle.default\">\n\t\t\t\t<div class=\"elementor-widget-container\">\n\t\t\t<div class=\"title-area-wrap\"><div class=\"title-area\" ><div class=\"shadow-title\">Breast Reduction<\/div><h2 class=\"sec-title title-selector\"> <span class=\"text-theme fw-normal\"><\/span>\n<\/h2><\/div><\/div>\t\t<\/div>\n\t\t\t\t<\/div>\n\t\t\t\t<div class=\"elementor-element elementor-element-68cd2eb elementor-widget elementor-widget-text-editor\" data-id=\"68cd2eb\" data-element_type=\"widget\" data-widget_type=\"text-editor.default\">\n\t\t\t\t<div class=\"elementor-widget-container\">\n\t\t\t\t\t\t\t<h5 id=\"sub-content-1\">Was ist eine Brustverkleinerungsoperation?<\/h5>\nDie Brustverkleinerungsoperation wird bei Personen mit gro\u00dfen oder schlaffen Br\u00fcsten durchgef\u00fchrt, um diese zu verkleinern und anzuheben. Diese Operation wird als Brustverkleinerung bezeichnet, auch bekannt als Reduktionsmammoplastik.\n\n<h5 id=\"sub-content-2\">Wie wird die Brustverkleinerungsoperation durchgef\u00fchrt?<\/h5>\nDie Brustverkleinerungsoperation erfolgt unter Vollnarkose. W\u00e4hrend der Operation wird ein Teil des Brustgewebes durch Einschnitte unter der Brust oder an der Brustwarze entfernt und an einer h\u00f6heren Stelle wieder eingesetzt. Sie dauert etwa 2-3 Stunden. Nach der Operation werden Drainagerohre in die Br\u00fcste eingelegt. Diese Rohre dienen dazu, Blut- und Fl\u00fcssigkeitsansammlungen in den ersten Tagen nach der Operation zu verhindern.\n\n<h5 id=\"sub-content-3\">Gr\u00fcnde f\u00fcr Brustverkleinerungsoperationen<\/h5>\nDie Brustverkleinerungsoperation kann aus \u00e4sthetischen und medizinischen Gr\u00fcnden durchgef\u00fchrt werden.\n\n<h5 id=\"sub-content-4\">\u00c4sthetische Gr\u00fcnde<\/h5>\n<ul>\n \t<li>Die Brustverkleinerungsoperation wird von Frauen bevorzugt, die festere und proportionierte Br\u00fcste haben m\u00f6chten. Frauen k\u00f6nnen sich \u00e4sthetisch unwohl f\u00fchlen, wenn sie gro\u00dfe und schlaffe Br\u00fcste haben.<\/li>\n<\/ul>\n\n<h5 id=\"sub-content-5\">Medizinische Gr\u00fcnde<\/h5>\n<ul>\n \t<li>Gro\u00dfe Br\u00fcste k\u00f6nnen R\u00fcckenschmerzen, Nackenschmerzen und Schulterschmerzen verursachen; daher k\u00f6nnen sie sich einer Brustverkleinerungsoperation unterziehen.<\/li>\n<\/ul>\n\n<h5 id=\"sub-content-6\">Wer kann eine Brustverkleinerungsoperation durchf\u00fchren lassen?<\/h5>\nDie Brustverkleinerungsoperation kann bei Personen durchgef\u00fchrt werden, die \u00fcber 18 Jahre alt und gesund sind. Personen, die sich mit ihren gro\u00dfen und schlaffen Br\u00fcsten unwohl f\u00fchlen; und die aufgrund gro\u00dfer Br\u00fcste unter R\u00fcckenschmerzen, Schulterschmerzen oder Nackenschmerzen leiden, k\u00f6nnen sich einer Brustverkleinerungsoperation unterziehen.\n\n<h5 id=\"sub-content-7\">Wie viele Tage dauert die Brustverkleinerungsoperation?<\/h5>\nDie Brustverkleinerungsoperation dauert etwa 2-3 Stunden. Nach der Operation bleibt der Patient f\u00fcr 1 Tag zur Beobachtung im Krankenhaus.\n\n<h5 id=\"sub-content-8\">Was sind die Punkte, die vor der Brustverkleinerungsoperation zu beachten sind?<\/h5>\n<ul>\n \t<li>Sie sollten mindestens 6 Stunden vor der Operation nichts essen oder trinken.<\/li>\n \t<li>Vor der Operation sollten Sie Ihren Arzt \u00fcber alle Ihre Gesundheitsinformationen informieren, wie chronische Erkrankungen, Erkrankungen, die Sie gehabt haben, genetische Erkrankungen und Medikamente, die Sie kontinuierlich einnehmen.<\/li>\n \t<li>Das Rauchen sollte gestoppt oder reduziert werden, da Nikotin den Heilungsprozess verlangsamt.<\/li>\n \t<li>Aspirin oder \u00e4hnliche Blutverd\u00fcnner sollten 1 Woche im Voraus auf \u00e4rztlichen Rat abgesetzt werden.<\/li>\n<\/ul>\n\n<h5 id=\"sub-content-9\">Was sind die Punkte, die nach der Brustverkleinerungsoperation zu beachten sind?<\/h5>\n<ul>\n \t<li>Die vom Arzt verschriebenen Antibiotika sollten regelm\u00e4\u00dfig eingenommen werden.<\/li>\n \t<li>Nach der Operation m\u00fcssen Sie sich 1-2 Wochen zu Hause ausruhen.<\/li>\n \t<li>Das Rauchen sollte \u00fcber einen l\u00e4ngeren Zeitraum gestoppt oder reduziert werden.<\/li>\n \t<li>Sie k\u00f6nnen 1 Woche nach der Operation ein warmes Bad nehmen und mit dem speziellen BH, der Ihnen empfohlen wurde, in Ihren Alltag zur\u00fcckkehren.<\/li>\n \t<li>Schwere Sportarten und Aktivit\u00e4ten sollten in den ersten 2 Monaten vermieden werden.<\/li>\n<\/ul>\n\t\t\t\t\t\t<\/div>\n\t\t\t\t<\/div>\n\t\t\t\t<div class=\"elementor-element elementor-element-b32deec elementor-widget elementor-widget-tragagroupbutton\" data-id=\"b32deec\" data-element_type=\"widget\" data-widget_type=\"tragagroupbutton.default\">\n\t\t\t\t<div class=\"elementor-widget-container\">\n\t\t\t<div  class=\"btn-group justify-content-left\"><a href=\"https:\/\/b24-le4xzc.bitrix24.site\/\" class=\"th-btn\">F\u00fclle das Formular aus<i class=\"far fa-arrow-right ms-2\"><\/i><\/a><div class=\"call-btn\"><div class=\"play-btn\"><i class=\"fas fa-phone\"><\/i><\/div><div class=\"media-body\"><span class=\"btn-text\">Ruf uns an:<\/span><a href=\"tel:+905316464763\" class=\"btn-title\">+90 531 646 47 63<\/a><\/div><\/div><\/div>\t\t<\/div>\n\t\t\t\t<\/div>\n\t\t\t\t\t<\/div>\n\t\t<\/div>\n\t\t\t\t\t<\/div>\n\t\t<\/section>\n\t\t\t\t\t<\/div>\n\t\t<\/div>\n\t\t\t\t\t<\/div>\n\t\t<\/section>\n\t\t\t\t<section class=\"elementor-section elementor-top-section elementor-element elementor-element-0272576 elementor-section-boxed elementor-section-height-default elementor-section-height-default\" data-id=\"0272576\" data-element_type=\"section\">\n\t\t\t\t\t\t<div class=\"elementor-container elementor-column-gap-no\">\n\t\t\t\t\t<div class=\"elementor-column elementor-col-100 elementor-top-column elementor-element elementor-element-6d28a8d\" data-id=\"6d28a8d\" data-element_type=\"column\">\n\t\t\t<div class=\"elementor-widget-wrap elementor-element-populated\">\n\t\t\t\t\t\t<div class=\"elementor-element elementor-element-febdc12 elementor-widget elementor-widget-tragasectiontitle\" data-id=\"febdc12\" data-element_type=\"widget\" data-widget_type=\"tragasectiontitle.default\">\n\t\t\t\t<div class=\"elementor-widget-container\">\n\t\t\t<div class=\"title-area-wrap\"><div class=\"title-area mb-35\" ><div class=\"shadow-title\">H\u00e4ufig gestellte Fragen<\/div><h2 class=\"sec-title title-selector\">H\u00e4ufige Fragen<b>Fragen<\/b><\/h2><\/div><p class=\"desc-selector mt-n2 mb-4\">* Nur zu Informationszwecken, stellen Sie sicher, dass Sie Ihren Arzt f\u00fcr Diagnosen und Behandlungen konsultieren.<\/p><\/div>\t\t<\/div>\n\t\t\t\t<\/div>\n\t\t\t\t\t<\/div>\n\t\t<\/div>\n\t\t\t\t\t<\/div>\n\t\t<\/section>\n\t\t\t\t<\/div>\n\t\t","protected":false},"excerpt":{"rendered":"<p>Breast Reduction Was ist eine Brustverkleinerungsoperation? Die Brustverkleinerungsoperation wird bei Personen mit gro\u00dfen oder schlaffen Br\u00fcsten durchgef\u00fchrt, um diese zu verkleinern und anzuheben. Diese Operation wird als Brustverkleinerung bezeichnet, auch bekannt als Reduktionsmammoplastik. Wie wird die Brustverkleinerungsoperation durchgef\u00fchrt? Die Brustverkleinerungsoperation erfolgt unter Vollnarkose. W\u00e4hrend der Operation wird ein Teil des Brustgewebes durch Einschnitte unter der&#8230;<\/p>\n","protected":false},"author":1,"featured_media":0,"parent":0,"menu_order":0,"comment_status":"closed","ping_status":"closed","template":"","meta":{"_siteseo_robots_primary_cat":"","_uag_custom_page_level_css":"","_monsterinsights_skip_tracking":false,"_monsterinsights_sitenote_active":false,"_monsterinsights_sitenote_note":"","_monsterinsights_sitenote_category":0,"footnotes":""},"class_list":["post-4843","page","type-page","status-publish","hentry"],"aioseo_notices":[],"uagb_featured_image_src":{"full":false,"thumbnail":false,"medium":false,"medium_large":false,"large":false,"nd_cc_image_size_1110_570":false,"nd_cc_image_size_720_720":false,"webteck_80X80":false,"webteck_391X250":false,"webteck_140X140":false,"1536x1536":false,"2048x2048":false,"webteck-shop-single":false,"webteck-shop-single-small-image":false,"woocommerce_thumbnail":false,"woocommerce_single":false,"woocommerce_gallery_thumbnail":false,"wpvr_mobile":false,"woosq":false},"uagb_author_info":{"display_name":"grandadmin","author_link":"https:\/\/www.clinicgrand.com\/es\/author\/grandadmin\/"},"uagb_comment_info":0,"uagb_excerpt":"Breast Reduction Was ist eine Brustverkleinerungsoperation? Die Brustverkleinerungsoperation wird bei Personen mit gro\u00dfen oder schlaffen Br\u00fcsten durchgef\u00fchrt, um diese zu verkleinern und anzuheben. Diese Operation wird als Brustverkleinerung bezeichnet, auch bekannt als Reduktionsmammoplastik. Wie wird die Brustverkleinerungsoperation durchgef\u00fchrt? Die Brustverkleinerungsoperation erfolgt unter Vollnarkose. W\u00e4hrend der Operation wird ein Teil des Brustgewebes durch Einschnitte unter der...","_links":{"self":[{"href":"https:\/\/www.clinicgrand.com\/es\/wp-json\/wp\/v2\/pages\/4843","targetHints":{"allow":["GET"]}}],"collection":[{"href":"https:\/\/www.clinicgrand.com\/es\/wp-json\/wp\/v2\/pages"}],"about":[{"href":"https:\/\/www.clinicgrand.com\/es\/wp-json\/wp\/v2\/types\/page"}],"author":[{"embeddable":true,"href":"https:\/\/www.clinicgrand.com\/es\/wp-json\/wp\/v2\/users\/1"}],"replies":[{"embeddable":true,"href":"https:\/\/www.clinicgrand.com\/es\/wp-json\/wp\/v2\/comments?post=4843"}],"version-history":[{"count":0,"href":"https:\/\/www.clinicgrand.com\/es\/wp-json\/wp\/v2\/pages\/4843\/revisions"}],"wp:attachment":[{"href":"https:\/\/www.clinicgrand.com\/es\/wp-json\/wp\/v2\/media?parent=4843"}],"curies":[{"name":"wp","href":"https:\/\/api.w.org\/{rel}","templated":true}]}}