{"id":3278,"date":"2024-02-06T11:51:27","date_gmt":"2024-02-06T11:51:27","guid":{"rendered":"https:\/\/themeholy.com\/wordpress\/fresh\/?page_id=967"},"modified":"2024-06-28T09:45:40","modified_gmt":"2024-06-28T06:45:40","slug":"gccontactus","status":"publish","type":"page","link":"https:\/\/www.clinicgrand.com\/es\/gccontactus\/","title":{"rendered":"Contact Us"},"content":{"rendered":"\t\t<div data-elementor-type=\"wp-page\" data-elementor-id=\"3278\" class=\"elementor elementor-3278\">\n\t\t\t\t\t\t<section class=\"elementor-section elementor-top-section elementor-element elementor-element-cbcf9c2 elementor-section-boxed elementor-section-height-default elementor-section-height-default\" data-id=\"cbcf9c2\" data-element_type=\"section\" data-settings=\"{&quot;background_background&quot;:&quot;classic&quot;}\">\n\t\t\t\t\t\t<div class=\"elementor-container elementor-column-gap-no\">\n\t\t\t\t\t<div class=\"elementor-column elementor-col-100 elementor-top-column elementor-element elementor-element-2192b9d\" data-id=\"2192b9d\" data-element_type=\"column\">\n\t\t\t<div class=\"elementor-widget-wrap elementor-element-populated\">\n\t\t\t\t\t\t<section class=\"elementor-section elementor-inner-section elementor-element elementor-element-4a12494 elementor-section-boxed elementor-section-height-default elementor-section-height-default\" data-id=\"4a12494\" data-element_type=\"section\">\n\t\t\t\t\t\t<div class=\"elementor-container elementor-column-gap-no\">\n\t\t\t\t\t<div class=\"elementor-column elementor-col-100 elementor-inner-column elementor-element elementor-element-ba80bda\" data-id=\"ba80bda\" data-element_type=\"column\">\n\t\t\t<div class=\"elementor-widget-wrap\">\n\t\t\t\t\t\t\t<\/div>\n\t\t<\/div>\n\t\t\t\t\t<\/div>\n\t\t<\/section>\n\t\t\t\t\t<\/div>\n\t\t<\/div>\n\t\t\t\t\t<\/div>\n\t\t<\/section>\n\t\t\t\t<section class=\"elementor-section elementor-top-section elementor-element elementor-element-1263776 elementor-section-full_width elementor-section-height-default elementor-section-height-default\" data-id=\"1263776\" data-element_type=\"section\">\n\t\t\t\t\t\t<div class=\"elementor-container elementor-column-gap-no\">\n\t\t\t\t\t<div class=\"elementor-column elementor-col-100 elementor-top-column elementor-element elementor-element-b8c462c\" data-id=\"b8c462c\" data-element_type=\"column\">\n\t\t\t<div class=\"elementor-widget-wrap elementor-element-populated\">\n\t\t\t\t\t\t<div class=\"elementor-element elementor-element-c37980d elementor-widget__width-inherit map-sec elementor-widget elementor-widget-google_maps\" data-id=\"c37980d\" data-element_type=\"widget\" data-widget_type=\"google_maps.default\">\n\t\t\t\t<div class=\"elementor-widget-container\">\n\t\t\t\t\t<div class=\"elementor-custom-embed\">\n\t\t\t<iframe loading=\"lazy\"\n\t\t\t\t\tsrc=\"https:\/\/maps.google.com\/maps?q=Grand%20Clinic&#038;t=m&#038;z=16&#038;output=embed&#038;iwloc=near\"\n\t\t\t\t\ttitle=\"Grand Clinic\"\n\t\t\t\t\taria-label=\"Grand Clinic\"\n\t\t\t><\/iframe>\n\t\t<\/div>\n\t\t\t\t<\/div>\n\t\t\t\t<\/div>\n\t\t\t\t\t<\/div>\n\t\t<\/div>\n\t\t\t\t\t<\/div>\n\t\t<\/section>\n\t\t\t\t<\/div>\n\t\t","protected":false},"excerpt":{"rendered":"<p>LET\u2019S CONSULTATION We&#8217;re here to help! Grand Clinic team will help you get detailed information about the treatments you request. CONTACT US Call Us On: +90 531 46 47 63 Quick Mail Us: info@clinicgrand.com Location: Yeni Mahalle, \u0130n\u00f6n\u00fc Cd., No: 140, 34290, K\u00fc\u00e7\u00fck\u00e7ekmece\/\u0130stanbul,Turkey Request Call Back Surgery CategoryPlastic SurgeryRhinoplastyHair TransplantDental CareObesity SurgeryOther MAKE AN APPOINTMENT&#8230;<\/p>\n","protected":false},"author":1,"featured_media":0,"parent":0,"menu_order":0,"comment_status":"closed","ping_status":"closed","template":"template-builder.php","meta":{"_siteseo_robots_primary_cat":"","_uag_custom_page_level_css":"","_monsterinsights_skip_tracking":false,"_monsterinsights_sitenote_active":false,"_monsterinsights_sitenote_note":"","_monsterinsights_sitenote_category":0,"footnotes":""},"class_list":["post-3278","page","type-page","status-publish","hentry"],"aioseo_notices":[],"uagb_featured_image_src":{"full":false,"thumbnail":false,"medium":false,"medium_large":false,"large":false,"nd_cc_image_size_1110_570":false,"nd_cc_image_size_720_720":false,"webteck_80X80":false,"webteck_391X250":false,"webteck_140X140":false,"1536x1536":false,"2048x2048":false,"webteck-shop-single":false,"webteck-shop-single-small-image":false,"woocommerce_thumbnail":false,"woocommerce_single":false,"woocommerce_gallery_thumbnail":false,"wpvr_mobile":false,"woosq":false},"uagb_author_info":{"display_name":"grandadmin","author_link":"https:\/\/www.clinicgrand.com\/es\/author\/grandadmin\/"},"uagb_comment_info":0,"uagb_excerpt":"LET\u2019S CONSULTATION We&#8217;re here to help! Grand Clinic team will help you get detailed information about the treatments you request. CONTACT US Call Us On: +90 531 46 47 63 Quick Mail Us: info@clinicgrand.com Location: Yeni Mahalle, \u0130n\u00f6n\u00fc Cd., No: 140, 34290, K\u00fc\u00e7\u00fck\u00e7ekmece\/\u0130stanbul,Turkey Request Call Back Surgery CategoryPlastic SurgeryRhinoplastyHair TransplantDental CareObesity SurgeryOther MAKE AN APPOINTMENT...","_links":{"self":[{"href":"https:\/\/www.clinicgrand.com\/es\/wp-json\/wp\/v2\/pages\/3278","targetHints":{"allow":["GET"]}}],"collection":[{"href":"https:\/\/www.clinicgrand.com\/es\/wp-json\/wp\/v2\/pages"}],"about":[{"href":"https:\/\/www.clinicgrand.com\/es\/wp-json\/wp\/v2\/types\/page"}],"author":[{"embeddable":true,"href":"https:\/\/www.clinicgrand.com\/es\/wp-json\/wp\/v2\/users\/1"}],"replies":[{"embeddable":true,"href":"https:\/\/www.clinicgrand.com\/es\/wp-json\/wp\/v2\/comments?post=3278"}],"version-history":[{"count":0,"href":"https:\/\/www.clinicgrand.com\/es\/wp-json\/wp\/v2\/pages\/3278\/revisions"}],"wp:attachment":[{"href":"https:\/\/www.clinicgrand.com\/es\/wp-json\/wp\/v2\/media?parent=3278"}],"curies":[{"name":"wp","href":"https:\/\/api.w.org\/{rel}","templated":true}]}}