{"id":6423,"date":"2024-08-23T14:01:54","date_gmt":"2024-08-23T11:01:54","guid":{"rendered":"https:\/\/www.clinicgrand.com\/de\/?page_id=6423"},"modified":"2024-09-03T18:29:57","modified_gmt":"2024-09-03T15:29:57","slug":"happy-patients","status":"publish","type":"page","link":"https:\/\/www.clinicgrand.com\/de\/happy-patients\/","title":{"rendered":"Happy Patients"},"content":{"rendered":"\t\t<div data-elementor-type=\"wp-page\" data-elementor-id=\"6423\" class=\"elementor elementor-6423\">\n\t\t\t\t\t\t<section class=\"elementor-section elementor-top-section elementor-element elementor-element-57376ee elementor-section-boxed elementor-section-height-default elementor-section-height-default\" data-id=\"57376ee\" data-element_type=\"section\" data-settings=\"{&quot;background_background&quot;:&quot;classic&quot;}\">\n\t\t\t\t\t\t\t<div class=\"elementor-background-overlay\"><\/div>\n\t\t\t\t\t\t\t<div class=\"elementor-container elementor-column-gap-default\">\n\t\t\t\t\t<div class=\"elementor-column elementor-col-100 elementor-top-column elementor-element elementor-element-806f44a\" data-id=\"806f44a\" data-element_type=\"column\" data-settings=\"{&quot;background_background&quot;:&quot;classic&quot;}\">\n\t\t\t<div class=\"elementor-widget-wrap\">\n\t\t\t\t\t\t\t<\/div>\n\t\t<\/div>\n\t\t\t\t\t<\/div>\n\t\t<\/section>\n\t\t\t\t<\/div>\n\t\t","protected":false},"excerpt":{"rendered":"<p>Happy Patients Lest&#8217;s Consultation We&#8217;re here to help! Grand Clinic team will help you get detailed information about the treatments you request. CONTACT US Call Us On: +90 531 46 47 63 Quick Mail Us: info@clinicgrand.com Location: Yeni Mahalle, \u0130n\u00f6n\u00fc Cd., No: 140, 34290, K\u00fc\u00e7\u00fck\u00e7ekmece\/\u0130stanbul,Turkey Request Call Back Surgery CategoryPlastic SurgeryRhinoplastyHair TransplantDental CareObesity SurgeryOther MAKE&#8230;<\/p>\n","protected":false},"author":1,"featured_media":0,"parent":0,"menu_order":0,"comment_status":"closed","ping_status":"closed","template":"elementor_header_footer","meta":{"_siteseo_robots_primary_cat":"","_uag_custom_page_level_css":"","_monsterinsights_skip_tracking":false,"_monsterinsights_sitenote_active":false,"_monsterinsights_sitenote_note":"","_monsterinsights_sitenote_category":0,"footnotes":""},"class_list":["post-6423","page","type-page","status-publish","hentry"],"aioseo_notices":[],"uagb_featured_image_src":{"full":false,"thumbnail":false,"medium":false,"medium_large":false,"large":false,"nd_cc_image_size_1110_570":false,"nd_cc_image_size_720_720":false,"webteck_80X80":false,"webteck_391X250":false,"webteck_140X140":false,"1536x1536":false,"2048x2048":false,"webteck-shop-single":false,"webteck-shop-single-small-image":false,"woocommerce_thumbnail":false,"woocommerce_single":false,"woocommerce_gallery_thumbnail":false,"wpvr_mobile":false,"woosq":false},"uagb_author_info":{"display_name":"grandadmin","author_link":"https:\/\/www.clinicgrand.com\/de\/author\/grandadmin\/"},"uagb_comment_info":0,"uagb_excerpt":"Happy Patients Lest&#8217;s Consultation We&#8217;re here to help! Grand Clinic team will help you get detailed information about the treatments you request. CONTACT US Call Us On: +90 531 46 47 63 Quick Mail Us: info@clinicgrand.com Location: Yeni Mahalle, \u0130n\u00f6n\u00fc Cd., No: 140, 34290, K\u00fc\u00e7\u00fck\u00e7ekmece\/\u0130stanbul,Turkey Request Call Back Surgery CategoryPlastic SurgeryRhinoplastyHair TransplantDental CareObesity SurgeryOther MAKE...","_links":{"self":[{"href":"https:\/\/www.clinicgrand.com\/de\/wp-json\/wp\/v2\/pages\/6423","targetHints":{"allow":["GET"]}}],"collection":[{"href":"https:\/\/www.clinicgrand.com\/de\/wp-json\/wp\/v2\/pages"}],"about":[{"href":"https:\/\/www.clinicgrand.com\/de\/wp-json\/wp\/v2\/types\/page"}],"author":[{"embeddable":true,"href":"https:\/\/www.clinicgrand.com\/de\/wp-json\/wp\/v2\/users\/1"}],"replies":[{"embeddable":true,"href":"https:\/\/www.clinicgrand.com\/de\/wp-json\/wp\/v2\/comments?post=6423"}],"version-history":[{"count":0,"href":"https:\/\/www.clinicgrand.com\/de\/wp-json\/wp\/v2\/pages\/6423\/revisions"}],"wp:attachment":[{"href":"https:\/\/www.clinicgrand.com\/de\/wp-json\/wp\/v2\/media?parent=6423"}],"curies":[{"name":"wp","href":"https:\/\/api.w.org\/{rel}","templated":true}]}}