{"id":5842,"date":"2024-07-11T16:19:47","date_gmt":"2024-07-11T13:19:47","guid":{"rendered":"https:\/\/www.clinicgrand.com\/de\/?page_id=5842"},"modified":"2024-07-12T15:12:32","modified_gmt":"2024-07-12T12:12:32","slug":"op-dr-ayse-can-ozturk","status":"publish","type":"page","link":"https:\/\/www.clinicgrand.com\/de\/op-dr-ayse-can-ozturk\/","title":{"rendered":"Op.Dr. Ay\u015fe Can \u00d6zt\u00fcrk"},"content":{"rendered":"\t\t<div data-elementor-type=\"wp-page\" data-elementor-id=\"5842\" class=\"elementor elementor-5842\">\n\t\t\t\t\t\t<section class=\"elementor-section elementor-top-section elementor-element elementor-element-875b356 elementor-section-boxed elementor-section-height-default elementor-section-height-default\" data-id=\"875b356\" data-element_type=\"section\">\n\t\t\t\t\t\t<div class=\"elementor-container elementor-column-gap-no\">\n\t\t\t\t\t<div class=\"elementor-column elementor-col-100 elementor-top-column elementor-element elementor-element-cac9ac2\" data-id=\"cac9ac2\" data-element_type=\"column\">\n\t\t\t<div class=\"elementor-widget-wrap elementor-element-populated\">\n\t\t\t\t\t\t<section class=\"elementor-section elementor-inner-section elementor-element elementor-element-191a0aa elementor-section-content-middle elementor-section-boxed elementor-section-height-default elementor-section-height-default\" data-id=\"191a0aa\" data-element_type=\"section\">\n\t\t\t\t\t\t<div class=\"elementor-container elementor-column-gap-no\">\n\t\t\t\t\t<div class=\"elementor-column elementor-col-50 elementor-inner-column elementor-element elementor-element-952fe88\" data-id=\"952fe88\" data-element_type=\"column\">\n\t\t\t<div class=\"elementor-widget-wrap elementor-element-populated\">\n\t\t\t\t\t\t<div class=\"elementor-element elementor-element-1fc80d2 elementor-widget elementor-widget-image\" data-id=\"1fc80d2\" data-element_type=\"widget\" data-widget_type=\"image.default\">\n\t\t\t\t<div class=\"elementor-widget-container\">\n\t\t\t\t\t\t\t\t\t\t\t\t\t<img fetchpriority=\"high\" decoding=\"async\" width=\"287\" height=\"300\" src=\"https:\/\/www.clinicgrand.com\/de\/wp-content\/uploads\/2024\/07\/Ayse-Can-Ozturk.png\" class=\"attachment-full size-full wp-image-5972\" alt=\"\" \/>\t\t\t\t\t\t\t\t\t\t\t\t\t<\/div>\n\t\t\t\t<\/div>\n\t\t\t\t\t<\/div>\n\t\t<\/div>\n\t\t\t\t<div class=\"elementor-column elementor-col-50 elementor-inner-column elementor-element elementor-element-9faf182 about-card_box\" data-id=\"9faf182\" data-element_type=\"column\">\n\t\t\t<div class=\"elementor-widget-wrap elementor-element-populated\">\n\t\t\t\t\t\t<div class=\"elementor-element elementor-element-4f2b219 elementor-widget elementor-widget-text-editor\" data-id=\"4f2b219\" data-element_type=\"widget\" data-widget_type=\"text-editor.default\">\n\t\t\t\t<div class=\"elementor-widget-container\">\n\t\t\t\t\t\t\t<h4 class=\"about-card_title\">Op.Dr. Ay\u015fe Can \u00d6zt\u00fcrk<\/h4><p class=\"about-card_desig\">Aesthetic Plastic And Reconstructive Surgeon<\/p>\t\t\t\t\t\t<\/div>\n\t\t\t\t<\/div>\n\t\t\t\t<div class=\"elementor-element elementor-element-bf6d80d elementor-widget elementor-widget-text-editor\" data-id=\"bf6d80d\" data-element_type=\"widget\" data-widget_type=\"text-editor.default\">\n\t\t\t\t<div class=\"elementor-widget-container\">\n\t\t\t\t\t\t\t<p>Grand Clinic offers a variety of plastic procedures in a hospital environment that adopts the latest and most up-to-date medical approaches. We also perform aesthetic, dental and hair transplant treatments with our professional doctors and expert staff.<\/p><p>For this reason, we offer our patients the most advanced professional expertise, along with the latest technology that is approved in the field. We also carefully organize and follow up on our customers&#8217; pre- and post-operative experiences to ensure that the operation and recovery process goes smoothly.<\/p><p>Our team strives to help patients have a pleasant stay in Turkey and achieve life-changing results.<\/p><p>Grand Clinic offers aesthetic services in a comfortable travel and hospital environment that will make you look your best in Istanbul Turkey. We are waiting for you on this unique journey.<\/p>\t\t\t\t\t\t<\/div>\n\t\t\t\t<\/div>\n\t\t\t\t<div class=\"elementor-element elementor-element-3a11df9 elementor-widget__width-initial elementor-widget elementor-widget-tragabutton\" data-id=\"3a11df9\" data-element_type=\"widget\" data-widget_type=\"tragabutton.default\">\n\t\t\t\t<div class=\"elementor-widget-container\">\n\t\t\t<div class=\"btn-wrapper  center\"><a class=\"th-btn\" href=\"http:\/\/wa.me\/905316464763\">Whatsapp Chat        <i class=\"fa fa-whatsapp\" aria-hidden=\"true\"><\/i><\/a><\/div>\t\t<\/div>\n\t\t\t\t<\/div>\n\t\t\t\t<div class=\"elementor-element elementor-element-0e9c8f1 elementor-widget__width-initial elementor-widget elementor-widget-tragabutton\" data-id=\"0e9c8f1\" data-element_type=\"widget\" data-widget_type=\"tragabutton.default\">\n\t\t\t\t<div class=\"elementor-widget-container\">\n\t\t\t<div class=\"btn-wrapper  center\"><a class=\"th-btn\" href=\"#\">\u0130nstagram DM        <i class=\"fa-brands fa-instagram\"><\/i><\/a><\/div>\t\t<\/div>\n\t\t\t\t<\/div>\n\t\t\t\t\t<\/div>\n\t\t<\/div>\n\t\t\t\t\t<\/div>\n\t\t<\/section>\n\t\t\t\t\t<\/div>\n\t\t<\/div>\n\t\t\t\t\t<\/div>\n\t\t<\/section>\n\t\t\t\t<section class=\"elementor-section elementor-top-section elementor-element elementor-element-b565779 elementor-section-boxed elementor-section-height-default elementor-section-height-default\" data-id=\"b565779\" data-element_type=\"section\">\n\t\t\t\t\t\t<div class=\"elementor-container elementor-column-gap-default\">\n\t\t\t\t\t<div class=\"elementor-column elementor-col-50 elementor-top-column elementor-element elementor-element-5a3a933\" data-id=\"5a3a933\" data-element_type=\"column\">\n\t\t\t<div class=\"elementor-widget-wrap elementor-element-populated\">\n\t\t\t\t\t\t<div class=\"elementor-element elementor-element-a666049 elementor-widget elementor-widget-heading\" data-id=\"a666049\" data-element_type=\"widget\" data-widget_type=\"heading.default\">\n\t\t\t\t<div class=\"elementor-widget-container\">\n\t\t\t<h4 class=\"elementor-heading-title elementor-size-default\">Personal Biography<\/h4>\t\t<\/div>\n\t\t\t\t<\/div>\n\t\t\t\t<div class=\"elementor-element elementor-element-9a3b2cc elementor-widget elementor-widget-text-editor\" data-id=\"9a3b2cc\" data-element_type=\"widget\" data-widget_type=\"text-editor.default\">\n\t\t\t\t<div class=\"elementor-widget-container\">\n\t\t\t\t\t\t\t<ul><li>Reconstructive Microsurgery Association<\/li><li>Malatya Training and Research Hospital 33. <br \/>Basic Microsurgery Course<\/li><li>Plastic Surgery Assistant School \/ ANTALYA<\/li><\/ul>\t\t\t\t\t\t<\/div>\n\t\t\t\t<\/div>\n\t\t\t\t<div class=\"elementor-element elementor-element-7dfe548 elementor-widget elementor-widget-heading\" data-id=\"7dfe548\" data-element_type=\"widget\" data-widget_type=\"heading.default\">\n\t\t\t\t<div class=\"elementor-widget-container\">\n\t\t\t<h5 class=\"elementor-heading-title elementor-size-default\">Professional Skills<\/h5>\t\t<\/div>\n\t\t\t\t<\/div>\n\t\t\t\t<div class=\"elementor-element elementor-element-e0708a0 elementor-widget elementor-widget-text-editor\" data-id=\"e0708a0\" data-element_type=\"widget\" data-widget_type=\"text-editor.default\">\n\t\t\t\t<div class=\"elementor-widget-container\">\n\t\t\t\t\t\t\tCredibly scale plug-and-play customer service after high-payoff idea. Monotonectall incentivize installed base intellectual capital whereas flexible process improvement. Conveniently. Distinctively negotiate front-end customer service rather. Process tonectall incentivize installed base intellectual flexible.\t\t\t\t\t\t<\/div>\n\t\t\t\t<\/div>\n\t\t\t\t\t<\/div>\n\t\t<\/div>\n\t\t\t\t<div class=\"elementor-column elementor-col-50 elementor-top-column elementor-element elementor-element-df84be8\" data-id=\"df84be8\" data-element_type=\"column\">\n\t\t\t<div class=\"elementor-widget-wrap elementor-element-populated\">\n\t\t\t\t\t\t<div class=\"elementor-element elementor-element-00b0027 elementor-widget elementor-widget-heading\" data-id=\"00b0027\" data-element_type=\"widget\" data-widget_type=\"heading.default\">\n\t\t\t\t<div class=\"elementor-widget-container\">\n\t\t\t<h5 class=\"elementor-heading-title elementor-size-default\">Area Of Expertise<\/h5>\t\t<\/div>\n\t\t\t\t<\/div>\n\t\t\t\t<section class=\"elementor-section elementor-inner-section elementor-element elementor-element-b4304cd elementor-section-boxed elementor-section-height-default elementor-section-height-default\" data-id=\"b4304cd\" data-element_type=\"section\">\n\t\t\t\t\t\t<div class=\"elementor-container elementor-column-gap-no\">\n\t\t\t\t\t<div class=\"elementor-column elementor-col-50 elementor-inner-column elementor-element elementor-element-eca91ab\" data-id=\"eca91ab\" data-element_type=\"column\">\n\t\t\t<div class=\"elementor-widget-wrap elementor-element-populated\">\n\t\t\t\t\t\t<div class=\"elementor-element elementor-element-23750cf elementor-widget elementor-widget-tragalist\" data-id=\"23750cf\" data-element_type=\"widget\" data-widget_type=\"tragalist.default\">\n\t\t\t\t<div class=\"elementor-widget-container\">\n\t\t\t<div class=\"checklist\"><ul><li><i class=\"fas fa-badge-check\"><\/i> Tummy Tuck<\/li><li><i class=\"fas fa-badge-check\"><\/i> Breast Implant<\/li><li><i class=\"fas fa-badge-check\"><\/i> Breast Lift\n<\/li><li><i class=\"fas fa-badge-check\"><\/i> Liposuction\n<\/li><li><i class=\"fas fa-badge-check\"><\/i>BBL<\/li><li><i class=\"fas fa-badge-check\"><\/i>Mommy Makeover\n<\/li><li><i class=\"fas fa-badge-check\"><\/i> Arm Lift\n<\/li><li><i class=\"fas fa-badge-check\"><\/i> Leg Lift<\/li><li><i class=\"fas fa-badge-check\"><\/i> Neck Liposuction \n<\/li><li><i class=\"fas fa-badge-check\"><\/i>Thigh Lift\n<\/li><\/ul><\/div>\t\t<\/div>\n\t\t\t\t<\/div>\n\t\t\t\t\t<\/div>\n\t\t<\/div>\n\t\t\t\t<div class=\"elementor-column elementor-col-50 elementor-inner-column elementor-element elementor-element-b41ac0f\" data-id=\"b41ac0f\" data-element_type=\"column\">\n\t\t\t<div class=\"elementor-widget-wrap elementor-element-populated\">\n\t\t\t\t\t\t<div class=\"elementor-element elementor-element-df3a3e9 elementor-widget elementor-widget-tragalist\" data-id=\"df3a3e9\" data-element_type=\"widget\" data-widget_type=\"tragalist.default\">\n\t\t\t\t<div class=\"elementor-widget-container\">\n\t\t\t<div class=\"checklist\"><ul><li><i class=\"fas fa-badge-check\"><\/i>Calf Reduction<\/li><li><i class=\"fas fa-badge-check\"><\/i>Rhinoplasty<\/li><li><i class=\"fas fa-badge-check\"><\/i>Blepharoplasty<\/li><li><i class=\"fas fa-badge-check\"><\/i>Brow Lift<\/li><li><i class=\"fas fa-badge-check\"><\/i>Canthoplasty<\/li><li><i class=\"fas fa-badge-check\"><\/i> Lip Lift\n<\/li><li><i class=\"fas fa-badge-check\"><\/i> Bichectomy<\/li><li><i class=\"fas fa-badge-check\"><\/i>Prominent Ear\n<\/li><li><i class=\"fas fa-badge-check\"><\/i>Genital Aesthetics\n<\/li><\/ul><\/div>\t\t<\/div>\n\t\t\t\t<\/div>\n\t\t\t\t\t<\/div>\n\t\t<\/div>\n\t\t\t\t\t<\/div>\n\t\t<\/section>\n\t\t\t\t<div class=\"elementor-element elementor-element-5daff46 elementor-widget elementor-widget-heading\" data-id=\"5daff46\" data-element_type=\"widget\" data-widget_type=\"heading.default\">\n\t\t\t\t<div class=\"elementor-widget-container\">\n\t\t\t<h5 class=\"elementor-heading-title elementor-size-default\">Educational Qualification<\/h5>\t\t<\/div>\n\t\t\t\t<\/div>\n\t\t\t\t<div class=\"elementor-element elementor-element-44f99b8 elementor-widget elementor-widget-text-editor\" data-id=\"44f99b8\" data-element_type=\"widget\" data-widget_type=\"text-editor.default\">\n\t\t\t\t<div class=\"elementor-widget-container\">\n\t\t\t\t\t\t\t<ul><li>F\u0131rat Un\u0131versity Faculty of Medicine<\/li><li>\u00a0Anadolu University Helath Institutions<\/li><li>Management Master\u2019s Degree\u00a0<\/li><li>Elaz\u0131\u011f High School<\/li><li>\u00a0Health Scieences University Plastic <br \/>(University Where He Takes Expertise)<\/li><li>Reconstructive and Aesthetic Surgery <br \/>Specialization<\/li><\/ul>\t\t\t\t\t\t<\/div>\n\t\t\t\t<\/div>\n\t\t\t\t\t<\/div>\n\t\t<\/div>\n\t\t\t\t\t<\/div>\n\t\t<\/section>\n\t\t\t\t<\/div>\n\t\t","protected":false},"excerpt":{"rendered":"<p>Op.Dr. Ay\u015fe Can \u00d6zt\u00fcrk Aesthetic Plastic And Reconstructive Surgeon Grand Clinic offers a variety of plastic procedures in a hospital environment that adopts the latest and most up-to-date medical approaches. We also perform aesthetic, dental and hair transplant treatments with our professional doctors and expert staff. For this reason, we offer our patients the most&#8230;<\/p>\n","protected":false},"author":1,"featured_media":0,"parent":0,"menu_order":0,"comment_status":"closed","ping_status":"closed","template":"","meta":{"_siteseo_robots_primary_cat":"","_uag_custom_page_level_css":"","_monsterinsights_skip_tracking":false,"_monsterinsights_sitenote_active":false,"_monsterinsights_sitenote_note":"","_monsterinsights_sitenote_category":0,"footnotes":""},"class_list":["post-5842","page","type-page","status-publish","hentry"],"aioseo_notices":[],"uagb_featured_image_src":{"full":false,"thumbnail":false,"medium":false,"medium_large":false,"large":false,"nd_cc_image_size_1110_570":false,"nd_cc_image_size_720_720":false,"webteck_80X80":false,"webteck_391X250":false,"webteck_140X140":false,"1536x1536":false,"2048x2048":false,"webteck-shop-single":false,"webteck-shop-single-small-image":false,"woocommerce_thumbnail":false,"woocommerce_single":false,"woocommerce_gallery_thumbnail":false,"wpvr_mobile":false,"woosq":false},"uagb_author_info":{"display_name":"grandadmin","author_link":"https:\/\/www.clinicgrand.com\/de\/author\/grandadmin\/"},"uagb_comment_info":0,"uagb_excerpt":"Op.Dr. Ay\u015fe Can \u00d6zt\u00fcrk Aesthetic Plastic And Reconstructive Surgeon Grand Clinic offers a variety of plastic procedures in a hospital environment that adopts the latest and most up-to-date medical approaches. We also perform aesthetic, dental and hair transplant treatments with our professional doctors and expert staff. For this reason, we offer our patients the most...","_links":{"self":[{"href":"https:\/\/www.clinicgrand.com\/de\/wp-json\/wp\/v2\/pages\/5842","targetHints":{"allow":["GET"]}}],"collection":[{"href":"https:\/\/www.clinicgrand.com\/de\/wp-json\/wp\/v2\/pages"}],"about":[{"href":"https:\/\/www.clinicgrand.com\/de\/wp-json\/wp\/v2\/types\/page"}],"author":[{"embeddable":true,"href":"https:\/\/www.clinicgrand.com\/de\/wp-json\/wp\/v2\/users\/1"}],"replies":[{"embeddable":true,"href":"https:\/\/www.clinicgrand.com\/de\/wp-json\/wp\/v2\/comments?post=5842"}],"version-history":[{"count":0,"href":"https:\/\/www.clinicgrand.com\/de\/wp-json\/wp\/v2\/pages\/5842\/revisions"}],"wp:attachment":[{"href":"https:\/\/www.clinicgrand.com\/de\/wp-json\/wp\/v2\/media?parent=5842"}],"curies":[{"name":"wp","href":"https:\/\/api.w.org\/{rel}","templated":true}]}}