{"id":6423,"date":"2024-08-23T14:01:54","date_gmt":"2024-08-23T11:01:54","guid":{"rendered":"http:\/\/www.clinicgrand.com\/it\/?page_id=6423"},"modified":"2024-09-03T18:29:57","modified_gmt":"2024-09-03T15:29:57","slug":"happy-patients","status":"publish","type":"page","link":"http:\/\/www.clinicgrand.com\/it\/happy-patients\/","title":{"rendered":"Happy Patients"},"content":{"rendered":"\t\t<div data-elementor-type=\"wp-page\" data-elementor-id=\"6423\" class=\"elementor elementor-6423\">\n\t\t\t\t\t\t<section class=\"elementor-section elementor-top-section elementor-element elementor-element-57376ee elementor-section-boxed elementor-section-height-default elementor-section-height-default\" data-id=\"57376ee\" data-element_type=\"section\" data-settings=\"{&quot;background_background&quot;:&quot;classic&quot;}\">\n\t\t\t\t\t\t\t<div class=\"elementor-background-overlay\"><\/div>\n\t\t\t\t\t\t\t<div class=\"elementor-container elementor-column-gap-default\">\n\t\t\t\t\t<div class=\"elementor-column elementor-col-100 elementor-top-column elementor-element elementor-element-806f44a\" data-id=\"806f44a\" data-element_type=\"column\" data-settings=\"{&quot;background_background&quot;:&quot;classic&quot;}\">\n\t\t\t<div class=\"elementor-widget-wrap elementor-element-populated\">\n\t\t\t\t<div class=\"elementor-element elementor-element-c7193c2 e-con-full e-flex e-con e-parent\" data-id=\"c7193c2\" data-element_type=\"container\">\n\t\t\t\t<div class=\"elementor-element elementor-element-4904421 elementor-widget elementor-widget-heading\" data-id=\"4904421\" data-element_type=\"widget\" data-widget_type=\"heading.default\">\n\t\t\t\t<div class=\"elementor-widget-container\">\n\t\t\t<h2 class=\"elementor-heading-title elementor-size-default\">Happy Patients<\/h2>\t\t<\/div>\n\t\t\t\t<\/div>\n\t\t<div class=\"elementor-element elementor-element-57a29db e-con-full e-flex e-con e-child\" data-id=\"57a29db\" data-element_type=\"container\">\n\t\t\t\t<div class=\"elementor-element elementor-element-50c8849 gallery-spacing-custom elementor-widget elementor-widget-image-gallery\" data-id=\"50c8849\" data-element_type=\"widget\" data-widget_type=\"image-gallery.default\">\n\t\t\t\t<div class=\"elementor-widget-container\">\n\t\t\t\t\t<div class=\"elementor-image-gallery\">\n\t\t\t<div id='gallery-1' class='gallery galleryid-3047 gallery-columns-3 gallery-size-woosq'><figure class='gallery-item'>\n\t\t\t<div class='gallery-icon portrait'>\n\t\t\t\t<a data-elementor-open-lightbox=\"yes\" data-elementor-lightbox-slideshow=\"50c8849\" data-elementor-lightbox-title=\"hasta7\" data-e-action-hash=\"#elementor-action%3Aaction%3Dlightbox%26settings%3DeyJpZCI6NjQ2MCwidXJsIjoiaHR0cDpcL1wvd3d3LmNsaW5pY2dyYW5kLmNvbVwvaXRcL3dwLWNvbnRlbnRcL3VwbG9hZHNcLzIwMjRcLzA4XC9oYXN0YTctMS5wbmciLCJzbGlkZXNob3ciOiI1MGM4ODQ5In0%3D\" href='http:\/\/www.clinicgrand.com\/it\/wp-content\/uploads\/2024\/08\/hasta7-1.png'><img fetchpriority=\"high\" decoding=\"async\" width=\"260\" height=\"460\" src=\"http:\/\/www.clinicgrand.com\/it\/wp-content\/uploads\/2024\/08\/hasta7-1.png\" class=\"attachment-woosq size-woosq\" alt=\"\" srcset=\"http:\/\/www.clinicgrand.com\/it\/wp-content\/uploads\/2024\/08\/hasta7-1.png 3252w, http:\/\/www.clinicgrand.com\/it\/wp-content\/uploads\/2024\/08\/hasta7-1-169x300.png 169w, http:\/\/www.clinicgrand.com\/it\/wp-content\/uploads\/2024\/08\/hasta7-1-578x1024.png 578w, http:\/\/www.clinicgrand.com\/it\/wp-content\/uploads\/2024\/08\/hasta7-1-768x1361.png 768w\" sizes=\"(max-width: 260px) 100vw, 260px\" \/><\/a>\n\t\t\t<\/div><\/figure><figure class='gallery-item'>\n\t\t\t<div class='gallery-icon portrait'>\n\t\t\t\t<a data-elementor-open-lightbox=\"yes\" data-elementor-lightbox-slideshow=\"50c8849\" data-elementor-lightbox-title=\"hasta6\" data-e-action-hash=\"#elementor-action%3Aaction%3Dlightbox%26settings%3DeyJpZCI6NjQ1OSwidXJsIjoiaHR0cDpcL1wvd3d3LmNsaW5pY2dyYW5kLmNvbVwvaXRcL3dwLWNvbnRlbnRcL3VwbG9hZHNcLzIwMjRcLzA4XC9oYXN0YTYtMS5wbmciLCJzbGlkZXNob3ciOiI1MGM4ODQ5In0%3D\" href='http:\/\/www.clinicgrand.com\/it\/wp-content\/uploads\/2024\/08\/hasta6-1.png'><img decoding=\"async\" width=\"260\" height=\"460\" src=\"http:\/\/www.clinicgrand.com\/it\/wp-content\/uploads\/2024\/08\/hasta6-1.png\" class=\"attachment-woosq size-woosq\" alt=\"\" srcset=\"http:\/\/www.clinicgrand.com\/it\/wp-content\/uploads\/2024\/08\/hasta6-1.png 3252w, http:\/\/www.clinicgrand.com\/it\/wp-content\/uploads\/2024\/08\/hasta6-1-169x300.png 169w, http:\/\/www.clinicgrand.com\/it\/wp-content\/uploads\/2024\/08\/hasta6-1-578x1024.png 578w, http:\/\/www.clinicgrand.com\/it\/wp-content\/uploads\/2024\/08\/hasta6-1-768x1361.png 768w, http:\/\/www.clinicgrand.com\/it\/wp-content\/uploads\/2024\/08\/hasta6-1-867x1536.png 867w\" sizes=\"(max-width: 260px) 100vw, 260px\" \/><\/a>\n\t\t\t<\/div><\/figure><figure class='gallery-item'>\n\t\t\t<div class='gallery-icon portrait'>\n\t\t\t\t<a data-elementor-open-lightbox=\"yes\" data-elementor-lightbox-slideshow=\"50c8849\" data-elementor-lightbox-title=\"hasta5\" data-e-action-hash=\"#elementor-action%3Aaction%3Dlightbox%26settings%3DeyJpZCI6NjQ1OCwidXJsIjoiaHR0cDpcL1wvd3d3LmNsaW5pY2dyYW5kLmNvbVwvaXRcL3dwLWNvbnRlbnRcL3VwbG9hZHNcLzIwMjRcLzA4XC9oYXN0YTUtMS5wbmciLCJzbGlkZXNob3ciOiI1MGM4ODQ5In0%3D\" href='http:\/\/www.clinicgrand.com\/it\/wp-content\/uploads\/2024\/08\/hasta5-1.png'><img decoding=\"async\" width=\"260\" height=\"460\" src=\"http:\/\/www.clinicgrand.com\/it\/wp-content\/uploads\/2024\/08\/hasta5-1.png\" class=\"attachment-woosq size-woosq\" alt=\"\" srcset=\"http:\/\/www.clinicgrand.com\/it\/wp-content\/uploads\/2024\/08\/hasta5-1.png 3252w, http:\/\/www.clinicgrand.com\/it\/wp-content\/uploads\/2024\/08\/hasta5-1-169x300.png 169w, http:\/\/www.clinicgrand.com\/it\/wp-content\/uploads\/2024\/08\/hasta5-1-578x1024.png 578w, http:\/\/www.clinicgrand.com\/it\/wp-content\/uploads\/2024\/08\/hasta5-1-768x1361.png 768w\" sizes=\"(max-width: 260px) 100vw, 260px\" \/><\/a>\n\t\t\t<\/div><\/figure><figure class='gallery-item'>\n\t\t\t<div class='gallery-icon portrait'>\n\t\t\t\t<a data-elementor-open-lightbox=\"yes\" data-elementor-lightbox-slideshow=\"50c8849\" data-elementor-lightbox-title=\"hasta3\" data-e-action-hash=\"#elementor-action%3Aaction%3Dlightbox%26settings%3DeyJpZCI6NjQ1NiwidXJsIjoiaHR0cDpcL1wvd3d3LmNsaW5pY2dyYW5kLmNvbVwvaXRcL3dwLWNvbnRlbnRcL3VwbG9hZHNcLzIwMjRcLzA4XC9oYXN0YTMtMS5wbmciLCJzbGlkZXNob3ciOiI1MGM4ODQ5In0%3D\" href='http:\/\/www.clinicgrand.com\/it\/wp-content\/uploads\/2024\/08\/hasta3-1.png'><img loading=\"lazy\" decoding=\"async\" width=\"259\" height=\"460\" src=\"http:\/\/www.clinicgrand.com\/it\/wp-content\/uploads\/2024\/08\/hasta3-1.png\" class=\"attachment-woosq size-woosq\" alt=\"\" srcset=\"http:\/\/www.clinicgrand.com\/it\/wp-content\/uploads\/2024\/08\/hasta3-1.png 3252w, http:\/\/www.clinicgrand.com\/it\/wp-content\/uploads\/2024\/08\/hasta3-1-169x300.png 169w, http:\/\/www.clinicgrand.com\/it\/wp-content\/uploads\/2024\/08\/hasta3-1-577x1024.png 577w, http:\/\/www.clinicgrand.com\/it\/wp-content\/uploads\/2024\/08\/hasta3-1-768x1363.png 768w\" sizes=\"(max-width: 259px) 100vw, 259px\" \/><\/a>\n\t\t\t<\/div><\/figure><figure class='gallery-item'>\n\t\t\t<div class='gallery-icon portrait'>\n\t\t\t\t<a data-elementor-open-lightbox=\"yes\" data-elementor-lightbox-slideshow=\"50c8849\" data-elementor-lightbox-title=\"hasta2\" data-e-action-hash=\"#elementor-action%3Aaction%3Dlightbox%26settings%3DeyJpZCI6NjQ1NSwidXJsIjoiaHR0cDpcL1wvd3d3LmNsaW5pY2dyYW5kLmNvbVwvaXRcL3dwLWNvbnRlbnRcL3VwbG9hZHNcLzIwMjRcLzA4XC9oYXN0YTItMS5wbmciLCJzbGlkZXNob3ciOiI1MGM4ODQ5In0%3D\" href='http:\/\/www.clinicgrand.com\/it\/wp-content\/uploads\/2024\/08\/hasta2-1.png'><img loading=\"lazy\" decoding=\"async\" width=\"260\" height=\"460\" src=\"http:\/\/www.clinicgrand.com\/it\/wp-content\/uploads\/2024\/08\/hasta2-1.png\" class=\"attachment-woosq size-woosq\" alt=\"\" srcset=\"http:\/\/www.clinicgrand.com\/it\/wp-content\/uploads\/2024\/08\/hasta2-1.png 3252w, http:\/\/www.clinicgrand.com\/it\/wp-content\/uploads\/2024\/08\/hasta2-1-169x300.png 169w, http:\/\/www.clinicgrand.com\/it\/wp-content\/uploads\/2024\/08\/hasta2-1-578x1024.png 578w, http:\/\/www.clinicgrand.com\/it\/wp-content\/uploads\/2024\/08\/hasta2-1-768x1361.png 768w\" sizes=\"(max-width: 260px) 100vw, 260px\" \/><\/a>\n\t\t\t<\/div><\/figure><figure class='gallery-item'>\n\t\t\t<div class='gallery-icon portrait'>\n\t\t\t\t<a data-elementor-open-lightbox=\"yes\" data-elementor-lightbox-slideshow=\"50c8849\" data-elementor-lightbox-title=\"hasta1\" data-e-action-hash=\"#elementor-action%3Aaction%3Dlightbox%26settings%3DeyJpZCI6NjQ1NCwidXJsIjoiaHR0cDpcL1wvd3d3LmNsaW5pY2dyYW5kLmNvbVwvaXRcL3dwLWNvbnRlbnRcL3VwbG9hZHNcLzIwMjRcLzA4XC9oYXN0YTEtMS5wbmciLCJzbGlkZXNob3ciOiI1MGM4ODQ5In0%3D\" href='http:\/\/www.clinicgrand.com\/it\/wp-content\/uploads\/2024\/08\/hasta1-1.png'><img loading=\"lazy\" decoding=\"async\" width=\"259\" height=\"460\" src=\"http:\/\/www.clinicgrand.com\/it\/wp-content\/uploads\/2024\/08\/hasta1-1.png\" class=\"attachment-woosq size-woosq\" alt=\"\" srcset=\"http:\/\/www.clinicgrand.com\/it\/wp-content\/uploads\/2024\/08\/hasta1-1.png 3252w, http:\/\/www.clinicgrand.com\/it\/wp-content\/uploads\/2024\/08\/hasta1-1-169x300.png 169w, http:\/\/www.clinicgrand.com\/it\/wp-content\/uploads\/2024\/08\/hasta1-1-578x1024.png 578w, http:\/\/www.clinicgrand.com\/it\/wp-content\/uploads\/2024\/08\/hasta1-1-768x1362.png 768w\" sizes=\"(max-width: 259px) 100vw, 259px\" \/><\/a>\n\t\t\t<\/div><\/figure><figure class='gallery-item'>\n\t\t\t<div class='gallery-icon portrait'>\n\t\t\t\t<a data-elementor-open-lightbox=\"yes\" data-elementor-lightbox-slideshow=\"50c8849\" data-elementor-lightbox-title=\"hasta14\" data-e-action-hash=\"#elementor-action%3Aaction%3Dlightbox%26settings%3DeyJpZCI6NjQ1MywidXJsIjoiaHR0cDpcL1wvd3d3LmNsaW5pY2dyYW5kLmNvbVwvaXRcL3dwLWNvbnRlbnRcL3VwbG9hZHNcLzIwMjRcLzA4XC9oYXN0YTE0LnBuZyIsInNsaWRlc2hvdyI6IjUwYzg4NDkifQ%3D%3D\" href='http:\/\/www.clinicgrand.com\/it\/wp-content\/uploads\/2024\/08\/hasta14.png'><img loading=\"lazy\" decoding=\"async\" width=\"260\" height=\"460\" src=\"http:\/\/www.clinicgrand.com\/it\/wp-content\/uploads\/2024\/08\/hasta14.png\" class=\"attachment-woosq size-woosq\" alt=\"\" srcset=\"http:\/\/www.clinicgrand.com\/it\/wp-content\/uploads\/2024\/08\/hasta14.png 3252w, http:\/\/www.clinicgrand.com\/it\/wp-content\/uploads\/2024\/08\/hasta14-169x300.png 169w, http:\/\/www.clinicgrand.com\/it\/wp-content\/uploads\/2024\/08\/hasta14-578x1024.png 578w\" sizes=\"(max-width: 260px) 100vw, 260px\" \/><\/a>\n\t\t\t<\/div><\/figure><figure class='gallery-item'>\n\t\t\t<div class='gallery-icon portrait'>\n\t\t\t\t<a data-elementor-open-lightbox=\"yes\" data-elementor-lightbox-slideshow=\"50c8849\" data-elementor-lightbox-title=\"hasta11\" data-e-action-hash=\"#elementor-action%3Aaction%3Dlightbox%26settings%3DeyJpZCI6NjQ1MCwidXJsIjoiaHR0cDpcL1wvd3d3LmNsaW5pY2dyYW5kLmNvbVwvaXRcL3dwLWNvbnRlbnRcL3VwbG9hZHNcLzIwMjRcLzA4XC9oYXN0YTExLnBuZyIsInNsaWRlc2hvdyI6IjUwYzg4NDkifQ%3D%3D\" href='http:\/\/www.clinicgrand.com\/it\/wp-content\/uploads\/2024\/08\/hasta11.png'><img loading=\"lazy\" decoding=\"async\" width=\"260\" height=\"460\" src=\"http:\/\/www.clinicgrand.com\/it\/wp-content\/uploads\/2024\/08\/hasta11.png\" class=\"attachment-woosq size-woosq\" alt=\"\" srcset=\"http:\/\/www.clinicgrand.com\/it\/wp-content\/uploads\/2024\/08\/hasta11.png 3252w, http:\/\/www.clinicgrand.com\/it\/wp-content\/uploads\/2024\/08\/hasta11-169x300.png 169w, http:\/\/www.clinicgrand.com\/it\/wp-content\/uploads\/2024\/08\/hasta11-578x1024.png 578w, http:\/\/www.clinicgrand.com\/it\/wp-content\/uploads\/2024\/08\/hasta11-768x1361.png 768w\" sizes=\"(max-width: 260px) 100vw, 260px\" \/><\/a>\n\t\t\t<\/div><\/figure><figure class='gallery-item'>\n\t\t\t<div class='gallery-icon portrait'>\n\t\t\t\t<a data-elementor-open-lightbox=\"yes\" data-elementor-lightbox-slideshow=\"50c8849\" data-elementor-lightbox-title=\"hasta10\" data-e-action-hash=\"#elementor-action%3Aaction%3Dlightbox%26settings%3DeyJpZCI6NjQ0OSwidXJsIjoiaHR0cDpcL1wvd3d3LmNsaW5pY2dyYW5kLmNvbVwvaXRcL3dwLWNvbnRlbnRcL3VwbG9hZHNcLzIwMjRcLzA4XC9oYXN0YTEwLnBuZyIsInNsaWRlc2hvdyI6IjUwYzg4NDkifQ%3D%3D\" href='http:\/\/www.clinicgrand.com\/it\/wp-content\/uploads\/2024\/08\/hasta10.png'><img loading=\"lazy\" decoding=\"async\" width=\"260\" height=\"460\" src=\"http:\/\/www.clinicgrand.com\/it\/wp-content\/uploads\/2024\/08\/hasta10.png\" class=\"attachment-woosq size-woosq\" alt=\"\" srcset=\"http:\/\/www.clinicgrand.com\/it\/wp-content\/uploads\/2024\/08\/hasta10.png 3252w, http:\/\/www.clinicgrand.com\/it\/wp-content\/uploads\/2024\/08\/hasta10-169x300.png 169w, http:\/\/www.clinicgrand.com\/it\/wp-content\/uploads\/2024\/08\/hasta10-578x1024.png 578w, http:\/\/www.clinicgrand.com\/it\/wp-content\/uploads\/2024\/08\/hasta10-768x1361.png 768w\" sizes=\"(max-width: 260px) 100vw, 260px\" \/><\/a>\n\t\t\t<\/div><\/figure><figure class='gallery-item'>\n\t\t\t<div class='gallery-icon portrait'>\n\t\t\t\t<a data-elementor-open-lightbox=\"yes\" data-elementor-lightbox-slideshow=\"50c8849\" data-elementor-lightbox-title=\"hasta9\" data-e-action-hash=\"#elementor-action%3Aaction%3Dlightbox%26settings%3DeyJpZCI6NjQ0OCwidXJsIjoiaHR0cDpcL1wvd3d3LmNsaW5pY2dyYW5kLmNvbVwvaXRcL3dwLWNvbnRlbnRcL3VwbG9hZHNcLzIwMjRcLzA4XC9oYXN0YTkucG5nIiwic2xpZGVzaG93IjoiNTBjODg0OSJ9\" href='http:\/\/www.clinicgrand.com\/it\/wp-content\/uploads\/2024\/08\/hasta9.png'><img loading=\"lazy\" decoding=\"async\" width=\"260\" height=\"460\" src=\"http:\/\/www.clinicgrand.com\/it\/wp-content\/uploads\/2024\/08\/hasta9.png\" class=\"attachment-woosq size-woosq\" alt=\"\" srcset=\"http:\/\/www.clinicgrand.com\/it\/wp-content\/uploads\/2024\/08\/hasta9.png 3252w, http:\/\/www.clinicgrand.com\/it\/wp-content\/uploads\/2024\/08\/hasta9-169x300.png 169w, http:\/\/www.clinicgrand.com\/it\/wp-content\/uploads\/2024\/08\/hasta9-578x1024.png 578w, http:\/\/www.clinicgrand.com\/it\/wp-content\/uploads\/2024\/08\/hasta9-768x1361.png 768w\" sizes=\"(max-width: 260px) 100vw, 260px\" \/><\/a>\n\t\t\t<\/div><\/figure><figure class='gallery-item'>\n\t\t\t<div class='gallery-icon portrait'>\n\t\t\t\t<a data-elementor-open-lightbox=\"yes\" data-elementor-lightbox-slideshow=\"50c8849\" data-elementor-lightbox-title=\"hasta8\" data-e-action-hash=\"#elementor-action%3Aaction%3Dlightbox%26settings%3DeyJpZCI6NjQ0NywidXJsIjoiaHR0cDpcL1wvd3d3LmNsaW5pY2dyYW5kLmNvbVwvaXRcL3dwLWNvbnRlbnRcL3VwbG9hZHNcLzIwMjRcLzA4XC9oYXN0YTgucG5nIiwic2xpZGVzaG93IjoiNTBjODg0OSJ9\" href='http:\/\/www.clinicgrand.com\/it\/wp-content\/uploads\/2024\/08\/hasta8.png'><img loading=\"lazy\" decoding=\"async\" width=\"260\" height=\"460\" src=\"http:\/\/www.clinicgrand.com\/it\/wp-content\/uploads\/2024\/08\/hasta8.png\" class=\"attachment-woosq size-woosq\" alt=\"\" srcset=\"http:\/\/www.clinicgrand.com\/it\/wp-content\/uploads\/2024\/08\/hasta8.png 3252w, http:\/\/www.clinicgrand.com\/it\/wp-content\/uploads\/2024\/08\/hasta8-169x300.png 169w, http:\/\/www.clinicgrand.com\/it\/wp-content\/uploads\/2024\/08\/hasta8-578x1024.png 578w, http:\/\/www.clinicgrand.com\/it\/wp-content\/uploads\/2024\/08\/hasta8-768x1361.png 768w\" sizes=\"(max-width: 260px) 100vw, 260px\" \/><\/a>\n\t\t\t<\/div><\/figure>\n\t\t<\/div>\n\t\t<\/div>\n\t\t\t\t<\/div>\n\t\t\t\t<\/div>\n\t\t\t\t<\/div>\n\t\t\t\t<\/div>\n\t\t\t\t\t<\/div>\n\t\t<\/div>\n\t\t\t\t\t<\/div>\n\t\t<\/section>\n\t\t<div class=\"elementor-element elementor-element-6bb1b00 e-con-full e-flex e-con e-parent\" data-id=\"6bb1b00\" data-element_type=\"container\" data-settings=\"{&quot;background_background&quot;:&quot;classic&quot;}\">\n\t\t<div class=\"elementor-element elementor-element-274a3f7 e-con-full e-flex e-con e-child\" data-id=\"274a3f7\" data-element_type=\"container\">\n\t\t\t\t<div class=\"elementor-element elementor-element-78d7a46 elementor-widget__width-initial elementor-widget-tablet__width-initial ms-xl-0 ms-auto me-auto elementor-widget elementor-widget-tragasectiontitle\" data-id=\"78d7a46\" data-element_type=\"widget\" data-widget_type=\"tragasectiontitle.default\">\n\t\t\t\t<div class=\"elementor-widget-container\">\n\t\t\t<div class=\"title-area-wrap\"><div class=\"title-area mb-35\" ><div class=\"shadow-title\">Lest's Consultation<\/div><h2 class=\"sec-title title-selector\">We're here to help!  <span class=\"text-theme\"><\/span><\/h2><\/div><p class=\"desc-selector mt-n2 mb-4\">Grand Clinic team will help you get detailed information about the treatments you request.<\/p><\/div>\t\t<\/div>\n\t\t\t\t<\/div>\n\t\t\t\t<div class=\"elementor-element elementor-element-2e8814e elementor-widget__width-initial ms-xl-0 ms-auto me-auto elementor-widget elementor-widget-tragacontactinfo\" data-id=\"2e8814e\" data-element_type=\"widget\" data-widget_type=\"tragacontactinfo.default\">\n\t\t\t\t<div class=\"elementor-widget-container\">\n\t\t\t<div class=\"widget footer-widget\"><h3 class=\"widget_title\">CONTACT US<\/h3><div class=\"th-widget-contact\"><div class=\"contact-feature\"><div class=\"icon-btn\"><i class=\"fas fa-phone\"><\/i><\/div><div class=\"media-body\"><p class=\"contact-feature_label\">Call Us On:<\/p><a class=\"contact-feature_link\" href=\"tel:+90531464763\">+90 531 46 47 63<\/a><\/div><\/div><div class=\"contact-feature\"><div class=\"icon-btn\"><i class=\"fas fa-envelope\"><\/i><\/div><div class=\"media-body\"><p class=\"contact-feature_label\">Quick Mail Us:<\/p><a class=\"contact-feature_link\" href=\"mailto:info@clinicgrand.com\">info@clinicgrand.com<\/a><\/div><\/div><div class=\"contact-feature\"><div class=\"icon-btn\"><i class=\"fa-light fa-location-dot icon-btn\"><\/i><\/div><div class=\"media-body\"><p class=\"contact-feature_label\">Location:<\/p><a class=\"contact-feature_link\" href=\"https:\/\/www.google.com\/maps\">Yeni Mahalle, \u0130n\u00f6n\u00fc Cd., No: 140, 34290, K\u00fc\u00e7\u00fck\u00e7ekmece\/\u0130stanbul,Turkey<\/a><\/div><\/div><\/div><\/div>\t\t<\/div>\n\t\t\t\t<\/div>\n\t\t\t\t<\/div>\n\t\t<div class=\"elementor-element elementor-element-af4e1ff e-con-full e-flex e-con e-child\" data-id=\"af4e1ff\" data-element_type=\"container\">\n\t\t\t\t<div class=\"elementor-element elementor-element-b2fa5a6 elementor-widget__width-initial elementor-widget-mobile__width-inherit elementor-widget elementor-widget-tragacontactus\" data-id=\"b2fa5a6\" data-element_type=\"widget\" data-widget_type=\"tragacontactus.default\">\n\t\t\t\t<div class=\"elementor-widget-container\">\n\t\t\t<div><h3 class=\"h4 mt-n2 mb-30 text-center\">Request Call Back<\/h3>\n<div class=\"wpcf7 no-js\" id=\"wpcf7-f3181-o1\" lang=\"en-US\" dir=\"ltr\">\n<div class=\"screen-reader-response\"><p role=\"status\" aria-live=\"polite\" aria-atomic=\"true\"><\/p> <ul><\/ul><\/div>\n<form action=\"\/it\/wp-json\/wp\/v2\/pages\/6423#wpcf7-f3181-o1\" method=\"post\" class=\"wpcf7-form init\" aria-label=\"Contact form\" novalidate=\"novalidate\" data-status=\"init\">\n<div style=\"display: none;\">\n<input type=\"hidden\" name=\"_wpcf7\" value=\"3181\" \/>\n<input type=\"hidden\" name=\"_wpcf7_version\" value=\"5.9.7\" \/>\n<input type=\"hidden\" name=\"_wpcf7_locale\" value=\"en_US\" \/>\n<input type=\"hidden\" name=\"_wpcf7_unit_tag\" value=\"wpcf7-f3181-o1\" \/>\n<input type=\"hidden\" name=\"_wpcf7_container_post\" value=\"0\" \/>\n<input type=\"hidden\" name=\"_wpcf7_posted_data_hash\" value=\"\" \/>\n<\/div>\n<div class=\"appoitment-form\">\n\t<div class=\"row\">\n\t\t<div class=\"form-group col-sm-6\">\n                      <span class=\"wpcf7-form-control-wrap\" data-name=\"text-82\"><input size=\"40\" maxlength=\"400\" class=\"wpcf7-form-control wpcf7-text wpcf7-validates-as-required form-control\" aria-required=\"true\" aria-invalid=\"false\" placeholder=\"Enter Your Name\" value=\"\" type=\"text\" name=\"text-82\" \/><\/span>\n\t\t<\/div>\n\t\t<div class=\"form-group col-sm-6\">\n\t\t\t<span class=\"wpcf7-form-control-wrap\" data-name=\"your-email\"><input size=\"40\" maxlength=\"400\" class=\"wpcf7-form-control wpcf7-email wpcf7-validates-as-required wpcf7-text wpcf7-validates-as-email form-control\" aria-required=\"true\" aria-invalid=\"false\" placeholder=\"Enter Your Email\" value=\"\" type=\"email\" name=\"your-email\" \/><\/span>\n\t\t<\/div>\n\t\t<div class=\"form-group col-sm-6\">\n\n                        <span class=\"wpcf7-form-control-wrap\" data-name=\"menu-375\"><select class=\"wpcf7-form-control wpcf7-select wpcf7-validates-as-required form-select\" aria-required=\"true\" aria-invalid=\"false\" name=\"menu-375\"><option value=\"Surgery Category\">Surgery Category<\/option><option value=\"Plastic Surgery\">Plastic Surgery<\/option><option value=\"Rhinoplasty\">Rhinoplasty<\/option><option value=\"Hair Transplant\">Hair Transplant<\/option><option value=\"Dental Care\">Dental Care<\/option><option value=\"Obesity Surgery\">Obesity Surgery<\/option><option value=\"Other\">Other<\/option><\/select><\/span>\n\t\t<\/div>\n\t\t<div class=\"form-group col-sm-6\">\n                        <span class=\"wpcf7-form-control-wrap\" data-name=\"tel-378\"><input size=\"40\" maxlength=\"400\" class=\"wpcf7-form-control wpcf7-tel wpcf7-validates-as-required wpcf7-text wpcf7-validates-as-tel form-control\" aria-required=\"true\" aria-invalid=\"false\" placeholder=\"Phone Number\" value=\"\" type=\"tel\" name=\"tel-378\" \/><\/span>\n\t\t<\/div>\n\t\t<div class=\"form-group col-12\">\n                        <span class=\"wpcf7-form-control-wrap\" data-name=\"textarea-783\"><textarea cols=\"40\" rows=\"10\" maxlength=\"2000\" class=\"wpcf7-form-control wpcf7-textarea form-control\" aria-invalid=\"false\" placeholder=\"Write Your Message\" name=\"textarea-783\"><\/textarea><\/span>\n\t\t<\/div>\n\t\t<div class=\"form-btn col-12\">\n                        <button class=\"th-btn w-100 wpcf7\">MAKE AN APPOINTMENT<\/button>\n\t\t<\/div>\n\t<\/div>\n<\/div><div class=\"wpcf7-response-output\" aria-hidden=\"true\"><\/div>\n<\/form>\n<\/div>\n<\/div>\t\t<\/div>\n\t\t\t\t<\/div>\n\t\t\t\t<\/div>\n\t\t\t\t<\/div>\n\t\t\t\t<\/div>\n\t\t","protected":false},"excerpt":{"rendered":"<p>Happy Patients Lest&#8217;s Consultation We&#8217;re here to help! Grand Clinic team will help you get detailed information about the treatments you request. CONTACT US Call Us On: +90 531 46 47 63 Quick Mail Us: info@clinicgrand.com Location: Yeni Mahalle, \u0130n\u00f6n\u00fc Cd., No: 140, 34290, K\u00fc\u00e7\u00fck\u00e7ekmece\/\u0130stanbul,Turkey Request Call Back Surgery CategoryPlastic SurgeryRhinoplastyHair TransplantDental CareObesity SurgeryOther MAKE&#8230;<\/p>\n","protected":false},"author":1,"featured_media":0,"parent":0,"menu_order":0,"comment_status":"closed","ping_status":"closed","template":"elementor_header_footer","meta":{"_siteseo_robots_primary_cat":"","_uag_custom_page_level_css":"","_monsterinsights_skip_tracking":false,"_monsterinsights_sitenote_active":false,"_monsterinsights_sitenote_note":"","_monsterinsights_sitenote_category":0,"footnotes":""},"class_list":["post-6423","page","type-page","status-publish","hentry"],"aioseo_notices":[],"uagb_featured_image_src":{"full":false,"thumbnail":false,"medium":false,"medium_large":false,"large":false,"nd_cc_image_size_1110_570":false,"nd_cc_image_size_720_720":false,"webteck_80X80":false,"webteck_391X250":false,"webteck_140X140":false,"1536x1536":false,"2048x2048":false,"webteck-shop-single":false,"webteck-shop-single-small-image":false,"woocommerce_thumbnail":false,"woocommerce_single":false,"woocommerce_gallery_thumbnail":false,"wpvr_mobile":false,"woosq":false},"uagb_author_info":{"display_name":"grandadmin","author_link":"http:\/\/www.clinicgrand.com\/it\/author\/grandadmin\/"},"uagb_comment_info":0,"uagb_excerpt":"Happy Patients Lest&#8217;s Consultation We&#8217;re here to help! Grand Clinic team will help you get detailed information about the treatments you request. CONTACT US Call Us On: +90 531 46 47 63 Quick Mail Us: info@clinicgrand.com Location: Yeni Mahalle, \u0130n\u00f6n\u00fc Cd., No: 140, 34290, K\u00fc\u00e7\u00fck\u00e7ekmece\/\u0130stanbul,Turkey Request Call Back Surgery CategoryPlastic SurgeryRhinoplastyHair TransplantDental CareObesity SurgeryOther MAKE...","_links":{"self":[{"href":"http:\/\/www.clinicgrand.com\/it\/wp-json\/wp\/v2\/pages\/6423","targetHints":{"allow":["GET"]}}],"collection":[{"href":"http:\/\/www.clinicgrand.com\/it\/wp-json\/wp\/v2\/pages"}],"about":[{"href":"http:\/\/www.clinicgrand.com\/it\/wp-json\/wp\/v2\/types\/page"}],"author":[{"embeddable":true,"href":"http:\/\/www.clinicgrand.com\/it\/wp-json\/wp\/v2\/users\/1"}],"replies":[{"embeddable":true,"href":"http:\/\/www.clinicgrand.com\/it\/wp-json\/wp\/v2\/comments?post=6423"}],"version-history":[{"count":0,"href":"http:\/\/www.clinicgrand.com\/it\/wp-json\/wp\/v2\/pages\/6423\/revisions"}],"wp:attachment":[{"href":"http:\/\/www.clinicgrand.com\/it\/wp-json\/wp\/v2\/media?parent=6423"}],"curies":[{"name":"wp","href":"https:\/\/api.w.org\/{rel}","templated":true}]}}