{"id":5827,"date":"2024-07-11T16:07:07","date_gmt":"2024-07-11T13:07:07","guid":{"rendered":"http:\/\/www.clinicgrand.com\/it\/?page_id=5827"},"modified":"2024-07-12T14:40:34","modified_gmt":"2024-07-12T11:40:34","slug":"dt-nahittin-tumani","status":"publish","type":"page","link":"http:\/\/www.clinicgrand.com\/it\/dt-nahittin-tumani\/","title":{"rendered":"Dt. Nahittin Tumani"},"content":{"rendered":"\t\t<div data-elementor-type=\"wp-page\" data-elementor-id=\"5827\" class=\"elementor elementor-5827\">\n\t\t\t\t\t\t<section class=\"elementor-section elementor-top-section elementor-element elementor-element-ff228bd elementor-section-boxed elementor-section-height-default elementor-section-height-default\" data-id=\"ff228bd\" data-element_type=\"section\">\n\t\t\t\t\t\t<div class=\"elementor-container elementor-column-gap-no\">\n\t\t\t\t\t<div class=\"elementor-column elementor-col-100 elementor-top-column elementor-element elementor-element-c88d99f\" data-id=\"c88d99f\" data-element_type=\"column\">\n\t\t\t<div class=\"elementor-widget-wrap elementor-element-populated\">\n\t\t\t\t\t\t<section class=\"elementor-section elementor-inner-section elementor-element elementor-element-c70fc9e elementor-section-content-middle elementor-section-boxed elementor-section-height-default elementor-section-height-default\" data-id=\"c70fc9e\" data-element_type=\"section\">\n\t\t\t\t\t\t<div class=\"elementor-container elementor-column-gap-no\">\n\t\t\t\t\t<div class=\"elementor-column elementor-col-50 elementor-inner-column elementor-element elementor-element-c03ea59\" data-id=\"c03ea59\" data-element_type=\"column\">\n\t\t\t<div class=\"elementor-widget-wrap elementor-element-populated\">\n\t\t\t\t\t\t<div class=\"elementor-element elementor-element-4ea47c9 elementor-widget elementor-widget-image\" data-id=\"4ea47c9\" data-element_type=\"widget\" data-widget_type=\"image.default\">\n\t\t\t\t<div class=\"elementor-widget-container\">\n\t\t\t\t\t\t\t\t\t\t\t\t\t<img fetchpriority=\"high\" decoding=\"async\" width=\"350\" height=\"300\" src=\"http:\/\/www.clinicgrand.com\/it\/wp-content\/uploads\/2024\/07\/Dt.Nahiddin-Tumani.png\" class=\"attachment-full size-full wp-image-5741\" alt=\"\" srcset=\"http:\/\/www.clinicgrand.com\/it\/wp-content\/uploads\/2024\/07\/Dt.Nahiddin-Tumani.png 350w, http:\/\/www.clinicgrand.com\/it\/wp-content\/uploads\/2024\/07\/Dt.Nahiddin-Tumani-300x257.png 300w\" sizes=\"(max-width: 350px) 100vw, 350px\" \/>\t\t\t\t\t\t\t\t\t\t\t\t\t<\/div>\n\t\t\t\t<\/div>\n\t\t\t\t\t<\/div>\n\t\t<\/div>\n\t\t\t\t<div class=\"elementor-column elementor-col-50 elementor-inner-column elementor-element elementor-element-a3a2a45 about-card_box\" data-id=\"a3a2a45\" data-element_type=\"column\">\n\t\t\t<div class=\"elementor-widget-wrap elementor-element-populated\">\n\t\t\t\t\t\t<div class=\"elementor-element elementor-element-63ddcb1 elementor-widget elementor-widget-text-editor\" data-id=\"63ddcb1\" data-element_type=\"widget\" data-widget_type=\"text-editor.default\">\n\t\t\t\t<div class=\"elementor-widget-container\">\n\t\t\t\t\t\t\t<h4 class=\"about-card_title\">Dt. Nahittin Tumani<\/h4><h4 class=\"about-card_title\"><span style=\"color: var(--theme-color); font-family: var(--body-font); font-size: 14px; font-weight: 500;\">Dentist<\/span><\/h4>\t\t\t\t\t\t<\/div>\n\t\t\t\t<\/div>\n\t\t\t\t<div class=\"elementor-element elementor-element-6cfbb15 elementor-widget elementor-widget-text-editor\" data-id=\"6cfbb15\" data-element_type=\"widget\" data-widget_type=\"text-editor.default\">\n\t\t\t\t<div class=\"elementor-widget-container\">\n\t\t\t\t\t\t\t<p>Grand Clinic offers a variety of plastic procedures in a hospital environment that adopts the latest and most up-to-date medical approaches. We also perform aesthetic, dental and hair transplant treatments with our professional doctors and expert staff.<\/p><p>For this reason, we offer our patients the most advanced professional expertise, along with the latest technology that is approved in the field. We also carefully organize and follow up on our customers&#8217; pre- and post-operative experiences to ensure that the operation and recovery process goes smoothly.<\/p><p>Our team strives to help patients have a pleasant stay in Turkey and achieve life-changing results.<\/p><p>Grand Clinic offers aesthetic services in a comfortable travel and hospital environment that will make you look your best in Istanbul Turkey. We are waiting for you on this unique journey.<\/p>\t\t\t\t\t\t<\/div>\n\t\t\t\t<\/div>\n\t\t\t\t<div class=\"elementor-element elementor-element-c868a38 elementor-widget__width-initial elementor-widget elementor-widget-tragabutton\" data-id=\"c868a38\" data-element_type=\"widget\" data-widget_type=\"tragabutton.default\">\n\t\t\t\t<div class=\"elementor-widget-container\">\n\t\t\t<div class=\"btn-wrapper  center\"><a class=\"th-btn\" href=\"http:\/\/wa.me\/905316464763\">Whatsapp Chat        <i class=\"fa fa-whatsapp\" aria-hidden=\"true\"><\/i><\/a><\/div>\t\t<\/div>\n\t\t\t\t<\/div>\n\t\t\t\t<div class=\"elementor-element elementor-element-72749fa elementor-widget__width-initial elementor-widget elementor-widget-tragabutton\" data-id=\"72749fa\" data-element_type=\"widget\" data-widget_type=\"tragabutton.default\">\n\t\t\t\t<div class=\"elementor-widget-container\">\n\t\t\t<div class=\"btn-wrapper  center\"><a class=\"th-btn\" href=\"#\">\u0130nstagram DM        <i class=\"fa-brands fa-instagram\"><\/i><\/a><\/div>\t\t<\/div>\n\t\t\t\t<\/div>\n\t\t\t\t\t<\/div>\n\t\t<\/div>\n\t\t\t\t\t<\/div>\n\t\t<\/section>\n\t\t\t\t\t<\/div>\n\t\t<\/div>\n\t\t\t\t\t<\/div>\n\t\t<\/section>\n\t\t\t\t<section class=\"elementor-section elementor-top-section elementor-element elementor-element-40d54ee elementor-section-boxed elementor-section-height-default elementor-section-height-default\" data-id=\"40d54ee\" data-element_type=\"section\">\n\t\t\t\t\t\t<div class=\"elementor-container elementor-column-gap-default\">\n\t\t\t\t\t<div class=\"elementor-column elementor-col-50 elementor-top-column elementor-element elementor-element-180aae3\" data-id=\"180aae3\" data-element_type=\"column\">\n\t\t\t<div class=\"elementor-widget-wrap elementor-element-populated\">\n\t\t\t\t\t\t<div class=\"elementor-element elementor-element-26251ef elementor-widget elementor-widget-heading\" data-id=\"26251ef\" data-element_type=\"widget\" data-widget_type=\"heading.default\">\n\t\t\t\t<div class=\"elementor-widget-container\">\n\t\t\t<h4 class=\"elementor-heading-title elementor-size-default\">Personal Biography<\/h4>\t\t<\/div>\n\t\t\t\t<\/div>\n\t\t\t\t<div class=\"elementor-element elementor-element-f73ef59 elementor-widget elementor-widget-text-editor\" data-id=\"f73ef59\" data-element_type=\"widget\" data-widget_type=\"text-editor.default\">\n\t\t\t\t<div class=\"elementor-widget-container\">\n\t\t\t\t\t\t\t<ul><li>Necmettin Erbakan University 2nd <br \/>International Dentistry Congress<\/li><li>Selcuk University 3rd International <br \/>Congress of Innovative Dentistry<\/li><li>TDB 22nd International Dentistry Congress<\/li><li>To ITI Turkey &amp; Azerbaijan Congress<\/li><\/ul>\t\t\t\t\t\t<\/div>\n\t\t\t\t<\/div>\n\t\t\t\t<div class=\"elementor-element elementor-element-9ab9a29 elementor-widget elementor-widget-heading\" data-id=\"9ab9a29\" data-element_type=\"widget\" data-widget_type=\"heading.default\">\n\t\t\t\t<div class=\"elementor-widget-container\">\n\t\t\t<h5 class=\"elementor-heading-title elementor-size-default\">Professional Skills<\/h5>\t\t<\/div>\n\t\t\t\t<\/div>\n\t\t\t\t<div class=\"elementor-element elementor-element-39be16a elementor-widget elementor-widget-text-editor\" data-id=\"39be16a\" data-element_type=\"widget\" data-widget_type=\"text-editor.default\">\n\t\t\t\t<div class=\"elementor-widget-container\">\n\t\t\t\t\t\t\tCredibly scale plug-and-play customer service after high-payoff idea. Monotonectall incentivize installed base intellectual capital whereas flexible process improvement. Conveniently. Distinctively negotiate front-end customer service rather. Process tonectall incentivize installed base intellectual flexible.\t\t\t\t\t\t<\/div>\n\t\t\t\t<\/div>\n\t\t\t\t\t<\/div>\n\t\t<\/div>\n\t\t\t\t<div class=\"elementor-column elementor-col-50 elementor-top-column elementor-element elementor-element-45e0ddc\" data-id=\"45e0ddc\" data-element_type=\"column\">\n\t\t\t<div class=\"elementor-widget-wrap elementor-element-populated\">\n\t\t\t\t\t\t<div class=\"elementor-element elementor-element-e12a373 elementor-widget elementor-widget-heading\" data-id=\"e12a373\" data-element_type=\"widget\" data-widget_type=\"heading.default\">\n\t\t\t\t<div class=\"elementor-widget-container\">\n\t\t\t<h5 class=\"elementor-heading-title elementor-size-default\">Area Of Expertise<\/h5>\t\t<\/div>\n\t\t\t\t<\/div>\n\t\t\t\t<section class=\"elementor-section elementor-inner-section elementor-element elementor-element-cb402ed elementor-section-boxed elementor-section-height-default elementor-section-height-default\" data-id=\"cb402ed\" data-element_type=\"section\">\n\t\t\t\t\t\t<div class=\"elementor-container elementor-column-gap-no\">\n\t\t\t\t\t<div class=\"elementor-column elementor-col-50 elementor-inner-column elementor-element elementor-element-f9eda5a\" data-id=\"f9eda5a\" data-element_type=\"column\">\n\t\t\t<div class=\"elementor-widget-wrap elementor-element-populated\">\n\t\t\t\t\t\t<div class=\"elementor-element elementor-element-ed8a5db elementor-widget elementor-widget-tragalist\" data-id=\"ed8a5db\" data-element_type=\"widget\" data-widget_type=\"tragalist.default\">\n\t\t\t\t<div class=\"elementor-widget-container\">\n\t\t\t<div class=\"checklist\"><ul><li><i class=\"fas fa-badge-check\"><\/i> Hollywood Smile\n<\/li><li><i class=\"fas fa-badge-check\"><\/i> Clear Aligner &amp; Invisalign\n<\/li><li><i class=\"fas fa-badge-check\"><\/i> Dental Implants\n<\/li><li><i class=\"fas fa-badge-check\"><\/i> Teeth Whitening\n<\/li><li><i class=\"fas fa-badge-check\"><\/i> Dental Diseases and Treatment\n<\/li><\/ul><\/div>\t\t<\/div>\n\t\t\t\t<\/div>\n\t\t\t\t\t<\/div>\n\t\t<\/div>\n\t\t\t\t<div class=\"elementor-column elementor-col-50 elementor-inner-column elementor-element elementor-element-89e5db3\" data-id=\"89e5db3\" data-element_type=\"column\">\n\t\t\t<div class=\"elementor-widget-wrap elementor-element-populated\">\n\t\t\t\t\t\t<div class=\"elementor-element elementor-element-c0a98d4 elementor-widget elementor-widget-tragalist\" data-id=\"c0a98d4\" data-element_type=\"widget\" data-widget_type=\"tragalist.default\">\n\t\t\t\t<div class=\"elementor-widget-container\">\n\t\t\t<div class=\"checklist\"><ul><li><i class=\"fas fa-badge-check\"><\/i> Implant Prosthesis\n<\/li><li><i class=\"fas fa-badge-check\"><\/i> Zirconium Prosthesis\n<\/li><li><i class=\"fas fa-badge-check\"><\/i>Endodonti<\/li><li><i class=\"fas fa-badge-check\"><\/i> Impacted Tooth Extraction\n<\/li><\/ul><\/div>\t\t<\/div>\n\t\t\t\t<\/div>\n\t\t\t\t\t<\/div>\n\t\t<\/div>\n\t\t\t\t\t<\/div>\n\t\t<\/section>\n\t\t\t\t<div class=\"elementor-element elementor-element-0522ea9 elementor-widget elementor-widget-heading\" data-id=\"0522ea9\" data-element_type=\"widget\" data-widget_type=\"heading.default\">\n\t\t\t\t<div class=\"elementor-widget-container\">\n\t\t\t<h5 class=\"elementor-heading-title elementor-size-default\">Educational Qualification<\/h5>\t\t<\/div>\n\t\t\t\t<\/div>\n\t\t\t\t<div class=\"elementor-element elementor-element-87347c8 elementor-widget elementor-widget-text-editor\" data-id=\"87347c8\" data-element_type=\"widget\" data-widget_type=\"text-editor.default\">\n\t\t\t\t<div class=\"elementor-widget-container\">\n\t\t\t\t\t\t\t<ul><li>\u00a0Dicle University Faculty of Dentistry<\/li><li>\u00a0Akdeniz University Faculty of Dentistry (University Where He Takes Expertise)<\/li><li>Oral, Dental and Maxillofacial Surgery (University Where He Takes Expertise)<\/li><\/ul>\t\t\t\t\t\t<\/div>\n\t\t\t\t<\/div>\n\t\t\t\t\t<\/div>\n\t\t<\/div>\n\t\t\t\t\t<\/div>\n\t\t<\/section>\n\t\t<div class=\"elementor-element elementor-element-3129aae e-flex e-con-boxed e-con e-parent\" data-id=\"3129aae\" data-element_type=\"container\">\n\t\t\t\t\t<div class=\"e-con-inner\">\n\t\t\t\t<div class=\"elementor-element elementor-element-e054ea2 elementor-widget elementor-widget-heading\" data-id=\"e054ea2\" data-element_type=\"widget\" data-widget_type=\"heading.default\">\n\t\t\t\t<div class=\"elementor-widget-container\">\n\t\t\t<h5 class=\"elementor-heading-title elementor-size-default\">Work Experience<\/h5>\t\t<\/div>\n\t\t\t\t<\/div>\n\t\t\t\t\t<\/div>\n\t\t\t\t<\/div>\n\t\t<div class=\"elementor-element elementor-element-94965bc e-flex e-con-boxed e-con e-parent\" data-id=\"94965bc\" data-element_type=\"container\">\n\t\t\t\t\t<div class=\"e-con-inner\">\n\t\t\t\t<div class=\"elementor-element elementor-element-9b5a8b3 elementor-widget elementor-widget-tragaexperience\" data-id=\"9b5a8b3\" data-element_type=\"widget\" data-widget_type=\"tragaexperience.default\">\n\t\t\t\t<div class=\"elementor-widget-container\">\n\t\t\t<div class=\"experience-box-wrap\"><div class=\"experience-box\"><span class=\"experience-box_num\">1st<\/span><h6 class=\"experience-box_title\"> Hatay Oral and Dental Health Center\n<\/h6><p class=\"experience-box_text\">Dentist<\/p><\/div><div class=\"experience-box\"><span class=\"experience-box_num\">2st<\/span><h6 class=\"experience-box_title\"> Vera Dent Hospital\n<\/h6><p class=\"experience-box_text\">Dentist<\/p><\/div><div class=\"experience-box\"><span class=\"experience-box_num\">3st<\/span><h6 class=\"experience-box_title\"> City Dent Hospital<\/h6><p class=\"experience-box_text\">Dentist<\/p><\/div><div class=\"experience-box\"><span class=\"experience-box_num\">4st<\/span><h6 class=\"experience-box_title\">Grand Clinic-  K\u00fc\u00e7\u00fck\u00e7ekmece Hospita<\/h6><p class=\"experience-box_text\">Dentist<\/p><\/div><\/div>\t\t<\/div>\n\t\t\t\t<\/div>\n\t\t\t\t\t<\/div>\n\t\t\t\t<\/div>\n\t\t<div class=\"elementor-element elementor-element-df7d321 e-con-full e-flex e-con e-parent\" data-id=\"df7d321\" data-element_type=\"container\">\n\t\t<div class=\"elementor-element elementor-element-07c4c92 e-con-full e-flex e-con e-child\" data-id=\"07c4c92\" data-element_type=\"container\" data-settings=\"{&quot;background_background&quot;:&quot;classic&quot;}\">\n\t\t<div class=\"elementor-element elementor-element-6ef6b76 e-con-full e-flex e-con e-child\" data-id=\"6ef6b76\" data-element_type=\"container\">\n\t\t\t\t<div class=\"elementor-element elementor-element-8d536fc elementor-widget__width-initial elementor-widget-tablet__width-initial ms-xl-0 ms-auto me-auto elementor-widget elementor-widget-tragasectiontitle\" data-id=\"8d536fc\" data-element_type=\"widget\" data-widget_type=\"tragasectiontitle.default\">\n\t\t\t\t<div class=\"elementor-widget-container\">\n\t\t\t<div class=\"title-area-wrap\"><div class=\"title-area mb-35\" ><div class=\"shadow-title\">Lest's Consultation<\/div><h2 class=\"sec-title title-selector\">We're here to help!  <span class=\"text-theme\"><\/span><\/h2><\/div><p class=\"desc-selector mt-n2 mb-4\">Grand Clinic team will help you get detailed information about the treatments you request.<\/p><\/div>\t\t<\/div>\n\t\t\t\t<\/div>\n\t\t\t\t<div class=\"elementor-element elementor-element-305edf9 elementor-widget__width-initial ms-xl-0 ms-auto me-auto elementor-widget elementor-widget-tragacontactinfo\" data-id=\"305edf9\" data-element_type=\"widget\" data-widget_type=\"tragacontactinfo.default\">\n\t\t\t\t<div class=\"elementor-widget-container\">\n\t\t\t<div class=\"widget footer-widget\"><h3 class=\"widget_title\">CONTACT US<\/h3><div class=\"th-widget-contact\"><div class=\"contact-feature\"><div class=\"icon-btn\"><i class=\"fas fa-phone\"><\/i><\/div><div class=\"media-body\"><p class=\"contact-feature_label\">Call Us On:<\/p><a class=\"contact-feature_link\" href=\"tel:+90531464763\">+90 531 46 47 63<\/a><\/div><\/div><div class=\"contact-feature\"><div class=\"icon-btn\"><i class=\"fas fa-envelope\"><\/i><\/div><div class=\"media-body\"><p class=\"contact-feature_label\">Quick Mail Us:<\/p><a class=\"contact-feature_link\" href=\"mailto:info@clinicgrand.com\">info@clinicgrand.com<\/a><\/div><\/div><div class=\"contact-feature\"><div class=\"icon-btn\"><i class=\"fa-light fa-location-dot icon-btn\"><\/i><\/div><div class=\"media-body\"><p class=\"contact-feature_label\">Location:<\/p><a class=\"contact-feature_link\" href=\"https:\/\/www.google.com\/maps\">Yeni Mahalle, \u0130n\u00f6n\u00fc Cd., No: 140, 34290, K\u00fc\u00e7\u00fck\u00e7ekmece\/\u0130stanbul,Turkey<\/a><\/div><\/div><\/div><\/div>\t\t<\/div>\n\t\t\t\t<\/div>\n\t\t\t\t<\/div>\n\t\t<div class=\"elementor-element elementor-element-56a464e e-con-full e-flex e-con e-child\" data-id=\"56a464e\" data-element_type=\"container\">\n\t\t\t\t<div class=\"elementor-element elementor-element-c744854 elementor-widget__width-initial elementor-widget-mobile__width-inherit elementor-widget elementor-widget-tragacontactus\" data-id=\"c744854\" data-element_type=\"widget\" data-widget_type=\"tragacontactus.default\">\n\t\t\t\t<div class=\"elementor-widget-container\">\n\t\t\t<div><h3 class=\"h4 mt-n2 mb-30 text-center\">Request Call Back<\/h3>\n<div class=\"wpcf7 no-js\" id=\"wpcf7-f3181-o1\" lang=\"en-US\" dir=\"ltr\">\n<div class=\"screen-reader-response\"><p role=\"status\" aria-live=\"polite\" aria-atomic=\"true\"><\/p> <ul><\/ul><\/div>\n<form action=\"\/it\/wp-json\/wp\/v2\/pages\/5827#wpcf7-f3181-o1\" method=\"post\" class=\"wpcf7-form init\" aria-label=\"Contact form\" novalidate=\"novalidate\" data-status=\"init\">\n<div style=\"display: none;\">\n<input type=\"hidden\" name=\"_wpcf7\" value=\"3181\" \/>\n<input type=\"hidden\" name=\"_wpcf7_version\" value=\"5.9.7\" \/>\n<input type=\"hidden\" name=\"_wpcf7_locale\" value=\"en_US\" \/>\n<input type=\"hidden\" name=\"_wpcf7_unit_tag\" value=\"wpcf7-f3181-o1\" \/>\n<input type=\"hidden\" name=\"_wpcf7_container_post\" value=\"0\" \/>\n<input type=\"hidden\" name=\"_wpcf7_posted_data_hash\" value=\"\" \/>\n<\/div>\n<div class=\"appoitment-form\">\n\t<div class=\"row\">\n\t\t<div class=\"form-group col-sm-6\">\n                      <span class=\"wpcf7-form-control-wrap\" data-name=\"text-82\"><input size=\"40\" maxlength=\"400\" class=\"wpcf7-form-control wpcf7-text wpcf7-validates-as-required form-control\" aria-required=\"true\" aria-invalid=\"false\" placeholder=\"Enter Your Name\" value=\"\" type=\"text\" name=\"text-82\" \/><\/span>\n\t\t<\/div>\n\t\t<div class=\"form-group col-sm-6\">\n\t\t\t<span class=\"wpcf7-form-control-wrap\" data-name=\"your-email\"><input size=\"40\" maxlength=\"400\" class=\"wpcf7-form-control wpcf7-email wpcf7-validates-as-required wpcf7-text wpcf7-validates-as-email form-control\" aria-required=\"true\" aria-invalid=\"false\" placeholder=\"Enter Your Email\" value=\"\" type=\"email\" name=\"your-email\" \/><\/span>\n\t\t<\/div>\n\t\t<div class=\"form-group col-sm-6\">\n\n                        <span class=\"wpcf7-form-control-wrap\" data-name=\"menu-375\"><select class=\"wpcf7-form-control wpcf7-select wpcf7-validates-as-required form-select\" aria-required=\"true\" aria-invalid=\"false\" name=\"menu-375\"><option value=\"Surgery Category\">Surgery Category<\/option><option value=\"Plastic Surgery\">Plastic Surgery<\/option><option value=\"Rhinoplasty\">Rhinoplasty<\/option><option value=\"Hair Transplant\">Hair Transplant<\/option><option value=\"Dental Care\">Dental Care<\/option><option value=\"Obesity Surgery\">Obesity Surgery<\/option><option value=\"Other\">Other<\/option><\/select><\/span>\n\t\t<\/div>\n\t\t<div class=\"form-group col-sm-6\">\n                        <span class=\"wpcf7-form-control-wrap\" data-name=\"tel-378\"><input size=\"40\" maxlength=\"400\" class=\"wpcf7-form-control wpcf7-tel wpcf7-validates-as-required wpcf7-text wpcf7-validates-as-tel form-control\" aria-required=\"true\" aria-invalid=\"false\" placeholder=\"Phone Number\" value=\"\" type=\"tel\" name=\"tel-378\" \/><\/span>\n\t\t<\/div>\n\t\t<div class=\"form-group col-12\">\n                        <span class=\"wpcf7-form-control-wrap\" data-name=\"textarea-783\"><textarea cols=\"40\" rows=\"10\" maxlength=\"2000\" class=\"wpcf7-form-control wpcf7-textarea form-control\" aria-invalid=\"false\" placeholder=\"Write Your Message\" name=\"textarea-783\"><\/textarea><\/span>\n\t\t<\/div>\n\t\t<div class=\"form-btn col-12\">\n                        <button class=\"th-btn w-100 wpcf7\">MAKE AN APPOINTMENT<\/button>\n\t\t<\/div>\n\t<\/div>\n<\/div><div class=\"wpcf7-response-output\" aria-hidden=\"true\"><\/div>\n<\/form>\n<\/div>\n<\/div>\t\t<\/div>\n\t\t\t\t<\/div>\n\t\t\t\t<\/div>\n\t\t\t\t<\/div>\n\t\t\t\t<\/div>\n\t\t\t\t<\/div>\n\t\t","protected":false},"excerpt":{"rendered":"<p>Dt. Nahittin Tumani Dentist Grand Clinic offers a variety of plastic procedures in a hospital environment that adopts the latest and most up-to-date medical approaches. We also perform aesthetic, dental and hair transplant treatments with our professional doctors and expert staff. For this reason, we offer our patients the most advanced professional expertise, along with&#8230;<\/p>\n","protected":false},"author":1,"featured_media":0,"parent":0,"menu_order":0,"comment_status":"closed","ping_status":"closed","template":"","meta":{"_siteseo_robots_primary_cat":"","_uag_custom_page_level_css":"","_monsterinsights_skip_tracking":false,"_monsterinsights_sitenote_active":false,"_monsterinsights_sitenote_note":"","_monsterinsights_sitenote_category":0,"footnotes":""},"class_list":["post-5827","page","type-page","status-publish","hentry"],"aioseo_notices":[],"uagb_featured_image_src":{"full":false,"thumbnail":false,"medium":false,"medium_large":false,"large":false,"nd_cc_image_size_1110_570":false,"nd_cc_image_size_720_720":false,"webteck_80X80":false,"webteck_391X250":false,"webteck_140X140":false,"1536x1536":false,"2048x2048":false,"webteck-shop-single":false,"webteck-shop-single-small-image":false,"woocommerce_thumbnail":false,"woocommerce_single":false,"woocommerce_gallery_thumbnail":false,"wpvr_mobile":false,"woosq":false},"uagb_author_info":{"display_name":"grandadmin","author_link":"http:\/\/www.clinicgrand.com\/it\/author\/grandadmin\/"},"uagb_comment_info":0,"uagb_excerpt":"Dt. Nahittin Tumani Dentist Grand Clinic offers a variety of plastic procedures in a hospital environment that adopts the latest and most up-to-date medical approaches. We also perform aesthetic, dental and hair transplant treatments with our professional doctors and expert staff. For this reason, we offer our patients the most advanced professional expertise, along with...","_links":{"self":[{"href":"http:\/\/www.clinicgrand.com\/it\/wp-json\/wp\/v2\/pages\/5827","targetHints":{"allow":["GET"]}}],"collection":[{"href":"http:\/\/www.clinicgrand.com\/it\/wp-json\/wp\/v2\/pages"}],"about":[{"href":"http:\/\/www.clinicgrand.com\/it\/wp-json\/wp\/v2\/types\/page"}],"author":[{"embeddable":true,"href":"http:\/\/www.clinicgrand.com\/it\/wp-json\/wp\/v2\/users\/1"}],"replies":[{"embeddable":true,"href":"http:\/\/www.clinicgrand.com\/it\/wp-json\/wp\/v2\/comments?post=5827"}],"version-history":[{"count":0,"href":"http:\/\/www.clinicgrand.com\/it\/wp-json\/wp\/v2\/pages\/5827\/revisions"}],"wp:attachment":[{"href":"http:\/\/www.clinicgrand.com\/it\/wp-json\/wp\/v2\/media?parent=5827"}],"curies":[{"name":"wp","href":"https:\/\/api.w.org\/{rel}","templated":true}]}}