{"id":5812,"date":"2024-07-11T15:47:27","date_gmt":"2024-07-11T12:47:27","guid":{"rendered":"http:\/\/www.clinicgrand.com\/it\/?page_id=5812"},"modified":"2024-07-12T14:41:41","modified_gmt":"2024-07-12T11:41:41","slug":"op-dr-sadig-shakiliyev","status":"publish","type":"page","link":"http:\/\/www.clinicgrand.com\/it\/op-dr-sadig-shakiliyev\/","title":{"rendered":"Op. Dr. Sad\u0131g Shak\u0131l\u0131yev"},"content":{"rendered":"\t\t<div data-elementor-type=\"wp-page\" data-elementor-id=\"5812\" class=\"elementor elementor-5812\">\n\t\t\t\t\t\t<section class=\"elementor-section elementor-top-section elementor-element elementor-element-ed020ab elementor-section-boxed elementor-section-height-default elementor-section-height-default\" data-id=\"ed020ab\" data-element_type=\"section\">\n\t\t\t\t\t\t<div class=\"elementor-container elementor-column-gap-no\">\n\t\t\t\t\t<div class=\"elementor-column elementor-col-100 elementor-top-column elementor-element elementor-element-8c97e10\" data-id=\"8c97e10\" data-element_type=\"column\">\n\t\t\t<div class=\"elementor-widget-wrap elementor-element-populated\">\n\t\t\t\t\t\t<section class=\"elementor-section elementor-inner-section elementor-element elementor-element-7ac83c3 elementor-section-content-middle elementor-section-boxed elementor-section-height-default elementor-section-height-default\" data-id=\"7ac83c3\" data-element_type=\"section\">\n\t\t\t\t\t\t<div class=\"elementor-container elementor-column-gap-no\">\n\t\t\t\t\t<div class=\"elementor-column elementor-col-50 elementor-inner-column elementor-element elementor-element-d8782a5\" data-id=\"d8782a5\" data-element_type=\"column\">\n\t\t\t<div class=\"elementor-widget-wrap elementor-element-populated\">\n\t\t\t\t\t\t<div class=\"elementor-element elementor-element-8390684 elementor-widget elementor-widget-image\" data-id=\"8390684\" data-element_type=\"widget\" data-widget_type=\"image.default\">\n\t\t\t\t<div class=\"elementor-widget-container\">\n\t\t\t\t\t\t\t\t\t\t\t\t\t<img fetchpriority=\"high\" decoding=\"async\" width=\"350\" height=\"300\" src=\"http:\/\/www.clinicgrand.com\/it\/wp-content\/uploads\/2024\/07\/Op.Dr_.Sadig-Shakiliyev.png\" class=\"attachment-full size-full wp-image-5749\" alt=\"\" srcset=\"http:\/\/www.clinicgrand.com\/it\/wp-content\/uploads\/2024\/07\/Op.Dr_.Sadig-Shakiliyev.png 350w, http:\/\/www.clinicgrand.com\/it\/wp-content\/uploads\/2024\/07\/Op.Dr_.Sadig-Shakiliyev-300x257.png 300w\" sizes=\"(max-width: 350px) 100vw, 350px\" \/>\t\t\t\t\t\t\t\t\t\t\t\t\t<\/div>\n\t\t\t\t<\/div>\n\t\t\t\t\t<\/div>\n\t\t<\/div>\n\t\t\t\t<div class=\"elementor-column elementor-col-50 elementor-inner-column elementor-element elementor-element-ec7df36 about-card_box\" data-id=\"ec7df36\" data-element_type=\"column\">\n\t\t\t<div class=\"elementor-widget-wrap elementor-element-populated\">\n\t\t\t\t\t\t<div class=\"elementor-element elementor-element-ccbc194 elementor-widget elementor-widget-text-editor\" data-id=\"ccbc194\" data-element_type=\"widget\" data-widget_type=\"text-editor.default\">\n\t\t\t\t<div class=\"elementor-widget-container\">\n\t\t\t\t\t\t\t<div class=\"about-card_top\"><div class=\"media-body\"><h4 class=\"about-card_title\">Op.Dr. Sad\u0131g Shak\u0131l\u0131yev<\/h4><p class=\"about-card_desig\">General Surgeon<\/p><\/div><\/div>\t\t\t\t\t\t<\/div>\n\t\t\t\t<\/div>\n\t\t\t\t<div class=\"elementor-element elementor-element-43308ec elementor-widget elementor-widget-text-editor\" data-id=\"43308ec\" data-element_type=\"widget\" data-widget_type=\"text-editor.default\">\n\t\t\t\t<div class=\"elementor-widget-container\">\n\t\t\t\t\t\t\t<p>Grand Clinic offers a variety of plastic procedures in a hospital environment that adopts the latest and most up-to-date medical approaches. We also perform aesthetic, dental and hair transplant treatments with our professional doctors and expert staff.<\/p><p>For this reason, we offer our patients the most advanced professional expertise, along with the latest technology that is approved in the field. We also carefully organize and follow up on our customers&#8217; pre- and post-operative experiences to ensure that the operation and recovery process goes smoothly.<\/p><p>Our team strives to help patients have a pleasant stay in Turkey and achieve life-changing results.<\/p><p>Grand Clinic offers aesthetic services in a comfortable travel and hospital environment that will make you look your best in Istanbul Turkey. We are waiting for you on this unique journey.<\/p>\t\t\t\t\t\t<\/div>\n\t\t\t\t<\/div>\n\t\t\t\t<div class=\"elementor-element elementor-element-396d956 elementor-widget__width-initial elementor-widget elementor-widget-tragabutton\" data-id=\"396d956\" data-element_type=\"widget\" data-widget_type=\"tragabutton.default\">\n\t\t\t\t<div class=\"elementor-widget-container\">\n\t\t\t<div class=\"btn-wrapper  center\"><a class=\"th-btn\" href=\"http:\/\/wa.me\/905316464763\">Whatsapp Chat        <i class=\"fa fa-whatsapp\" aria-hidden=\"true\"><\/i><\/a><\/div>\t\t<\/div>\n\t\t\t\t<\/div>\n\t\t\t\t<div class=\"elementor-element elementor-element-f732871 elementor-widget__width-initial elementor-widget elementor-widget-tragabutton\" data-id=\"f732871\" data-element_type=\"widget\" data-widget_type=\"tragabutton.default\">\n\t\t\t\t<div class=\"elementor-widget-container\">\n\t\t\t<div class=\"btn-wrapper  center\"><a class=\"th-btn\" href=\"#\">\u0130nstagram DM        <i class=\"fa-brands fa-instagram\"><\/i><\/a><\/div>\t\t<\/div>\n\t\t\t\t<\/div>\n\t\t\t\t\t<\/div>\n\t\t<\/div>\n\t\t\t\t\t<\/div>\n\t\t<\/section>\n\t\t\t\t\t<\/div>\n\t\t<\/div>\n\t\t\t\t\t<\/div>\n\t\t<\/section>\n\t\t\t\t<section class=\"elementor-section elementor-top-section elementor-element elementor-element-acddc55 elementor-section-boxed elementor-section-height-default elementor-section-height-default\" data-id=\"acddc55\" data-element_type=\"section\">\n\t\t\t\t\t\t<div class=\"elementor-container elementor-column-gap-default\">\n\t\t\t\t\t<div class=\"elementor-column elementor-col-50 elementor-top-column elementor-element elementor-element-6d99826\" data-id=\"6d99826\" data-element_type=\"column\">\n\t\t\t<div class=\"elementor-widget-wrap elementor-element-populated\">\n\t\t\t\t\t\t<div class=\"elementor-element elementor-element-ec5c1c5 elementor-widget elementor-widget-heading\" data-id=\"ec5c1c5\" data-element_type=\"widget\" data-widget_type=\"heading.default\">\n\t\t\t\t<div class=\"elementor-widget-container\">\n\t\t\t<h4 class=\"elementor-heading-title elementor-size-default\">Personal Biography<\/h4>\t\t<\/div>\n\t\t\t\t<\/div>\n\t\t\t\t<div class=\"elementor-element elementor-element-71c0afe elementor-widget elementor-widget-text-editor\" data-id=\"71c0afe\" data-element_type=\"widget\" data-widget_type=\"text-editor.default\">\n\t\t\t\t<div class=\"elementor-widget-container\">\n\t\t\t\t\t\t\t<ul><li>National Endoscopic Laparoscopic Surgery Congress<\/li><li>World Congress on Controversies to Consensus in Diabetes, Obesity and Hypertension<\/li><li>Bariatric and Metabolic Surgery Congress<\/li><li>Cerrahpa\u015fa Surgery Meetings Turkish<\/li><li>Bariatric Surgery Association<\/li><\/ul>\t\t\t\t\t\t<\/div>\n\t\t\t\t<\/div>\n\t\t\t\t<div class=\"elementor-element elementor-element-bf9ff84 elementor-widget elementor-widget-heading\" data-id=\"bf9ff84\" data-element_type=\"widget\" data-widget_type=\"heading.default\">\n\t\t\t\t<div class=\"elementor-widget-container\">\n\t\t\t<h5 class=\"elementor-heading-title elementor-size-default\">Professional Skills<\/h5>\t\t<\/div>\n\t\t\t\t<\/div>\n\t\t\t\t<div class=\"elementor-element elementor-element-85c6529 elementor-widget elementor-widget-text-editor\" data-id=\"85c6529\" data-element_type=\"widget\" data-widget_type=\"text-editor.default\">\n\t\t\t\t<div class=\"elementor-widget-container\">\n\t\t\t\t\t\t\tCredibly scale plug-and-play customer service after high-payoff idea. Monotonectall incentivize installed base intellectual capital whereas flexible process improvement. Conveniently. Distinctively negotiate front-end customer service rather. Process tonectall incentivize installed base intellectual flexible.\t\t\t\t\t\t<\/div>\n\t\t\t\t<\/div>\n\t\t\t\t\t<\/div>\n\t\t<\/div>\n\t\t\t\t<div class=\"elementor-column elementor-col-50 elementor-top-column elementor-element elementor-element-a00aad3\" data-id=\"a00aad3\" data-element_type=\"column\">\n\t\t\t<div class=\"elementor-widget-wrap elementor-element-populated\">\n\t\t\t\t\t\t<div class=\"elementor-element elementor-element-90d7db6 elementor-widget elementor-widget-heading\" data-id=\"90d7db6\" data-element_type=\"widget\" data-widget_type=\"heading.default\">\n\t\t\t\t<div class=\"elementor-widget-container\">\n\t\t\t<h5 class=\"elementor-heading-title elementor-size-default\">Area Of Expertise<\/h5>\t\t<\/div>\n\t\t\t\t<\/div>\n\t\t\t\t<section class=\"elementor-section elementor-inner-section elementor-element elementor-element-78d4fc9 elementor-section-boxed elementor-section-height-default elementor-section-height-default\" data-id=\"78d4fc9\" data-element_type=\"section\">\n\t\t\t\t\t\t<div class=\"elementor-container elementor-column-gap-no\">\n\t\t\t\t\t<div class=\"elementor-column elementor-col-50 elementor-inner-column elementor-element elementor-element-2505919\" data-id=\"2505919\" data-element_type=\"column\">\n\t\t\t<div class=\"elementor-widget-wrap elementor-element-populated\">\n\t\t\t\t\t\t<div class=\"elementor-element elementor-element-b3925bd elementor-widget elementor-widget-tragalist\" data-id=\"b3925bd\" data-element_type=\"widget\" data-widget_type=\"tragalist.default\">\n\t\t\t\t<div class=\"elementor-widget-container\">\n\t\t\t<div class=\"checklist\"><ul><li><i class=\"fas fa-badge-check\"><\/i>Gastric Sleeve Surgery\n<\/li><li><i class=\"fas fa-badge-check\"><\/i>Gastric Balloon\n<\/li><li><i class=\"fas fa-badge-check\"><\/i>Gastric Bypass Surgery\n<\/li><li><i class=\"fas fa-badge-check\"><\/i>Gastric Bypass (Roux-en-Y)\n<\/li><li><i class=\"fas fa-badge-check\"><\/i>Gastric Botox\n<\/li><li><i class=\"fas fa-badge-check\"><\/i>Cancer Surgery\n<\/li><li><i class=\"fas fa-badge-check\"><\/i>Gallbladder Surgeries\n<\/li><\/ul><\/div>\t\t<\/div>\n\t\t\t\t<\/div>\n\t\t\t\t\t<\/div>\n\t\t<\/div>\n\t\t\t\t<div class=\"elementor-column elementor-col-50 elementor-inner-column elementor-element elementor-element-aa18587\" data-id=\"aa18587\" data-element_type=\"column\">\n\t\t\t<div class=\"elementor-widget-wrap elementor-element-populated\">\n\t\t\t\t\t\t<div class=\"elementor-element elementor-element-cff5d7a elementor-widget elementor-widget-tragalist\" data-id=\"cff5d7a\" data-element_type=\"widget\" data-widget_type=\"tragalist.default\">\n\t\t\t\t<div class=\"elementor-widget-container\">\n\t\t\t<div class=\"checklist\"><ul><li><i class=\"fas fa-badge-check\"><\/i>Pilonidal Sinus<\/li><li><i class=\"fas fa-badge-check\"><\/i>Reflux Surgery\n<\/li><li><i class=\"fas fa-badge-check\"><\/i>Hemorrhoidal Diseases\n<\/li><li><i class=\"fas fa-badge-check\"><\/i>Endoscopic Interventions\n<\/li><li><i class=\"fas fa-badge-check\"><\/i>Laparoscopic Interventions\n<\/li><li><i class=\"fas fa-badge-check\"><\/i>Oncological Surgery\n<\/li><\/ul><\/div>\t\t<\/div>\n\t\t\t\t<\/div>\n\t\t\t\t\t<\/div>\n\t\t<\/div>\n\t\t\t\t\t<\/div>\n\t\t<\/section>\n\t\t\t\t<div class=\"elementor-element elementor-element-5017826 elementor-widget elementor-widget-heading\" data-id=\"5017826\" data-element_type=\"widget\" data-widget_type=\"heading.default\">\n\t\t\t\t<div class=\"elementor-widget-container\">\n\t\t\t<h5 class=\"elementor-heading-title elementor-size-default\">Educational Qualification<\/h5>\t\t<\/div>\n\t\t\t\t<\/div>\n\t\t\t\t<div class=\"elementor-element elementor-element-26d3057 elementor-widget elementor-widget-text-editor\" data-id=\"26d3057\" data-element_type=\"widget\" data-widget_type=\"text-editor.default\">\n\t\t\t\t<div class=\"elementor-widget-container\">\n\t\t\t\t\t\t\t<ul><li>Ankara University Faculty of Medicine<\/li><li>G\u00f6ztepe Training and Research (University Where He Takes Expertise)<\/li><li>Hospital General Surgery (University Where He Takes Expertise)<\/li><\/ul>\t\t\t\t\t\t<\/div>\n\t\t\t\t<\/div>\n\t\t\t\t\t<\/div>\n\t\t<\/div>\n\t\t\t\t\t<\/div>\n\t\t<\/section>\n\t\t<div class=\"elementor-element elementor-element-2505c48 e-flex e-con-boxed e-con e-parent\" data-id=\"2505c48\" data-element_type=\"container\">\n\t\t\t\t\t<div class=\"e-con-inner\">\n\t\t\t\t<div class=\"elementor-element elementor-element-5b68a47 elementor-widget elementor-widget-heading\" data-id=\"5b68a47\" data-element_type=\"widget\" data-widget_type=\"heading.default\">\n\t\t\t\t<div class=\"elementor-widget-container\">\n\t\t\t<h5 class=\"elementor-heading-title elementor-size-default\">Work Experience<\/h5>\t\t<\/div>\n\t\t\t\t<\/div>\n\t\t\t\t\t<\/div>\n\t\t\t\t<\/div>\n\t\t<div class=\"elementor-element elementor-element-46eb15a e-flex e-con-boxed e-con e-parent\" data-id=\"46eb15a\" data-element_type=\"container\">\n\t\t\t\t\t<div class=\"e-con-inner\">\n\t\t\t\t<div class=\"elementor-element elementor-element-6e05f9c elementor-widget elementor-widget-tragaexperience\" data-id=\"6e05f9c\" data-element_type=\"widget\" data-widget_type=\"tragaexperience.default\">\n\t\t\t\t<div class=\"elementor-widget-container\">\n\t\t\t<div class=\"experience-box-wrap\"><div class=\"experience-box\"><span class=\"experience-box_num\">1st<\/span><h6 class=\"experience-box_title\">Grand Clinic - Kucukcekmece Hospital<\/h6><p class=\"experience-box_text\">General Surgeon<\/p><\/div><\/div>\t\t<\/div>\n\t\t\t\t<\/div>\n\t\t\t\t\t<\/div>\n\t\t\t\t<\/div>\n\t\t<div class=\"elementor-element elementor-element-086d175 e-con-full e-flex e-con e-parent\" data-id=\"086d175\" data-element_type=\"container\">\n\t\t<div class=\"elementor-element elementor-element-3944de0 e-con-full e-flex e-con e-child\" data-id=\"3944de0\" data-element_type=\"container\" data-settings=\"{&quot;background_background&quot;:&quot;classic&quot;}\">\n\t\t<div class=\"elementor-element elementor-element-980a035 e-con-full e-flex e-con e-child\" data-id=\"980a035\" data-element_type=\"container\">\n\t\t\t\t<div class=\"elementor-element elementor-element-9ee2767 elementor-widget__width-initial elementor-widget-tablet__width-initial ms-xl-0 ms-auto me-auto elementor-widget elementor-widget-tragasectiontitle\" data-id=\"9ee2767\" data-element_type=\"widget\" data-widget_type=\"tragasectiontitle.default\">\n\t\t\t\t<div class=\"elementor-widget-container\">\n\t\t\t<div class=\"title-area-wrap\"><div class=\"title-area mb-35\" ><div class=\"shadow-title\">Lest's Consultation<\/div><h2 class=\"sec-title title-selector\">We're here to help!  <span class=\"text-theme\"><\/span><\/h2><\/div><p class=\"desc-selector mt-n2 mb-4\">Grand Clinic team will help you get detailed information about the treatments you request.<\/p><\/div>\t\t<\/div>\n\t\t\t\t<\/div>\n\t\t\t\t<div class=\"elementor-element elementor-element-1177ce2 elementor-widget__width-initial ms-xl-0 ms-auto me-auto elementor-widget elementor-widget-tragacontactinfo\" data-id=\"1177ce2\" data-element_type=\"widget\" data-widget_type=\"tragacontactinfo.default\">\n\t\t\t\t<div class=\"elementor-widget-container\">\n\t\t\t<div class=\"widget footer-widget\"><h3 class=\"widget_title\">CONTACT US<\/h3><div class=\"th-widget-contact\"><div class=\"contact-feature\"><div class=\"icon-btn\"><i class=\"fas fa-phone\"><\/i><\/div><div class=\"media-body\"><p class=\"contact-feature_label\">Call Us On:<\/p><a class=\"contact-feature_link\" href=\"tel:+90531464763\">+90 531 46 47 63<\/a><\/div><\/div><div class=\"contact-feature\"><div class=\"icon-btn\"><i class=\"fas fa-envelope\"><\/i><\/div><div class=\"media-body\"><p class=\"contact-feature_label\">Quick Mail Us:<\/p><a class=\"contact-feature_link\" href=\"mailto:info@clinicgrand.com\">info@clinicgrand.com<\/a><\/div><\/div><div class=\"contact-feature\"><div class=\"icon-btn\"><i class=\"fa-light fa-location-dot icon-btn\"><\/i><\/div><div class=\"media-body\"><p class=\"contact-feature_label\">Location:<\/p><a class=\"contact-feature_link\" href=\"https:\/\/www.google.com\/maps\">Yeni Mahalle, \u0130n\u00f6n\u00fc Cd., No: 140, 34290, K\u00fc\u00e7\u00fck\u00e7ekmece\/\u0130stanbul,Turkey<\/a><\/div><\/div><\/div><\/div>\t\t<\/div>\n\t\t\t\t<\/div>\n\t\t\t\t<\/div>\n\t\t<div class=\"elementor-element elementor-element-86bc621 e-con-full e-flex e-con e-child\" data-id=\"86bc621\" data-element_type=\"container\">\n\t\t\t\t<div class=\"elementor-element elementor-element-82f9f02 elementor-widget__width-initial elementor-widget-mobile__width-inherit elementor-widget elementor-widget-tragacontactus\" data-id=\"82f9f02\" data-element_type=\"widget\" data-widget_type=\"tragacontactus.default\">\n\t\t\t\t<div class=\"elementor-widget-container\">\n\t\t\t<div><h3 class=\"h4 mt-n2 mb-30 text-center\">Request Call Back<\/h3>\n<div class=\"wpcf7 no-js\" id=\"wpcf7-f3181-o1\" lang=\"en-US\" dir=\"ltr\">\n<div class=\"screen-reader-response\"><p role=\"status\" aria-live=\"polite\" aria-atomic=\"true\"><\/p> <ul><\/ul><\/div>\n<form action=\"\/it\/wp-json\/wp\/v2\/pages\/5812#wpcf7-f3181-o1\" method=\"post\" class=\"wpcf7-form init\" aria-label=\"Contact form\" novalidate=\"novalidate\" data-status=\"init\">\n<div style=\"display: none;\">\n<input type=\"hidden\" name=\"_wpcf7\" value=\"3181\" \/>\n<input type=\"hidden\" name=\"_wpcf7_version\" value=\"5.9.7\" \/>\n<input type=\"hidden\" name=\"_wpcf7_locale\" value=\"en_US\" \/>\n<input type=\"hidden\" name=\"_wpcf7_unit_tag\" value=\"wpcf7-f3181-o1\" \/>\n<input type=\"hidden\" name=\"_wpcf7_container_post\" value=\"0\" \/>\n<input type=\"hidden\" name=\"_wpcf7_posted_data_hash\" value=\"\" \/>\n<\/div>\n<div class=\"appoitment-form\">\n\t<div class=\"row\">\n\t\t<div class=\"form-group col-sm-6\">\n                      <span class=\"wpcf7-form-control-wrap\" data-name=\"text-82\"><input size=\"40\" maxlength=\"400\" class=\"wpcf7-form-control wpcf7-text wpcf7-validates-as-required form-control\" aria-required=\"true\" aria-invalid=\"false\" placeholder=\"Enter Your Name\" value=\"\" type=\"text\" name=\"text-82\" \/><\/span>\n\t\t<\/div>\n\t\t<div class=\"form-group col-sm-6\">\n\t\t\t<span class=\"wpcf7-form-control-wrap\" data-name=\"your-email\"><input size=\"40\" maxlength=\"400\" class=\"wpcf7-form-control wpcf7-email wpcf7-validates-as-required wpcf7-text wpcf7-validates-as-email form-control\" aria-required=\"true\" aria-invalid=\"false\" placeholder=\"Enter Your Email\" value=\"\" type=\"email\" name=\"your-email\" \/><\/span>\n\t\t<\/div>\n\t\t<div class=\"form-group col-sm-6\">\n\n                        <span class=\"wpcf7-form-control-wrap\" data-name=\"menu-375\"><select class=\"wpcf7-form-control wpcf7-select wpcf7-validates-as-required form-select\" aria-required=\"true\" aria-invalid=\"false\" name=\"menu-375\"><option value=\"Surgery Category\">Surgery Category<\/option><option value=\"Plastic Surgery\">Plastic Surgery<\/option><option value=\"Rhinoplasty\">Rhinoplasty<\/option><option value=\"Hair Transplant\">Hair Transplant<\/option><option value=\"Dental Care\">Dental Care<\/option><option value=\"Obesity Surgery\">Obesity Surgery<\/option><option value=\"Other\">Other<\/option><\/select><\/span>\n\t\t<\/div>\n\t\t<div class=\"form-group col-sm-6\">\n                        <span class=\"wpcf7-form-control-wrap\" data-name=\"tel-378\"><input size=\"40\" maxlength=\"400\" class=\"wpcf7-form-control wpcf7-tel wpcf7-validates-as-required wpcf7-text wpcf7-validates-as-tel form-control\" aria-required=\"true\" aria-invalid=\"false\" placeholder=\"Phone Number\" value=\"\" type=\"tel\" name=\"tel-378\" \/><\/span>\n\t\t<\/div>\n\t\t<div class=\"form-group col-12\">\n                        <span class=\"wpcf7-form-control-wrap\" data-name=\"textarea-783\"><textarea cols=\"40\" rows=\"10\" maxlength=\"2000\" class=\"wpcf7-form-control wpcf7-textarea form-control\" aria-invalid=\"false\" placeholder=\"Write Your Message\" name=\"textarea-783\"><\/textarea><\/span>\n\t\t<\/div>\n\t\t<div class=\"form-btn col-12\">\n                        <button class=\"th-btn w-100 wpcf7\">MAKE AN APPOINTMENT<\/button>\n\t\t<\/div>\n\t<\/div>\n<\/div><div class=\"wpcf7-response-output\" aria-hidden=\"true\"><\/div>\n<\/form>\n<\/div>\n<\/div>\t\t<\/div>\n\t\t\t\t<\/div>\n\t\t\t\t<\/div>\n\t\t\t\t<\/div>\n\t\t\t\t<\/div>\n\t\t\t\t<\/div>\n\t\t","protected":false},"excerpt":{"rendered":"<p>Op.Dr. Sad\u0131g Shak\u0131l\u0131yev General Surgeon Grand Clinic offers a variety of plastic procedures in a hospital environment that adopts the latest and most up-to-date medical approaches. We also perform aesthetic, dental and hair transplant treatments with our professional doctors and expert staff. For this reason, we offer our patients the most advanced professional expertise, along&#8230;<\/p>\n","protected":false},"author":1,"featured_media":0,"parent":0,"menu_order":0,"comment_status":"closed","ping_status":"closed","template":"","meta":{"_siteseo_robots_primary_cat":"","_uag_custom_page_level_css":"","_monsterinsights_skip_tracking":false,"_monsterinsights_sitenote_active":false,"_monsterinsights_sitenote_note":"","_monsterinsights_sitenote_category":0,"footnotes":""},"class_list":["post-5812","page","type-page","status-publish","hentry"],"aioseo_notices":[],"uagb_featured_image_src":{"full":false,"thumbnail":false,"medium":false,"medium_large":false,"large":false,"nd_cc_image_size_1110_570":false,"nd_cc_image_size_720_720":false,"webteck_80X80":false,"webteck_391X250":false,"webteck_140X140":false,"1536x1536":false,"2048x2048":false,"webteck-shop-single":false,"webteck-shop-single-small-image":false,"woocommerce_thumbnail":false,"woocommerce_single":false,"woocommerce_gallery_thumbnail":false,"wpvr_mobile":false,"woosq":false},"uagb_author_info":{"display_name":"grandadmin","author_link":"http:\/\/www.clinicgrand.com\/it\/author\/grandadmin\/"},"uagb_comment_info":0,"uagb_excerpt":"Op.Dr. Sad\u0131g Shak\u0131l\u0131yev General Surgeon Grand Clinic offers a variety of plastic procedures in a hospital environment that adopts the latest and most up-to-date medical approaches. We also perform aesthetic, dental and hair transplant treatments with our professional doctors and expert staff. For this reason, we offer our patients the most advanced professional expertise, along...","_links":{"self":[{"href":"http:\/\/www.clinicgrand.com\/it\/wp-json\/wp\/v2\/pages\/5812","targetHints":{"allow":["GET"]}}],"collection":[{"href":"http:\/\/www.clinicgrand.com\/it\/wp-json\/wp\/v2\/pages"}],"about":[{"href":"http:\/\/www.clinicgrand.com\/it\/wp-json\/wp\/v2\/types\/page"}],"author":[{"embeddable":true,"href":"http:\/\/www.clinicgrand.com\/it\/wp-json\/wp\/v2\/users\/1"}],"replies":[{"embeddable":true,"href":"http:\/\/www.clinicgrand.com\/it\/wp-json\/wp\/v2\/comments?post=5812"}],"version-history":[{"count":0,"href":"http:\/\/www.clinicgrand.com\/it\/wp-json\/wp\/v2\/pages\/5812\/revisions"}],"wp:attachment":[{"href":"http:\/\/www.clinicgrand.com\/it\/wp-json\/wp\/v2\/media?parent=5812"}],"curies":[{"name":"wp","href":"https:\/\/api.w.org\/{rel}","templated":true}]}}