{"id":5667,"date":"2024-07-10T15:47:00","date_gmt":"2024-07-10T12:47:00","guid":{"rendered":"http:\/\/www.clinicgrand.com\/it\/?page_id=5667"},"modified":"2024-07-24T11:25:07","modified_gmt":"2024-07-24T08:25:07","slug":"op-dr-nurettin-uzer","status":"publish","type":"page","link":"http:\/\/www.clinicgrand.com\/it\/op-dr-nurettin-uzer\/","title":{"rendered":"Op.Dr. Nurettin \u00dczer"},"content":{"rendered":"\t\t<div data-elementor-type=\"wp-page\" data-elementor-id=\"5667\" class=\"elementor elementor-5667\">\n\t\t\t\t\t\t<section class=\"elementor-section elementor-top-section elementor-element elementor-element-0b7b73b elementor-section-boxed elementor-section-height-default elementor-section-height-default\" data-id=\"0b7b73b\" data-element_type=\"section\">\n\t\t\t\t\t\t<div class=\"elementor-container elementor-column-gap-no\">\n\t\t\t\t\t<div class=\"elementor-column elementor-col-100 elementor-top-column elementor-element elementor-element-591bfbe\" data-id=\"591bfbe\" data-element_type=\"column\">\n\t\t\t<div class=\"elementor-widget-wrap elementor-element-populated\">\n\t\t\t\t\t\t<section class=\"elementor-section elementor-inner-section elementor-element elementor-element-bb92f9d elementor-section-content-middle elementor-section-boxed elementor-section-height-default elementor-section-height-default\" data-id=\"bb92f9d\" data-element_type=\"section\">\n\t\t\t\t\t\t<div class=\"elementor-container elementor-column-gap-no\">\n\t\t\t\t\t<div class=\"elementor-column elementor-col-50 elementor-inner-column elementor-element elementor-element-bda57eb\" data-id=\"bda57eb\" data-element_type=\"column\">\n\t\t\t<div class=\"elementor-widget-wrap elementor-element-populated\">\n\t\t\t\t\t\t<div class=\"elementor-element elementor-element-417d288 elementor-widget elementor-widget-image\" data-id=\"417d288\" data-element_type=\"widget\" data-widget_type=\"image.default\">\n\t\t\t\t<div class=\"elementor-widget-container\">\n\t\t\t\t\t\t\t\t\t\t\t\t\t<img fetchpriority=\"high\" decoding=\"async\" width=\"350\" height=\"300\" src=\"http:\/\/www.clinicgrand.com\/it\/wp-content\/uploads\/2024\/07\/Op.Dr_.-Nurettin-Uzer.png\" class=\"attachment-full size-full wp-image-5747\" alt=\"\" srcset=\"http:\/\/www.clinicgrand.com\/it\/wp-content\/uploads\/2024\/07\/Op.Dr_.-Nurettin-Uzer.png 350w, http:\/\/www.clinicgrand.com\/it\/wp-content\/uploads\/2024\/07\/Op.Dr_.-Nurettin-Uzer-300x257.png 300w\" sizes=\"(max-width: 350px) 100vw, 350px\" \/>\t\t\t\t\t\t\t\t\t\t\t\t\t<\/div>\n\t\t\t\t<\/div>\n\t\t\t\t\t<\/div>\n\t\t<\/div>\n\t\t\t\t<div class=\"elementor-column elementor-col-50 elementor-inner-column elementor-element elementor-element-5f763f4 about-card_box\" data-id=\"5f763f4\" data-element_type=\"column\">\n\t\t\t<div class=\"elementor-widget-wrap elementor-element-populated\">\n\t\t\t\t\t\t<div class=\"elementor-element elementor-element-1a8c520 elementor-widget elementor-widget-text-editor\" data-id=\"1a8c520\" data-element_type=\"widget\" data-widget_type=\"text-editor.default\">\n\t\t\t\t<div class=\"elementor-widget-container\">\n\t\t\t\t\t\t\t<h4 class=\"about-card_title\">Op.Dr. Nurettin \u00dczer<\/h4><p class=\"about-card_desig\">Aesthetic Plastic And Reconstructive Surgeon<\/p>\t\t\t\t\t\t<\/div>\n\t\t\t\t<\/div>\n\t\t\t\t<div class=\"elementor-element elementor-element-e9e9355 elementor-widget elementor-widget-text-editor\" data-id=\"e9e9355\" data-element_type=\"widget\" data-widget_type=\"text-editor.default\">\n\t\t\t\t<div class=\"elementor-widget-container\">\n\t\t\t\t\t\t\t<p>Grand Clinic offers a variety of plastic procedures in a hospital environment that adopts the latest and most up-to-date medical approaches. We also perform aesthetic, dental and hair transplant treatments with our professional doctors and expert staff.<\/p><p>For this reason, we offer our patients the most advanced professional expertise, along with the latest technology that is approved in the field. We also carefully organize and follow up on our customers&#8217; pre- and post-operative experiences to ensure that the operation and recovery process goes smoothly.<\/p><p>Our team strives to help patients have a pleasant stay in Turkey and achieve life-changing results.<\/p><p>Grand Clinic offers aesthetic services in a comfortable travel and hospital environment that will make you look your best in Istanbul Turkey. We are waiting for you on this unique journey.<\/p>\t\t\t\t\t\t<\/div>\n\t\t\t\t<\/div>\n\t\t\t\t<div class=\"elementor-element elementor-element-ee12be3 elementor-widget__width-initial elementor-widget elementor-widget-tragabutton\" data-id=\"ee12be3\" data-element_type=\"widget\" data-widget_type=\"tragabutton.default\">\n\t\t\t\t<div class=\"elementor-widget-container\">\n\t\t\t<div class=\"btn-wrapper  center\"><a class=\"th-btn\" href=\"http:\/\/wa.me\/905316464763\">Whatsapp Chat        <i class=\"fa fa-whatsapp\" aria-hidden=\"true\"><\/i><\/a><\/div>\t\t<\/div>\n\t\t\t\t<\/div>\n\t\t\t\t<div class=\"elementor-element elementor-element-2059ac4 elementor-widget__width-initial elementor-widget elementor-widget-tragabutton\" data-id=\"2059ac4\" data-element_type=\"widget\" data-widget_type=\"tragabutton.default\">\n\t\t\t\t<div class=\"elementor-widget-container\">\n\t\t\t<div class=\"btn-wrapper  center\"><a class=\"th-btn\" href=\"#\">\u0130nstagram DM        <i class=\"fa-brands fa-instagram\"><\/i><\/a><\/div>\t\t<\/div>\n\t\t\t\t<\/div>\n\t\t\t\t\t<\/div>\n\t\t<\/div>\n\t\t\t\t\t<\/div>\n\t\t<\/section>\n\t\t\t\t\t<\/div>\n\t\t<\/div>\n\t\t\t\t\t<\/div>\n\t\t<\/section>\n\t\t\t\t<section class=\"elementor-section elementor-top-section elementor-element elementor-element-0fee0d1 elementor-section-boxed elementor-section-height-default elementor-section-height-default\" data-id=\"0fee0d1\" data-element_type=\"section\">\n\t\t\t\t\t\t<div class=\"elementor-container elementor-column-gap-default\">\n\t\t\t\t\t<div class=\"elementor-column elementor-col-50 elementor-top-column elementor-element elementor-element-2f25d70\" data-id=\"2f25d70\" data-element_type=\"column\">\n\t\t\t<div class=\"elementor-widget-wrap elementor-element-populated\">\n\t\t\t\t\t\t<div class=\"elementor-element elementor-element-2f69001 elementor-widget elementor-widget-heading\" data-id=\"2f69001\" data-element_type=\"widget\" data-widget_type=\"heading.default\">\n\t\t\t\t<div class=\"elementor-widget-container\">\n\t\t\t<h4 class=\"elementor-heading-title elementor-size-default\">Personal Biography<\/h4>\t\t<\/div>\n\t\t\t\t<\/div>\n\t\t\t\t<div class=\"elementor-element elementor-element-58f76eb elementor-widget elementor-widget-text-editor\" data-id=\"58f76eb\" data-element_type=\"widget\" data-widget_type=\"text-editor.default\">\n\t\t\t\t<div class=\"elementor-widget-container\">\n\t\t\t\t\t\t\t<p>Conveniently innovate professional initiatives whereas virtual information. Compellingly network resource maximizing materials without premier benefits. Phosfluorescently synthesize wireless solutions with robust e-business. Monotonectally implement functionalized ideas with technically sound process improvements. Dramatically disseminate vertical systems after.<\/p>\t\t\t\t\t\t<\/div>\n\t\t\t\t<\/div>\n\t\t\t\t<div class=\"elementor-element elementor-element-3753168 elementor-widget elementor-widget-heading\" data-id=\"3753168\" data-element_type=\"widget\" data-widget_type=\"heading.default\">\n\t\t\t\t<div class=\"elementor-widget-container\">\n\t\t\t<h5 class=\"elementor-heading-title elementor-size-default\">Professional Skills<\/h5>\t\t<\/div>\n\t\t\t\t<\/div>\n\t\t\t\t<div class=\"elementor-element elementor-element-2b856c8 elementor-widget elementor-widget-text-editor\" data-id=\"2b856c8\" data-element_type=\"widget\" data-widget_type=\"text-editor.default\">\n\t\t\t\t<div class=\"elementor-widget-container\">\n\t\t\t\t\t\t\tCredibly scale plug-and-play customer service after high-payoff idea. Monotonectall incentivize installed base intellectual capital whereas flexible process improvement. Conveniently. Distinctively negotiate front-end customer service rather. Process tonectall incentivize installed base intellectual flexible.\t\t\t\t\t\t<\/div>\n\t\t\t\t<\/div>\n\t\t\t\t\t<\/div>\n\t\t<\/div>\n\t\t\t\t<div class=\"elementor-column elementor-col-50 elementor-top-column elementor-element elementor-element-a8d7a36\" data-id=\"a8d7a36\" data-element_type=\"column\">\n\t\t\t<div class=\"elementor-widget-wrap elementor-element-populated\">\n\t\t\t\t\t\t<div class=\"elementor-element elementor-element-d18356a elementor-widget elementor-widget-heading\" data-id=\"d18356a\" data-element_type=\"widget\" data-widget_type=\"heading.default\">\n\t\t\t\t<div class=\"elementor-widget-container\">\n\t\t\t<h5 class=\"elementor-heading-title elementor-size-default\">Area Of Expertise<\/h5>\t\t<\/div>\n\t\t\t\t<\/div>\n\t\t\t\t<section class=\"elementor-section elementor-inner-section elementor-element elementor-element-2d18f8a elementor-section-boxed elementor-section-height-default elementor-section-height-default\" data-id=\"2d18f8a\" data-element_type=\"section\">\n\t\t\t\t\t\t<div class=\"elementor-container elementor-column-gap-no\">\n\t\t\t\t\t<div class=\"elementor-column elementor-col-50 elementor-inner-column elementor-element elementor-element-bfb7f48\" data-id=\"bfb7f48\" data-element_type=\"column\">\n\t\t\t<div class=\"elementor-widget-wrap elementor-element-populated\">\n\t\t\t\t\t\t<div class=\"elementor-element elementor-element-3b1a3b5 elementor-widget elementor-widget-tragalist\" data-id=\"3b1a3b5\" data-element_type=\"widget\" data-widget_type=\"tragalist.default\">\n\t\t\t\t<div class=\"elementor-widget-container\">\n\t\t\t<div class=\"checklist\"><ul><li><i class=\"fas fa-badge-check\"><\/i> Tummy Tuck<\/li><li><i class=\"fas fa-badge-check\"><\/i> Breast Implant<\/li><li><i class=\"fas fa-badge-check\"><\/i> Breast Lift\n<\/li><li><i class=\"fas fa-badge-check\"><\/i> Liposuction\n<\/li><li><i class=\"fas fa-badge-check\"><\/i>BBL<\/li><li><i class=\"fas fa-badge-check\"><\/i>Mommy Makeover\n<\/li><li><i class=\"fas fa-badge-check\"><\/i> Arm Lift\n<\/li><li><i class=\"fas fa-badge-check\"><\/i> Leg Lift<\/li><li><i class=\"fas fa-badge-check\"><\/i> Neck Liposuction \n<\/li><li><i class=\"fas fa-badge-check\"><\/i>Thigh Lift\n<\/li><\/ul><\/div>\t\t<\/div>\n\t\t\t\t<\/div>\n\t\t\t\t\t<\/div>\n\t\t<\/div>\n\t\t\t\t<div class=\"elementor-column elementor-col-50 elementor-inner-column elementor-element elementor-element-3549f36\" data-id=\"3549f36\" data-element_type=\"column\">\n\t\t\t<div class=\"elementor-widget-wrap elementor-element-populated\">\n\t\t\t\t\t\t<div class=\"elementor-element elementor-element-4515b49 elementor-widget elementor-widget-tragalist\" data-id=\"4515b49\" data-element_type=\"widget\" data-widget_type=\"tragalist.default\">\n\t\t\t\t<div class=\"elementor-widget-container\">\n\t\t\t<div class=\"checklist\"><ul><li><i class=\"fas fa-badge-check\"><\/i>Calf Reduction<\/li><li><i class=\"fas fa-badge-check\"><\/i>Rhinoplasty<\/li><li><i class=\"fas fa-badge-check\"><\/i>Blepharoplasty<\/li><li><i class=\"fas fa-badge-check\"><\/i>Brow Lift<\/li><li><i class=\"fas fa-badge-check\"><\/i>Canthoplasty<\/li><li><i class=\"fas fa-badge-check\"><\/i> Lip Lift\n<\/li><li><i class=\"fas fa-badge-check\"><\/i> Bichectomy<\/li><li><i class=\"fas fa-badge-check\"><\/i>Prominent Ear\n<\/li><li><i class=\"fas fa-badge-check\"><\/i>Genital Aesthetics\n<\/li><\/ul><\/div>\t\t<\/div>\n\t\t\t\t<\/div>\n\t\t\t\t\t<\/div>\n\t\t<\/div>\n\t\t\t\t\t<\/div>\n\t\t<\/section>\n\t\t\t\t<div class=\"elementor-element elementor-element-2dcb3eb elementor-widget elementor-widget-heading\" data-id=\"2dcb3eb\" data-element_type=\"widget\" data-widget_type=\"heading.default\">\n\t\t\t\t<div class=\"elementor-widget-container\">\n\t\t\t<h5 class=\"elementor-heading-title elementor-size-default\">Educational Qualification<\/h5>\t\t<\/div>\n\t\t\t\t<\/div>\n\t\t\t\t<div class=\"elementor-element elementor-element-ef9df10 elementor-widget elementor-widget-text-editor\" data-id=\"ef9df10\" data-element_type=\"widget\" data-widget_type=\"text-editor.default\">\n\t\t\t\t<div class=\"elementor-widget-container\">\n\t\t\t\t\t\t\t<ul><li>Istanbul University Faculty of Medicine<\/li><li>\u015ei\u015fli Etfal Training and Research Hospital (University Where He Takes<br \/>Expertise)<\/li><\/ul>\t\t\t\t\t\t<\/div>\n\t\t\t\t<\/div>\n\t\t\t\t\t<\/div>\n\t\t<\/div>\n\t\t\t\t\t<\/div>\n\t\t<\/section>\n\t\t<div class=\"elementor-element elementor-element-e0a9b46 e-flex e-con-boxed e-con e-parent\" data-id=\"e0a9b46\" data-element_type=\"container\">\n\t\t\t\t\t<div class=\"e-con-inner\">\n\t\t\t\t<div class=\"elementor-element elementor-element-24c023f elementor-widget elementor-widget-heading\" data-id=\"24c023f\" data-element_type=\"widget\" data-widget_type=\"heading.default\">\n\t\t\t\t<div class=\"elementor-widget-container\">\n\t\t\t<h5 class=\"elementor-heading-title elementor-size-default\">Work Experience<\/h5>\t\t<\/div>\n\t\t\t\t<\/div>\n\t\t\t\t\t<\/div>\n\t\t\t\t<\/div>\n\t\t<div class=\"elementor-element elementor-element-183bdfa e-flex e-con-boxed e-con e-parent\" data-id=\"183bdfa\" data-element_type=\"container\">\n\t\t\t\t\t<div class=\"e-con-inner\">\n\t\t\t\t<div class=\"elementor-element elementor-element-282babb elementor-widget elementor-widget-tragaexperience\" data-id=\"282babb\" data-element_type=\"widget\" data-widget_type=\"tragaexperience.default\">\n\t\t\t\t<div class=\"elementor-widget-container\">\n\t\t\t<div class=\"experience-box-wrap\"><div class=\"experience-box\"><span class=\"experience-box_num\">1st<\/span><h6 class=\"experience-box_title\">Ba\u015fak\u015fehir State Hospital<\/h6><p class=\"experience-box_text\">Aesthetic Plastic And Reconstructive Surgeon<\/p><\/div><div class=\"experience-box\"><span class=\"experience-box_num\">2st<\/span><h6 class=\"experience-box_title\">Research Hospital\n<\/h6><p class=\"experience-box_text\">Aesthetic Plastic And Reconstructive Surgeon<\/p><\/div><div class=\"experience-box\"><span class=\"experience-box_num\">3st<\/span><h6 class=\"experience-box_title\">Suleiman the Magnificent Training and \n<\/h6><p class=\"experience-box_text\">Aesthetic Plastic And Reconstructive Surgeon<\/p><\/div><div class=\"experience-box\"><span class=\"experience-box_num\">4st<\/span><h6 class=\"experience-box_title\">Taksim Training and Research Hospital\n<\/h6><p class=\"experience-box_text\">Aesthetic Plastic And Reconstructive Surgeon<\/p><\/div><div class=\"experience-box\"><span class=\"experience-box_num\">5st<\/span><h6 class=\"experience-box_title\">Grand Clinic - K\u00fc\u00e7\u00fck\u00e7ekmece Hospital\n<\/h6><p class=\"experience-box_text\">Aesthetic Plastic And Reconstructive Surgeon<\/p><\/div><\/div>\t\t<\/div>\n\t\t\t\t<\/div>\n\t\t\t\t\t<\/div>\n\t\t\t\t<\/div>\n\t\t<div class=\"elementor-element elementor-element-9c950e9 e-con-full e-flex e-con e-parent\" data-id=\"9c950e9\" data-element_type=\"container\">\n\t\t<div class=\"elementor-element elementor-element-7efba43 e-con-full e-flex e-con e-child\" data-id=\"7efba43\" data-element_type=\"container\" data-settings=\"{&quot;background_background&quot;:&quot;classic&quot;}\">\n\t\t<div class=\"elementor-element elementor-element-2b99db9 e-con-full e-flex e-con e-child\" data-id=\"2b99db9\" data-element_type=\"container\">\n\t\t\t\t<div class=\"elementor-element elementor-element-5e89781 elementor-widget__width-initial elementor-widget-tablet__width-initial ms-xl-0 ms-auto me-auto elementor-widget elementor-widget-tragasectiontitle\" data-id=\"5e89781\" data-element_type=\"widget\" data-widget_type=\"tragasectiontitle.default\">\n\t\t\t\t<div class=\"elementor-widget-container\">\n\t\t\t<div class=\"title-area-wrap\"><div class=\"title-area mb-35\" ><div class=\"shadow-title\">Lest's Consultation<\/div><h2 class=\"sec-title title-selector\">We're here to help!  <span class=\"text-theme\"><\/span><\/h2><\/div><p class=\"desc-selector mt-n2 mb-4\">Grand Clinic team will help you get detailed information about the treatments you request.<\/p><\/div>\t\t<\/div>\n\t\t\t\t<\/div>\n\t\t\t\t<div class=\"elementor-element elementor-element-1a26603 elementor-widget__width-initial ms-xl-0 ms-auto me-auto elementor-widget elementor-widget-tragacontactinfo\" data-id=\"1a26603\" data-element_type=\"widget\" data-widget_type=\"tragacontactinfo.default\">\n\t\t\t\t<div class=\"elementor-widget-container\">\n\t\t\t<div class=\"widget footer-widget\"><h3 class=\"widget_title\">CONTACT US<\/h3><div class=\"th-widget-contact\"><div class=\"contact-feature\"><div class=\"icon-btn\"><i class=\"fas fa-phone\"><\/i><\/div><div class=\"media-body\"><p class=\"contact-feature_label\">Call Us On:<\/p><a class=\"contact-feature_link\" href=\"tel:+90531464763\">+90 531 46 47 63<\/a><\/div><\/div><div class=\"contact-feature\"><div class=\"icon-btn\"><i class=\"fas fa-envelope\"><\/i><\/div><div class=\"media-body\"><p class=\"contact-feature_label\">Quick Mail Us:<\/p><a class=\"contact-feature_link\" href=\"mailto:info@clinicgrand.com\">info@clinicgrand.com<\/a><\/div><\/div><div class=\"contact-feature\"><div class=\"icon-btn\"><i class=\"fa-light fa-location-dot icon-btn\"><\/i><\/div><div class=\"media-body\"><p class=\"contact-feature_label\">Location:<\/p><a class=\"contact-feature_link\" href=\"https:\/\/www.google.com\/maps\">Yeni Mahalle, \u0130n\u00f6n\u00fc Cd., No: 140, 34290, K\u00fc\u00e7\u00fck\u00e7ekmece\/\u0130stanbul,Turkey<\/a><\/div><\/div><\/div><\/div>\t\t<\/div>\n\t\t\t\t<\/div>\n\t\t\t\t<\/div>\n\t\t<div class=\"elementor-element elementor-element-531445a e-con-full e-flex e-con e-child\" data-id=\"531445a\" data-element_type=\"container\">\n\t\t\t\t<div class=\"elementor-element elementor-element-3708a6f elementor-widget__width-initial elementor-widget-mobile__width-inherit elementor-widget elementor-widget-tragacontactus\" data-id=\"3708a6f\" data-element_type=\"widget\" data-widget_type=\"tragacontactus.default\">\n\t\t\t\t<div class=\"elementor-widget-container\">\n\t\t\t<div><h3 class=\"h4 mt-n2 mb-30 text-center\">Request Call Back<\/h3>\n<div class=\"wpcf7 no-js\" id=\"wpcf7-f3181-o1\" lang=\"en-US\" dir=\"ltr\">\n<div class=\"screen-reader-response\"><p role=\"status\" aria-live=\"polite\" aria-atomic=\"true\"><\/p> <ul><\/ul><\/div>\n<form action=\"\/it\/wp-json\/wp\/v2\/pages\/5667#wpcf7-f3181-o1\" method=\"post\" class=\"wpcf7-form init\" aria-label=\"Contact form\" novalidate=\"novalidate\" data-status=\"init\">\n<div style=\"display: none;\">\n<input type=\"hidden\" name=\"_wpcf7\" value=\"3181\" \/>\n<input type=\"hidden\" name=\"_wpcf7_version\" value=\"5.9.7\" \/>\n<input type=\"hidden\" name=\"_wpcf7_locale\" value=\"en_US\" \/>\n<input type=\"hidden\" name=\"_wpcf7_unit_tag\" value=\"wpcf7-f3181-o1\" \/>\n<input type=\"hidden\" name=\"_wpcf7_container_post\" value=\"0\" \/>\n<input type=\"hidden\" name=\"_wpcf7_posted_data_hash\" value=\"\" \/>\n<\/div>\n<div class=\"appoitment-form\">\n\t<div class=\"row\">\n\t\t<div class=\"form-group col-sm-6\">\n                      <span class=\"wpcf7-form-control-wrap\" data-name=\"text-82\"><input size=\"40\" maxlength=\"400\" class=\"wpcf7-form-control wpcf7-text wpcf7-validates-as-required form-control\" aria-required=\"true\" aria-invalid=\"false\" placeholder=\"Enter Your Name\" value=\"\" type=\"text\" name=\"text-82\" \/><\/span>\n\t\t<\/div>\n\t\t<div class=\"form-group col-sm-6\">\n\t\t\t<span class=\"wpcf7-form-control-wrap\" data-name=\"your-email\"><input size=\"40\" maxlength=\"400\" class=\"wpcf7-form-control wpcf7-email wpcf7-validates-as-required wpcf7-text wpcf7-validates-as-email form-control\" aria-required=\"true\" aria-invalid=\"false\" placeholder=\"Enter Your Email\" value=\"\" type=\"email\" name=\"your-email\" \/><\/span>\n\t\t<\/div>\n\t\t<div class=\"form-group col-sm-6\">\n\n                        <span class=\"wpcf7-form-control-wrap\" data-name=\"menu-375\"><select class=\"wpcf7-form-control wpcf7-select wpcf7-validates-as-required form-select\" aria-required=\"true\" aria-invalid=\"false\" name=\"menu-375\"><option value=\"Surgery Category\">Surgery Category<\/option><option value=\"Plastic Surgery\">Plastic Surgery<\/option><option value=\"Rhinoplasty\">Rhinoplasty<\/option><option value=\"Hair Transplant\">Hair Transplant<\/option><option value=\"Dental Care\">Dental Care<\/option><option value=\"Obesity Surgery\">Obesity Surgery<\/option><option value=\"Other\">Other<\/option><\/select><\/span>\n\t\t<\/div>\n\t\t<div class=\"form-group col-sm-6\">\n                        <span class=\"wpcf7-form-control-wrap\" data-name=\"tel-378\"><input size=\"40\" maxlength=\"400\" class=\"wpcf7-form-control wpcf7-tel wpcf7-validates-as-required wpcf7-text wpcf7-validates-as-tel form-control\" aria-required=\"true\" aria-invalid=\"false\" placeholder=\"Phone Number\" value=\"\" type=\"tel\" name=\"tel-378\" \/><\/span>\n\t\t<\/div>\n\t\t<div class=\"form-group col-12\">\n                        <span class=\"wpcf7-form-control-wrap\" data-name=\"textarea-783\"><textarea cols=\"40\" rows=\"10\" maxlength=\"2000\" class=\"wpcf7-form-control wpcf7-textarea form-control\" aria-invalid=\"false\" placeholder=\"Write Your Message\" name=\"textarea-783\"><\/textarea><\/span>\n\t\t<\/div>\n\t\t<div class=\"form-btn col-12\">\n                        <button class=\"th-btn w-100 wpcf7\">MAKE AN APPOINTMENT<\/button>\n\t\t<\/div>\n\t<\/div>\n<\/div><div class=\"wpcf7-response-output\" aria-hidden=\"true\"><\/div>\n<\/form>\n<\/div>\n<\/div>\t\t<\/div>\n\t\t\t\t<\/div>\n\t\t\t\t<\/div>\n\t\t\t\t<\/div>\n\t\t\t\t<\/div>\n\t\t\t\t<\/div>\n\t\t","protected":false},"excerpt":{"rendered":"<p>Op.Dr. Nurettin \u00dczer Aesthetic Plastic And Reconstructive Surgeon Grand Clinic offers a variety of plastic procedures in a hospital environment that adopts the latest and most up-to-date medical approaches. We also perform aesthetic, dental and hair transplant treatments with our professional doctors and expert staff. For this reason, we offer our patients the most advanced&#8230;<\/p>\n","protected":false},"author":1,"featured_media":0,"parent":0,"menu_order":0,"comment_status":"closed","ping_status":"closed","template":"","meta":{"_siteseo_robots_primary_cat":"","_uag_custom_page_level_css":"","_monsterinsights_skip_tracking":false,"_monsterinsights_sitenote_active":false,"_monsterinsights_sitenote_note":"","_monsterinsights_sitenote_category":0,"footnotes":""},"class_list":["post-5667","page","type-page","status-publish","hentry"],"aioseo_notices":[],"uagb_featured_image_src":{"full":false,"thumbnail":false,"medium":false,"medium_large":false,"large":false,"nd_cc_image_size_1110_570":false,"nd_cc_image_size_720_720":false,"webteck_80X80":false,"webteck_391X250":false,"webteck_140X140":false,"1536x1536":false,"2048x2048":false,"webteck-shop-single":false,"webteck-shop-single-small-image":false,"woocommerce_thumbnail":false,"woocommerce_single":false,"woocommerce_gallery_thumbnail":false,"wpvr_mobile":false,"woosq":false},"uagb_author_info":{"display_name":"grandadmin","author_link":"http:\/\/www.clinicgrand.com\/it\/author\/grandadmin\/"},"uagb_comment_info":0,"uagb_excerpt":"Op.Dr. Nurettin \u00dczer Aesthetic Plastic And Reconstructive Surgeon Grand Clinic offers a variety of plastic procedures in a hospital environment that adopts the latest and most up-to-date medical approaches. We also perform aesthetic, dental and hair transplant treatments with our professional doctors and expert staff. For this reason, we offer our patients the most advanced...","_links":{"self":[{"href":"http:\/\/www.clinicgrand.com\/it\/wp-json\/wp\/v2\/pages\/5667","targetHints":{"allow":["GET"]}}],"collection":[{"href":"http:\/\/www.clinicgrand.com\/it\/wp-json\/wp\/v2\/pages"}],"about":[{"href":"http:\/\/www.clinicgrand.com\/it\/wp-json\/wp\/v2\/types\/page"}],"author":[{"embeddable":true,"href":"http:\/\/www.clinicgrand.com\/it\/wp-json\/wp\/v2\/users\/1"}],"replies":[{"embeddable":true,"href":"http:\/\/www.clinicgrand.com\/it\/wp-json\/wp\/v2\/comments?post=5667"}],"version-history":[{"count":0,"href":"http:\/\/www.clinicgrand.com\/it\/wp-json\/wp\/v2\/pages\/5667\/revisions"}],"wp:attachment":[{"href":"http:\/\/www.clinicgrand.com\/it\/wp-json\/wp\/v2\/media?parent=5667"}],"curies":[{"name":"wp","href":"https:\/\/api.w.org\/{rel}","templated":true}]}}