{"id":5652,"date":"2024-07-10T15:24:12","date_gmt":"2024-07-10T12:24:12","guid":{"rendered":"http:\/\/www.clinicgrand.com\/it\/?page_id=5652"},"modified":"2024-07-12T14:44:04","modified_gmt":"2024-07-12T11:44:04","slug":"op-dr-onurustun","status":"publish","type":"page","link":"http:\/\/www.clinicgrand.com\/it\/op-dr-onurustun\/","title":{"rendered":"Op.Dr. Onur \u00dcst\u00fcn"},"content":{"rendered":"\t\t<div data-elementor-type=\"wp-page\" data-elementor-id=\"5652\" class=\"elementor elementor-5652\">\n\t\t\t\t\t\t<section class=\"elementor-section elementor-top-section elementor-element elementor-element-324e835 elementor-section-boxed elementor-section-height-default elementor-section-height-default\" data-id=\"324e835\" data-element_type=\"section\">\n\t\t\t\t\t\t<div class=\"elementor-container elementor-column-gap-no\">\n\t\t\t\t\t<div class=\"elementor-column elementor-col-100 elementor-top-column elementor-element elementor-element-427ead7\" data-id=\"427ead7\" data-element_type=\"column\">\n\t\t\t<div class=\"elementor-widget-wrap elementor-element-populated\">\n\t\t\t\t\t\t<section class=\"elementor-section elementor-inner-section elementor-element elementor-element-da91215 elementor-section-content-middle elementor-section-boxed elementor-section-height-default elementor-section-height-default\" data-id=\"da91215\" data-element_type=\"section\">\n\t\t\t\t\t\t<div class=\"elementor-container elementor-column-gap-no\">\n\t\t\t\t\t<div class=\"elementor-column elementor-col-50 elementor-inner-column elementor-element elementor-element-a25dc87\" data-id=\"a25dc87\" data-element_type=\"column\">\n\t\t\t<div class=\"elementor-widget-wrap elementor-element-populated\">\n\t\t\t\t\t\t<div class=\"elementor-element elementor-element-263f88b elementor-widget elementor-widget-image\" data-id=\"263f88b\" data-element_type=\"widget\" data-widget_type=\"image.default\">\n\t\t\t\t<div class=\"elementor-widget-container\">\n\t\t\t\t\t\t\t\t\t\t\t\t\t<img fetchpriority=\"high\" decoding=\"async\" width=\"350\" height=\"300\" src=\"http:\/\/www.clinicgrand.com\/it\/wp-content\/uploads\/2024\/07\/Op.dr-Onur-Ustun.png\" class=\"attachment-full size-full wp-image-5742\" alt=\"\" srcset=\"http:\/\/www.clinicgrand.com\/it\/wp-content\/uploads\/2024\/07\/Op.dr-Onur-Ustun.png 350w, http:\/\/www.clinicgrand.com\/it\/wp-content\/uploads\/2024\/07\/Op.dr-Onur-Ustun-300x257.png 300w\" sizes=\"(max-width: 350px) 100vw, 350px\" \/>\t\t\t\t\t\t\t\t\t\t\t\t\t<\/div>\n\t\t\t\t<\/div>\n\t\t\t\t\t<\/div>\n\t\t<\/div>\n\t\t\t\t<div class=\"elementor-column elementor-col-50 elementor-inner-column elementor-element elementor-element-913a1a2 about-card_box\" data-id=\"913a1a2\" data-element_type=\"column\">\n\t\t\t<div class=\"elementor-widget-wrap elementor-element-populated\">\n\t\t\t\t\t\t<div class=\"elementor-element elementor-element-3602830 elementor-widget elementor-widget-text-editor\" data-id=\"3602830\" data-element_type=\"widget\" data-widget_type=\"text-editor.default\">\n\t\t\t\t<div class=\"elementor-widget-container\">\n\t\t\t\t\t\t\t<div class=\"about-card_top\"><div class=\"media-body\"><h4 class=\"about-card_title\">Op.Dr. Onur \u00dcst\u00fcn<\/h4><p class=\"about-card_desig\">Ent Surgeon<\/p><\/div><\/div>\t\t\t\t\t\t<\/div>\n\t\t\t\t<\/div>\n\t\t\t\t<div class=\"elementor-element elementor-element-9479a66 elementor-widget elementor-widget-text-editor\" data-id=\"9479a66\" data-element_type=\"widget\" data-widget_type=\"text-editor.default\">\n\t\t\t\t<div class=\"elementor-widget-container\">\n\t\t\t\t\t\t\t<p>Grand Clinic offers a variety of plastic procedures in a hospital environment that adopts the latest and most up-to-date medical approaches. We also perform aesthetic, dental and hair transplant treatments with our professional doctors and expert staff.<\/p><p>For this reason, we offer our patients the most advanced professional expertise, along with the latest technology that is approved in the field. We also carefully organize and follow up on our customers&#8217; pre- and post-operative experiences to ensure that the operation and recovery process goes smoothly.<\/p><p>Our team strives to help patients have a pleasant stay in Turkey and achieve life-changing results.<\/p><p>Grand Clinic offers aesthetic services in a comfortable travel and hospital environment that will make you look your best in Istanbul Turkey. We are waiting for you on this unique journey.<\/p>\t\t\t\t\t\t<\/div>\n\t\t\t\t<\/div>\n\t\t\t\t<div class=\"elementor-element elementor-element-0911f95 elementor-widget__width-initial elementor-widget elementor-widget-tragabutton\" data-id=\"0911f95\" data-element_type=\"widget\" data-widget_type=\"tragabutton.default\">\n\t\t\t\t<div class=\"elementor-widget-container\">\n\t\t\t<div class=\"btn-wrapper  center\"><a class=\"th-btn\" href=\"http:\/\/wa.me\/905316464763\">Whatsapp Chat        <i class=\"fa fa-whatsapp\" aria-hidden=\"true\"><\/i><\/a><\/div>\t\t<\/div>\n\t\t\t\t<\/div>\n\t\t\t\t<div class=\"elementor-element elementor-element-f2f56ed elementor-widget__width-initial elementor-widget elementor-widget-tragabutton\" data-id=\"f2f56ed\" data-element_type=\"widget\" data-widget_type=\"tragabutton.default\">\n\t\t\t\t<div class=\"elementor-widget-container\">\n\t\t\t<div class=\"btn-wrapper  center\"><a class=\"th-btn\" href=\"#\">\u0130nstagram DM        <i class=\"fa-brands fa-instagram\"><\/i><\/a><\/div>\t\t<\/div>\n\t\t\t\t<\/div>\n\t\t\t\t\t<\/div>\n\t\t<\/div>\n\t\t\t\t\t<\/div>\n\t\t<\/section>\n\t\t\t\t\t<\/div>\n\t\t<\/div>\n\t\t\t\t\t<\/div>\n\t\t<\/section>\n\t\t\t\t<section class=\"elementor-section elementor-top-section elementor-element elementor-element-382d367 elementor-section-boxed elementor-section-height-default elementor-section-height-default\" data-id=\"382d367\" data-element_type=\"section\">\n\t\t\t\t\t\t<div class=\"elementor-container elementor-column-gap-default\">\n\t\t\t\t\t<div class=\"elementor-column elementor-col-50 elementor-top-column elementor-element elementor-element-7221495\" data-id=\"7221495\" data-element_type=\"column\">\n\t\t\t<div class=\"elementor-widget-wrap elementor-element-populated\">\n\t\t\t\t\t\t<div class=\"elementor-element elementor-element-85773b9 elementor-widget elementor-widget-heading\" data-id=\"85773b9\" data-element_type=\"widget\" data-widget_type=\"heading.default\">\n\t\t\t\t<div class=\"elementor-widget-container\">\n\t\t\t<h4 class=\"elementor-heading-title elementor-size-default\">Personal Biography<\/h4>\t\t<\/div>\n\t\t\t\t<\/div>\n\t\t\t\t<div class=\"elementor-element elementor-element-f33c020 elementor-widget elementor-widget-text-editor\" data-id=\"f33c020\" data-element_type=\"widget\" data-widget_type=\"text-editor.default\">\n\t\t\t\t<div class=\"elementor-widget-container\">\n\t\t\t\t\t\t\t<p>Conveniently innovate professional initiatives whereas virtual information. Compellingly network resource maximizing materials without premier benefits. Phosfluorescently synthesize wireless solutions with robust e-business. Monotonectally implement functionalized ideas with technically sound process improvements. Dramatically disseminate vertical systems after.<\/p>\t\t\t\t\t\t<\/div>\n\t\t\t\t<\/div>\n\t\t\t\t<div class=\"elementor-element elementor-element-8c7f4bf elementor-widget elementor-widget-heading\" data-id=\"8c7f4bf\" data-element_type=\"widget\" data-widget_type=\"heading.default\">\n\t\t\t\t<div class=\"elementor-widget-container\">\n\t\t\t<h5 class=\"elementor-heading-title elementor-size-default\">Professional Skills<\/h5>\t\t<\/div>\n\t\t\t\t<\/div>\n\t\t\t\t<div class=\"elementor-element elementor-element-219c42b elementor-widget elementor-widget-text-editor\" data-id=\"219c42b\" data-element_type=\"widget\" data-widget_type=\"text-editor.default\">\n\t\t\t\t<div class=\"elementor-widget-container\">\n\t\t\t\t\t\t\tCredibly scale plug-and-play customer service after high-payoff idea. Monotonectall incentivize installed base intellectual capital whereas flexible process improvement. Conveniently. Distinctively negotiate front-end customer service rather. Process tonectall incentivize installed base intellectual flexible.\t\t\t\t\t\t<\/div>\n\t\t\t\t<\/div>\n\t\t\t\t\t<\/div>\n\t\t<\/div>\n\t\t\t\t<div class=\"elementor-column elementor-col-50 elementor-top-column elementor-element elementor-element-81a0c65\" data-id=\"81a0c65\" data-element_type=\"column\">\n\t\t\t<div class=\"elementor-widget-wrap elementor-element-populated\">\n\t\t\t\t\t\t<div class=\"elementor-element elementor-element-5ad657f elementor-widget elementor-widget-heading\" data-id=\"5ad657f\" data-element_type=\"widget\" data-widget_type=\"heading.default\">\n\t\t\t\t<div class=\"elementor-widget-container\">\n\t\t\t<h5 class=\"elementor-heading-title elementor-size-default\">Area Of Expertise<\/h5>\t\t<\/div>\n\t\t\t\t<\/div>\n\t\t\t\t<section class=\"elementor-section elementor-inner-section elementor-element elementor-element-d468ec1 elementor-section-boxed elementor-section-height-default elementor-section-height-default\" data-id=\"d468ec1\" data-element_type=\"section\">\n\t\t\t\t\t\t<div class=\"elementor-container elementor-column-gap-no\">\n\t\t\t\t\t<div class=\"elementor-column elementor-col-50 elementor-inner-column elementor-element elementor-element-a615d25\" data-id=\"a615d25\" data-element_type=\"column\">\n\t\t\t<div class=\"elementor-widget-wrap elementor-element-populated\">\n\t\t\t\t\t\t<div class=\"elementor-element elementor-element-91f5d5c elementor-widget elementor-widget-tragalist\" data-id=\"91f5d5c\" data-element_type=\"widget\" data-widget_type=\"tragalist.default\">\n\t\t\t\t<div class=\"elementor-widget-container\">\n\t\t\t<div class=\"checklist\"><ul><li><i class=\"fas fa-badge-check\"><\/i> Tummy Tuck<\/li><li><i class=\"fas fa-badge-check\"><\/i> Breast Implant<\/li><li><i class=\"fas fa-badge-check\"><\/i> Breast Lift\n<\/li><li><i class=\"fas fa-badge-check\"><\/i> Liposuction\n<\/li><li><i class=\"fas fa-badge-check\"><\/i>BBL<\/li><li><i class=\"fas fa-badge-check\"><\/i>Mommy Makeover\n<\/li><li><i class=\"fas fa-badge-check\"><\/i> Arm Lift\n<\/li><li><i class=\"fas fa-badge-check\"><\/i> Leg Lift<\/li><li><i class=\"fas fa-badge-check\"><\/i> Neck Liposuction \n<\/li><\/ul><\/div>\t\t<\/div>\n\t\t\t\t<\/div>\n\t\t\t\t\t<\/div>\n\t\t<\/div>\n\t\t\t\t<div class=\"elementor-column elementor-col-50 elementor-inner-column elementor-element elementor-element-2bcdca3\" data-id=\"2bcdca3\" data-element_type=\"column\">\n\t\t\t<div class=\"elementor-widget-wrap elementor-element-populated\">\n\t\t\t\t\t\t<div class=\"elementor-element elementor-element-2cf9052 elementor-widget elementor-widget-tragalist\" data-id=\"2cf9052\" data-element_type=\"widget\" data-widget_type=\"tragalist.default\">\n\t\t\t\t<div class=\"elementor-widget-container\">\n\t\t\t<div class=\"checklist\"><ul><li><i class=\"fas fa-badge-check\"><\/i>Thigh Lift\n<\/li><li><i class=\"fas fa-badge-check\"><\/i>Calf Reduction<\/li><li><i class=\"fas fa-badge-check\"><\/i>Rhinoplasty<\/li><li><i class=\"fas fa-badge-check\"><\/i>Blepharoplasty<\/li><li><i class=\"fas fa-badge-check\"><\/i>Brow Lift<\/li><li><i class=\"fas fa-badge-check\"><\/i>Canthoplasty<\/li><li><i class=\"fas fa-badge-check\"><\/i> Lip Lift\n<\/li><li><i class=\"fas fa-badge-check\"><\/i> Bichectomy<\/li><\/ul><\/div>\t\t<\/div>\n\t\t\t\t<\/div>\n\t\t\t\t\t<\/div>\n\t\t<\/div>\n\t\t\t\t\t<\/div>\n\t\t<\/section>\n\t\t\t\t<div class=\"elementor-element elementor-element-58b29cb elementor-widget elementor-widget-heading\" data-id=\"58b29cb\" data-element_type=\"widget\" data-widget_type=\"heading.default\">\n\t\t\t\t<div class=\"elementor-widget-container\">\n\t\t\t<h5 class=\"elementor-heading-title elementor-size-default\">Educational Qualification<\/h5>\t\t<\/div>\n\t\t\t\t<\/div>\n\t\t\t\t<div class=\"elementor-element elementor-element-bea24f9 elementor-widget elementor-widget-text-editor\" data-id=\"bea24f9\" data-element_type=\"widget\" data-widget_type=\"text-editor.default\">\n\t\t\t\t<div class=\"elementor-widget-container\">\n\t\t\t\t\t\t\t<ul><li>2008-2014: Istanbul University Istanbul Faculty of Medicine<\/li><li>2015-2019: Okmeydan\u0131 Training and Research Hospital ENT Clinic<\/li><\/ul>\t\t\t\t\t\t<\/div>\n\t\t\t\t<\/div>\n\t\t\t\t\t<\/div>\n\t\t<\/div>\n\t\t\t\t\t<\/div>\n\t\t<\/section>\n\t\t<div class=\"elementor-element elementor-element-9c25293 e-flex e-con-boxed e-con e-parent\" data-id=\"9c25293\" data-element_type=\"container\">\n\t\t\t\t\t<div class=\"e-con-inner\">\n\t\t\t\t<div class=\"elementor-element elementor-element-425034c elementor-widget elementor-widget-heading\" data-id=\"425034c\" data-element_type=\"widget\" data-widget_type=\"heading.default\">\n\t\t\t\t<div class=\"elementor-widget-container\">\n\t\t\t<h5 class=\"elementor-heading-title elementor-size-default\">Work Experience<\/h5>\t\t<\/div>\n\t\t\t\t<\/div>\n\t\t\t\t\t<\/div>\n\t\t\t\t<\/div>\n\t\t<div class=\"elementor-element elementor-element-80443e9 e-flex e-con-boxed e-con e-parent\" data-id=\"80443e9\" data-element_type=\"container\">\n\t\t\t\t\t<div class=\"e-con-inner\">\n\t\t\t\t<div class=\"elementor-element elementor-element-f928e7e elementor-widget elementor-widget-tragaexperience\" data-id=\"f928e7e\" data-element_type=\"widget\" data-widget_type=\"tragaexperience.default\">\n\t\t\t\t<div class=\"elementor-widget-container\">\n\t\t\t<div class=\"experience-box-wrap\"><div class=\"experience-box\"><span class=\"experience-box_num\">1st<\/span><h6 class=\"experience-box_title\">2014-2015: Corlu State Hospital<\/h6><p class=\"experience-box_text\">Ent Surgeron<\/p><\/div><div class=\"experience-box\"><span class=\"experience-box_num\">2st<\/span><h6 class=\"experience-box_title\">2015-2019: Okmeydan\u0131 Training and Research Hospital<\/h6><p class=\"experience-box_text\">Ent Surgeron<\/p><\/div><div class=\"experience-box\"><span class=\"experience-box_num\">3st<\/span><h6 class=\"experience-box_title\">2019-2021: Haseki Training and Research Hospital<\/h6><p class=\"experience-box_text\">Ent Surgeron<\/p><\/div><div class=\"experience-box\"><span class=\"experience-box_num\">4st<\/span><h6 class=\"experience-box_title\">2021-2022: Bak\u0131rk\u00f6y Dr. Sadi Konuk Training and Research Hospital<\/h6><p class=\"experience-box_text\">Ent Surgeron<\/p><\/div><div class=\"experience-box\"><span class=\"experience-box_num\">5st<\/span><h6 class=\"experience-box_title\">2022-: Private K\u00fc\u00e7\u00fck\u00e7ekmece Hospital \/ Grand Clinic<\/h6><p class=\"experience-box_text\">Ent Suergeron<\/p><\/div><\/div>\t\t<\/div>\n\t\t\t\t<\/div>\n\t\t\t\t\t<\/div>\n\t\t\t\t<\/div>\n\t\t<div class=\"elementor-element elementor-element-a088e62 e-con-full e-flex e-con e-parent\" data-id=\"a088e62\" data-element_type=\"container\">\n\t\t<div class=\"elementor-element elementor-element-402a6b8 e-con-full e-flex e-con e-child\" data-id=\"402a6b8\" data-element_type=\"container\" data-settings=\"{&quot;background_background&quot;:&quot;classic&quot;}\">\n\t\t<div class=\"elementor-element elementor-element-dd2cec7 e-con-full e-flex e-con e-child\" data-id=\"dd2cec7\" data-element_type=\"container\">\n\t\t\t\t<div class=\"elementor-element elementor-element-22fb0d7 elementor-widget__width-initial elementor-widget-tablet__width-initial ms-xl-0 ms-auto me-auto elementor-widget elementor-widget-tragasectiontitle\" data-id=\"22fb0d7\" data-element_type=\"widget\" data-widget_type=\"tragasectiontitle.default\">\n\t\t\t\t<div class=\"elementor-widget-container\">\n\t\t\t<div class=\"title-area-wrap\"><div class=\"title-area mb-35\" ><div class=\"shadow-title\">Lest's Consultation<\/div><h2 class=\"sec-title title-selector\">We're here to help!  <span class=\"text-theme\"><\/span><\/h2><\/div><p class=\"desc-selector mt-n2 mb-4\">Grand Clinic team will help you get detailed information about the treatments you request.<\/p><\/div>\t\t<\/div>\n\t\t\t\t<\/div>\n\t\t\t\t<div class=\"elementor-element elementor-element-7e96530 elementor-widget__width-initial ms-xl-0 ms-auto me-auto elementor-widget elementor-widget-tragacontactinfo\" data-id=\"7e96530\" data-element_type=\"widget\" data-widget_type=\"tragacontactinfo.default\">\n\t\t\t\t<div class=\"elementor-widget-container\">\n\t\t\t<div class=\"widget footer-widget\"><h3 class=\"widget_title\">CONTACT US<\/h3><div class=\"th-widget-contact\"><div class=\"contact-feature\"><div class=\"icon-btn\"><i class=\"fas fa-phone\"><\/i><\/div><div class=\"media-body\"><p class=\"contact-feature_label\">Call Us On:<\/p><a class=\"contact-feature_link\" href=\"tel:+90531464763\">+90 531 46 47 63<\/a><\/div><\/div><div class=\"contact-feature\"><div class=\"icon-btn\"><i class=\"fas fa-envelope\"><\/i><\/div><div class=\"media-body\"><p class=\"contact-feature_label\">Quick Mail Us:<\/p><a class=\"contact-feature_link\" href=\"mailto:info@clinicgrand.com\">info@clinicgrand.com<\/a><\/div><\/div><div class=\"contact-feature\"><div class=\"icon-btn\"><i class=\"fa-light fa-location-dot icon-btn\"><\/i><\/div><div class=\"media-body\"><p class=\"contact-feature_label\">Location:<\/p><a class=\"contact-feature_link\" href=\"https:\/\/www.google.com\/maps\">Yeni Mahalle, \u0130n\u00f6n\u00fc Cd., No: 140, 34290, K\u00fc\u00e7\u00fck\u00e7ekmece\/\u0130stanbul,Turkey<\/a><\/div><\/div><\/div><\/div>\t\t<\/div>\n\t\t\t\t<\/div>\n\t\t\t\t<\/div>\n\t\t<div class=\"elementor-element elementor-element-245fe6f e-con-full e-flex e-con e-child\" data-id=\"245fe6f\" data-element_type=\"container\">\n\t\t\t\t<div class=\"elementor-element elementor-element-3d7bd8c elementor-widget__width-initial elementor-widget-mobile__width-inherit elementor-widget elementor-widget-tragacontactus\" data-id=\"3d7bd8c\" data-element_type=\"widget\" data-widget_type=\"tragacontactus.default\">\n\t\t\t\t<div class=\"elementor-widget-container\">\n\t\t\t<div><h3 class=\"h4 mt-n2 mb-30 text-center\">Request Call Back<\/h3>\n<div class=\"wpcf7 no-js\" id=\"wpcf7-f3181-o1\" lang=\"en-US\" dir=\"ltr\">\n<div class=\"screen-reader-response\"><p role=\"status\" aria-live=\"polite\" aria-atomic=\"true\"><\/p> <ul><\/ul><\/div>\n<form action=\"\/it\/wp-json\/wp\/v2\/pages\/5652#wpcf7-f3181-o1\" method=\"post\" class=\"wpcf7-form init\" aria-label=\"Contact form\" novalidate=\"novalidate\" data-status=\"init\">\n<div style=\"display: none;\">\n<input type=\"hidden\" name=\"_wpcf7\" value=\"3181\" \/>\n<input type=\"hidden\" name=\"_wpcf7_version\" value=\"5.9.7\" \/>\n<input type=\"hidden\" name=\"_wpcf7_locale\" value=\"en_US\" \/>\n<input type=\"hidden\" name=\"_wpcf7_unit_tag\" value=\"wpcf7-f3181-o1\" \/>\n<input type=\"hidden\" name=\"_wpcf7_container_post\" value=\"0\" \/>\n<input type=\"hidden\" name=\"_wpcf7_posted_data_hash\" value=\"\" \/>\n<\/div>\n<div class=\"appoitment-form\">\n\t<div class=\"row\">\n\t\t<div class=\"form-group col-sm-6\">\n                      <span class=\"wpcf7-form-control-wrap\" data-name=\"text-82\"><input size=\"40\" maxlength=\"400\" class=\"wpcf7-form-control wpcf7-text wpcf7-validates-as-required form-control\" aria-required=\"true\" aria-invalid=\"false\" placeholder=\"Enter Your Name\" value=\"\" type=\"text\" name=\"text-82\" \/><\/span>\n\t\t<\/div>\n\t\t<div class=\"form-group col-sm-6\">\n\t\t\t<span class=\"wpcf7-form-control-wrap\" data-name=\"your-email\"><input size=\"40\" maxlength=\"400\" class=\"wpcf7-form-control wpcf7-email wpcf7-validates-as-required wpcf7-text wpcf7-validates-as-email form-control\" aria-required=\"true\" aria-invalid=\"false\" placeholder=\"Enter Your Email\" value=\"\" type=\"email\" name=\"your-email\" \/><\/span>\n\t\t<\/div>\n\t\t<div class=\"form-group col-sm-6\">\n\n                        <span class=\"wpcf7-form-control-wrap\" data-name=\"menu-375\"><select class=\"wpcf7-form-control wpcf7-select wpcf7-validates-as-required form-select\" aria-required=\"true\" aria-invalid=\"false\" name=\"menu-375\"><option value=\"Surgery Category\">Surgery Category<\/option><option value=\"Plastic Surgery\">Plastic Surgery<\/option><option value=\"Rhinoplasty\">Rhinoplasty<\/option><option value=\"Hair Transplant\">Hair Transplant<\/option><option value=\"Dental Care\">Dental Care<\/option><option value=\"Obesity Surgery\">Obesity Surgery<\/option><option value=\"Other\">Other<\/option><\/select><\/span>\n\t\t<\/div>\n\t\t<div class=\"form-group col-sm-6\">\n                        <span class=\"wpcf7-form-control-wrap\" data-name=\"tel-378\"><input size=\"40\" maxlength=\"400\" class=\"wpcf7-form-control wpcf7-tel wpcf7-validates-as-required wpcf7-text wpcf7-validates-as-tel form-control\" aria-required=\"true\" aria-invalid=\"false\" placeholder=\"Phone Number\" value=\"\" type=\"tel\" name=\"tel-378\" \/><\/span>\n\t\t<\/div>\n\t\t<div class=\"form-group col-12\">\n                        <span class=\"wpcf7-form-control-wrap\" data-name=\"textarea-783\"><textarea cols=\"40\" rows=\"10\" maxlength=\"2000\" class=\"wpcf7-form-control wpcf7-textarea form-control\" aria-invalid=\"false\" placeholder=\"Write Your Message\" name=\"textarea-783\"><\/textarea><\/span>\n\t\t<\/div>\n\t\t<div class=\"form-btn col-12\">\n                        <button class=\"th-btn w-100 wpcf7\">MAKE AN APPOINTMENT<\/button>\n\t\t<\/div>\n\t<\/div>\n<\/div><div class=\"wpcf7-response-output\" aria-hidden=\"true\"><\/div>\n<\/form>\n<\/div>\n<\/div>\t\t<\/div>\n\t\t\t\t<\/div>\n\t\t\t\t<\/div>\n\t\t\t\t<\/div>\n\t\t\t\t<\/div>\n\t\t\t\t<\/div>\n\t\t","protected":false},"excerpt":{"rendered":"<p>Op.Dr. Onur \u00dcst\u00fcn Ent Surgeon Grand Clinic offers a variety of plastic procedures in a hospital environment that adopts the latest and most up-to-date medical approaches. We also perform aesthetic, dental and hair transplant treatments with our professional doctors and expert staff. For this reason, we offer our patients the most advanced professional expertise, along&#8230;<\/p>\n","protected":false},"author":1,"featured_media":0,"parent":0,"menu_order":0,"comment_status":"closed","ping_status":"closed","template":"","meta":{"_siteseo_robots_primary_cat":"","_uag_custom_page_level_css":"","_monsterinsights_skip_tracking":false,"_monsterinsights_sitenote_active":false,"_monsterinsights_sitenote_note":"","_monsterinsights_sitenote_category":0,"footnotes":""},"class_list":["post-5652","page","type-page","status-publish","hentry"],"aioseo_notices":[],"uagb_featured_image_src":{"full":false,"thumbnail":false,"medium":false,"medium_large":false,"large":false,"nd_cc_image_size_1110_570":false,"nd_cc_image_size_720_720":false,"webteck_80X80":false,"webteck_391X250":false,"webteck_140X140":false,"1536x1536":false,"2048x2048":false,"webteck-shop-single":false,"webteck-shop-single-small-image":false,"woocommerce_thumbnail":false,"woocommerce_single":false,"woocommerce_gallery_thumbnail":false,"wpvr_mobile":false,"woosq":false},"uagb_author_info":{"display_name":"grandadmin","author_link":"http:\/\/www.clinicgrand.com\/it\/author\/grandadmin\/"},"uagb_comment_info":0,"uagb_excerpt":"Op.Dr. Onur \u00dcst\u00fcn Ent Surgeon Grand Clinic offers a variety of plastic procedures in a hospital environment that adopts the latest and most up-to-date medical approaches. We also perform aesthetic, dental and hair transplant treatments with our professional doctors and expert staff. For this reason, we offer our patients the most advanced professional expertise, along...","_links":{"self":[{"href":"http:\/\/www.clinicgrand.com\/it\/wp-json\/wp\/v2\/pages\/5652","targetHints":{"allow":["GET"]}}],"collection":[{"href":"http:\/\/www.clinicgrand.com\/it\/wp-json\/wp\/v2\/pages"}],"about":[{"href":"http:\/\/www.clinicgrand.com\/it\/wp-json\/wp\/v2\/types\/page"}],"author":[{"embeddable":true,"href":"http:\/\/www.clinicgrand.com\/it\/wp-json\/wp\/v2\/users\/1"}],"replies":[{"embeddable":true,"href":"http:\/\/www.clinicgrand.com\/it\/wp-json\/wp\/v2\/comments?post=5652"}],"version-history":[{"count":0,"href":"http:\/\/www.clinicgrand.com\/it\/wp-json\/wp\/v2\/pages\/5652\/revisions"}],"wp:attachment":[{"href":"http:\/\/www.clinicgrand.com\/it\/wp-json\/wp\/v2\/media?parent=5652"}],"curies":[{"name":"wp","href":"https:\/\/api.w.org\/{rel}","templated":true}]}}